{"id":403044,"date":"2026-04-05T14:48:49","date_gmt":"2026-04-05T12:48:49","guid":{"rendered":"https:\/\/bogensportdiscount.ch\/produkt\/olympic-recurve-tab-saker-plus-cordovan-rh-small\/"},"modified":"2026-04-17T19:13:05","modified_gmt":"2026-04-17T17:13:05","slug":"fivics-olympic-recurve-tab-saker-plus-cordovan","status":"publish","type":"product","link":"https:\/\/bogensportdiscount.ch\/fr\/produit\/fivics-olympic-recurve-tab-saker-plus-cordovan\/","title":{"rendered":"FIVICS OLYMPIC RECURVE TAB SAKER PLUS CORDOVAN"},"content":{"rendered":"<p>Der FIVICS Saker Plus ist ein Olympic-Recurve-Tab mit Cordovan-Oberfl\u00e4che. Cordovan ist ein strapazierf\u00e4higes Leder, das f\u00fcr eine gleichm\u00e4ssige Sehnenf\u00fchrung und ein konsistentes Abzugsgef\u00fchl bekannt ist \u2014 wichtige Eigenschaften f\u00fcr pr\u00e4zises Schiessen im Recurve-Bereich.<\/p>\n<p>Der Tab ist sowohl f\u00fcr Rechts- als auch f\u00fcr Linkshand erh\u00e4ltlich und in drei Gr\u00f6ssen (S, M, L) lieferbar, um eine gute Passform f\u00fcr unterschiedliche Handgr\u00f6ssen zu gew\u00e4hrleisten.<\/p>\n<ul>\n<li>Cordovan-Oberfl\u00e4che f\u00fcr gleichm\u00e4ssige Sehnenf\u00fchrung<\/li>\n<li>Erh\u00e4ltlich f\u00fcr Rechts- und Linkshand<\/li>\n<li>Gr\u00f6ssen S, M und L verf\u00fcgbar<\/li>\n<li>Hergestellt in S\u00fcdkorea<\/li>\n<\/ul>","protected":false},"excerpt":{"rendered":"<p>Der FIVICS Saker Plus Tab aus Cordovan-Leder ist ein hochwertiger Fingerschutz f\u00fcr den Olympic-Recurve-Bogensport. Erh\u00e4ltlich f\u00fcr Rechts- und Linkshand in den Gr\u00f6ssen S, M und L. Hergestellt in S\u00fcdkorea.<\/p>","protected":false},"featured_media":450364,"comment_status":"open","ping_status":"closed","template":"","meta":[],"product_brand":[429],"product_cat":[4441],"product_tag":[],"class_list":{"0":"post-403044","1":"product","2":"type-product","3":"status-publish","4":"has-post-thumbnail","6":"product_brand-fivics","7":"product_cat-olympic-recurve-tabs-finger-tabs-handschuhe","9":"first","10":"instock","11":"shipping-taxable","12":"purchasable","13":"product-type-variable"},"_links":{"self":[{"href":"https:\/\/bogensportdiscount.ch\/fr\/wp-json\/wp\/v2\/product\/403044","targetHints":{"allow":["GET"]}}],"collection":[{"href":"https:\/\/bogensportdiscount.ch\/fr\/wp-json\/wp\/v2\/product"}],"about":[{"href":"https:\/\/bogensportdiscount.ch\/fr\/wp-json\/wp\/v2\/types\/product"}],"replies":[{"embeddable":true,"href":"https:\/\/bogensportdiscount.ch\/fr\/wp-json\/wp\/v2\/comments?post=403044"}],"wp:featuredmedia":[{"embeddable":true,"href":"https:\/\/bogensportdiscount.ch\/fr\/wp-json\/wp\/v2\/media\/450364"}],"wp:attachment":[{"href":"https:\/\/bogensportdiscount.ch\/fr\/wp-json\/wp\/v2\/media?parent=403044"}],"wp:term":[{"taxonomy":"product_brand","embeddable":true,"href":"https:\/\/bogensportdiscount.ch\/fr\/wp-json\/wp\/v2\/product_brand?post=403044"},{"taxonomy":"product_cat","embeddable":true,"href":"https:\/\/bogensportdiscount.ch\/fr\/wp-json\/wp\/v2\/product_cat?post=403044"},{"taxonomy":"product_tag","embeddable":true,"href":"https:\/\/bogensportdiscount.ch\/fr\/wp-json\/wp\/v2\/product_tag?post=403044"}],"curies":[{"name":"wp","href":"https:\/\/api.w.org\/{rel}","templated":true}]}}