{"id":403031,"date":"2026-04-05T14:48:48","date_gmt":"2026-04-05T12:48:48","guid":{"rendered":"https:\/\/bogensportdiscount.ch\/produkt\/olympic-recurve-tab-saker-2-cordovan-rh-x-large-black\/"},"modified":"2026-04-17T19:13:05","modified_gmt":"2026-04-17T17:13:05","slug":"fivics-olympic-recurve-tab-saker-2-cordovan","status":"publish","type":"product","link":"https:\/\/bogensportdiscount.ch\/fr\/produit\/fivics-olympic-recurve-tab-saker-2-cordovan\/","title":{"rendered":"FIVICS OLYMPIC RECURVE TAB SAKER 2 CORDOVAN"},"content":{"rendered":"<p>Der FIVICS Saker 2 Cordovan Tab ist ein Fingerschutz f\u00fcr Olympic-Recurve-Bogensch\u00fctzen. Das Cordovan-Leder zeichnet sich durch seine Langlebigkeit und angenehme Haptik aus und bietet eine zuverl\u00e4ssige Schutzfunktion beim Abziehen der Sehne.<\/p>\n<p>Der Tab ist in den Gr\u00f6ssen S, M, L und XL erh\u00e4ltlich und wird sowohl f\u00fcr Rechts- als auch f\u00fcr Linkssch\u00fctzen angeboten. Die Auswahl an Farben erm\u00f6glicht eine individuelle Anpassung an die pers\u00f6nlichen Vorlieben des Sch\u00fctzen.<\/p>\n<ul>\n<li>Cordovan-Leder f\u00fcr langlebigen Fingerschutz<\/li>\n<li>Geeignet f\u00fcr Links- und Rechtssch\u00fctzen<\/li>\n<li>Erh\u00e4ltlich in den Gr\u00f6ssen S, M, L und XL<\/li>\n<li>Mehrere Farbvarianten verf\u00fcgbar<\/li>\n<\/ul>","protected":false},"excerpt":{"rendered":"<p>Der FIVICS Saker 2 Cordovan ist ein hochwertiger Schiesshandschuh-Tab f\u00fcr das Olympic-Recurve-Bogenschiessen. Er ist in den Gr\u00f6ssen S, M, L und XL sowie f\u00fcr Links- und Rechtssch\u00fctzen erh\u00e4ltlich. Das Modell ist in mehreren Farben verf\u00fcgbar und besteht aus Cordovan-Leder.<\/p>","protected":false},"featured_media":450363,"comment_status":"open","ping_status":"closed","template":"","meta":[],"product_brand":[429],"product_cat":[4441],"product_tag":[],"class_list":{"0":"post-403031","1":"product","2":"type-product","3":"status-publish","4":"has-post-thumbnail","6":"product_brand-fivics","7":"product_cat-olympic-recurve-tabs-finger-tabs-handschuhe","9":"first","10":"instock","11":"shipping-taxable","12":"purchasable","13":"product-type-variable"},"_links":{"self":[{"href":"https:\/\/bogensportdiscount.ch\/fr\/wp-json\/wp\/v2\/product\/403031","targetHints":{"allow":["GET"]}}],"collection":[{"href":"https:\/\/bogensportdiscount.ch\/fr\/wp-json\/wp\/v2\/product"}],"about":[{"href":"https:\/\/bogensportdiscount.ch\/fr\/wp-json\/wp\/v2\/types\/product"}],"replies":[{"embeddable":true,"href":"https:\/\/bogensportdiscount.ch\/fr\/wp-json\/wp\/v2\/comments?post=403031"}],"wp:featuredmedia":[{"embeddable":true,"href":"https:\/\/bogensportdiscount.ch\/fr\/wp-json\/wp\/v2\/media\/450363"}],"wp:attachment":[{"href":"https:\/\/bogensportdiscount.ch\/fr\/wp-json\/wp\/v2\/media?parent=403031"}],"wp:term":[{"taxonomy":"product_brand","embeddable":true,"href":"https:\/\/bogensportdiscount.ch\/fr\/wp-json\/wp\/v2\/product_brand?post=403031"},{"taxonomy":"product_cat","embeddable":true,"href":"https:\/\/bogensportdiscount.ch\/fr\/wp-json\/wp\/v2\/product_cat?post=403031"},{"taxonomy":"product_tag","embeddable":true,"href":"https:\/\/bogensportdiscount.ch\/fr\/wp-json\/wp\/v2\/product_tag?post=403031"}],"curies":[{"name":"wp","href":"https:\/\/api.w.org\/{rel}","templated":true}]}}