{"id":402975,"date":"2026-04-05T14:48:40","date_gmt":"2026-04-05T12:48:40","guid":{"rendered":"https:\/\/bogensportdiscount.ch\/produkt\/hunting-3d-sights-fast-eddie-xl-mrt-1-pin-010-micro-rh-black\/"},"modified":"2026-04-15T12:48:00","modified_gmt":"2026-04-15T10:48:00","slug":"spothogg-compound-jagd-3d-visier-fast-eddie-xl-mrt-1-pin","status":"publish","type":"product","link":"https:\/\/bogensportdiscount.ch\/fr\/produit\/spothogg-compound-jagd-3d-visier-fast-eddie-xl-mrt-1-pin\/","title":{"rendered":"SPOTHOGG HUNTING &amp; 3D SIGHTS FAST EDDIE XL MRT \/ 1 PIN"},"content":{"rendered":"<p>Das Spothogg Fast Eddie XL MRT 1-Pin ist ein Compound-Visier, das speziell f\u00fcr den Einsatz bei der Jagd und im 3D-Bogensport entwickelt wurde. Der einzelne Pin erm\u00f6glicht eine uneingeschr\u00e4nkte Sicht auf das Ziel und l\u00e4sst sich pr\u00e4zise einstellen.<\/p>\n<p>Das Visier ist f\u00fcr Links- und Rechtshandsch\u00fctzen erh\u00e4ltlich und wird in zwei Fadenst\u00e4rken angeboten: .010&#8243; f\u00fcr ein feineres Zielangebot und .019&#8243; f\u00fcr bessere Sichtbarkeit bei schlechten Lichtverh\u00e4ltnissen.<\/p>\n<ul>\n<li>1-Pin-Visier f\u00fcr klare Zielsicht<\/li>\n<li>Geeignet f\u00fcr Jagd und 3D-Bogensport<\/li>\n<li>F\u00fcr Links- und Rechtshandsch\u00fctzen verf\u00fcgbar<\/li>\n<li>Fadenst\u00e4rken .010&#8243; und .019&#8243; w\u00e4hlbar<\/li>\n<\/ul>","protected":false},"excerpt":{"rendered":"<p>Das Spothogg Fast Eddie XL MRT ist ein Compound-Visier f\u00fcr Jagd und 3D-Bogensport mit einem einzelnen Pin. Erh\u00e4ltlich in den Fadenst\u00e4rken .010&#8243; und .019&#8243;, wahlweise f\u00fcr Links- oder Rechtshand. Hergestellt in den USA.<\/p>","protected":false},"featured_media":450353,"comment_status":"open","ping_status":"closed","template":"","meta":[],"product_brand":[538],"product_cat":[4263],"product_tag":[],"class_list":{"0":"post-402975","1":"product","2":"type-product","3":"status-publish","4":"has-post-thumbnail","6":"product_brand-spothogg","7":"product_cat-jagd-und-3d-visiere","9":"first","10":"instock","11":"shipping-taxable","12":"purchasable","13":"product-type-variable"},"_links":{"self":[{"href":"https:\/\/bogensportdiscount.ch\/fr\/wp-json\/wp\/v2\/product\/402975","targetHints":{"allow":["GET"]}}],"collection":[{"href":"https:\/\/bogensportdiscount.ch\/fr\/wp-json\/wp\/v2\/product"}],"about":[{"href":"https:\/\/bogensportdiscount.ch\/fr\/wp-json\/wp\/v2\/types\/product"}],"replies":[{"embeddable":true,"href":"https:\/\/bogensportdiscount.ch\/fr\/wp-json\/wp\/v2\/comments?post=402975"}],"wp:featuredmedia":[{"embeddable":true,"href":"https:\/\/bogensportdiscount.ch\/fr\/wp-json\/wp\/v2\/media\/450353"}],"wp:attachment":[{"href":"https:\/\/bogensportdiscount.ch\/fr\/wp-json\/wp\/v2\/media?parent=402975"}],"wp:term":[{"taxonomy":"product_brand","embeddable":true,"href":"https:\/\/bogensportdiscount.ch\/fr\/wp-json\/wp\/v2\/product_brand?post=402975"},{"taxonomy":"product_cat","embeddable":true,"href":"https:\/\/bogensportdiscount.ch\/fr\/wp-json\/wp\/v2\/product_cat?post=402975"},{"taxonomy":"product_tag","embeddable":true,"href":"https:\/\/bogensportdiscount.ch\/fr\/wp-json\/wp\/v2\/product_tag?post=402975"}],"curies":[{"name":"wp","href":"https:\/\/api.w.org\/{rel}","templated":true}]}}