{"id":402968,"date":"2026-04-05T14:48:39","date_gmt":"2026-04-05T12:48:39","guid":{"rendered":"https:\/\/bogensportdiscount.ch\/produkt\/hunting-3d-sights-tundra-rh-lh-3pin-black\/"},"modified":"2026-04-23T15:42:03","modified_gmt":"2026-04-23T13:42:03","slug":"apexgear-compound-jagd-3d-visier-tundra-3-pin-schwarz","status":"publish","type":"product","link":"https:\/\/bogensportdiscount.ch\/fr\/produit\/apexgear-compound-jagd-3d-visier-tundra-3-pin-schwarz\/","title":{"rendered":"APEXGEAR JAGD &amp; 3D VISIERE TUNDRA \/ RH\/LH \/ 3PIN \/"},"content":{"rendered":"<p>Das APEXGEAR Tundra ist ein Compound-Visier aus der Jagd- und 3D-Linie von Apex Gear. Die Ausf\u00fchrung mit 3 Pins eignet sich f\u00fcr verschiedene Distanzen und ist sowohl f\u00fcr Rechts- als auch f\u00fcr Linkssch\u00fctzen (RH\/LH) konzipiert.<\/p>\n<p>Das Visier ist in Schwarz gehalten und passt damit optisch zu g\u00e4ngigen Compound-B\u00f6gen im Jagd- und 3D-Bereich. Es ist f\u00fcr den Einsatz in der Natur sowie auf 3D-Parcours ausgelegt.<\/p>\n<ul>\n<li>Configuration \u00e0 3 pins pour diff\u00e9rentes distances<\/li>\n<li>Convient pour tireurs droitiers et gauchers<\/li>\n<li>Couleur : Noir<\/li>\n<li>Einsatz bei Jagd und 3D-Bogensport<\/li>\n<\/ul>","protected":false},"excerpt":{"rendered":"<p>Das APEXGEAR Tundra ist ein Compound-Visier f\u00fcr Jagd und 3D-Bogenschiessen, geeignet f\u00fcr Rechts- und Linkssch\u00fctzen. Es verf\u00fcgt \u00fcber 3 Pins und ist in Schwarz gehalten.<\/p>","protected":false},"featured_media":450351,"comment_status":"open","ping_status":"closed","template":"","meta":[],"product_brand":[561],"product_cat":[4263],"product_tag":[],"class_list":{"0":"post-402968","1":"product","2":"type-product","3":"status-publish","4":"has-post-thumbnail","6":"product_brand-apexgear","7":"product_cat-jagd-und-3d-visiere","8":"product_shipping_class-bsd-standard","10":"first","11":"instock","12":"shipping-taxable","13":"purchasable","14":"product-type-variable"},"yoast_head":"<!-- This site is optimized with the Yoast SEO plugin v27.4 - https:\/\/yoast.com\/product\/yoast-seo-wordpress\/ -->\n<title>APEXGEAR VIS\u00c9ES DE CHASSE ET 3D TUNDRA \/ DROITE\/GAUCHE \/ 3 BROCHES \/ - Bogensportdiscount \u2013 Arcs, fl\u00e8ches, cibles et accessoires<\/title>\n<meta name=\"description\" content=\"APEXGEAR JAGD &amp; 3D VISIERE TUNDRA \/ RH\/LH \/ 3PIN \/ \u00e0 prix avantageux chez Bogensportdiscount \u2013 Grandes marques, livraison rapide depuis la Suisse.\" \/>\n<meta name=\"robots\" content=\"index, follow, max-snippet:-1, max-image-preview:large, max-video-preview:-1\" \/>\n<link rel=\"canonical\" href=\"https:\/\/bogensportdiscount.ch\/fr\/produit\/apexgear-compound-jagd-3d-visier-tundra-3-pin-schwarz\/\" \/>\n<meta property=\"og:locale\" content=\"fr_FR\" \/>\n<meta property=\"og:type\" content=\"article\" \/>\n<meta property=\"og:title\" content=\"APEXGEAR VIS\u00c9ES DE CHASSE ET 3D TUNDRA \/ DROITE\/GAUCHE \/ 3 BROCHES \/ - Bogensportdiscount \u2013 Arcs, fl\u00e8ches, cibles et accessoires\" \/>\n<meta property=\"og:description\" content=\"APEXGEAR JAGD &amp; 3D VISIERE TUNDRA \/ RH\/LH \/ 3PIN \/ \u00e0 prix avantageux chez Bogensportdiscount \u2013 Grandes marques, livraison rapide depuis la Suisse.\" \/>\n<meta property=\"og:url\" content=\"https:\/\/bogensportdiscount.ch\/fr\/produit\/apexgear-compound-jagd-3d-visier-tundra-3-pin-schwarz\/\" \/>\n<meta property=\"og:site_name\" content=\"Bogensportdiscount \u2013 B\u00f6gen, Pfeile, Targets &amp; Zubeh\u00f6r\" \/>\n<meta property=\"article:modified_time\" content=\"2026-04-23T13:42:03+00:00\" \/>\n<meta property=\"og:image\" content=\"https:\/\/bogensportdiscount.ch\/wp-content\/uploads\/bsm-images\/A034202_1.png\" \/>\n\t<meta property=\"og:image:width\" content=\"802\" \/>\n\t<meta property=\"og:image:height\" content=\"498\" \/>\n\t<meta property=\"og:image:type\" content=\"image\/png\" \/>\n<meta name=\"twitter:card\" content=\"summary_large_image\" \/>\n<script type=\"application\/ld+json\" class=\"yoast-schema-graph\">{\"@context\":\"https:\\\/\\\/schema.org\",\"@graph\":[{\"@type\":\"WebPage\",\"@id\":\"https:\\\/\\\/bogensportdiscount.ch\\\/produkt\\\/apexgear-compound-jagd-3d-visier-tundra-3-pin-schwarz\\\/\",\"url\":\"https:\\\/\\\/bogensportdiscount.ch\\\/produkt\\\/apexgear-compound-jagd-3d-visier-tundra-3-pin-schwarz\\\/\",\"name\":\"APEXGEAR JAGD &amp; 3D VISIERE TUNDRA \\\/ RH\\\/LH \\\/ 3PIN \\\/ - Bogensportdiscount \u2013 B\u00f6gen, Pfeile, Targets &amp; Zubeh\u00f6r\",\"isPartOf\":{\"@id\":\"https:\\\/\\\/bogensportdiscount.ch\\\/#website\"},\"primaryImageOfPage\":{\"@id\":\"https:\\\/\\\/bogensportdiscount.ch\\\/produkt\\\/apexgear-compound-jagd-3d-visier-tundra-3-pin-schwarz\\\/#primaryimage\"},\"image\":{\"@id\":\"https:\\\/\\\/bogensportdiscount.ch\\\/produkt\\\/apexgear-compound-jagd-3d-visier-tundra-3-pin-schwarz\\\/#primaryimage\"},\"thumbnailUrl\":\"https:\\\/\\\/bogensportdiscount.ch\\\/wp-content\\\/uploads\\\/bsm-images\\\/A034202_1.png\",\"datePublished\":\"2026-04-05T12:48:39+00:00\",\"dateModified\":\"2026-04-23T13:42:03+00:00\",\"description\":\"APEXGEAR JAGD &amp; 3D VISIERE TUNDRA \\\/ RH\\\/LH \\\/ 3PIN \\\/ g\u00fcnstig kaufen bei Bogensportdiscount \u2013 Top-Marken, schneller Versand aus der Schweiz.\",\"breadcrumb\":{\"@id\":\"https:\\\/\\\/bogensportdiscount.ch\\\/produkt\\\/apexgear-compound-jagd-3d-visier-tundra-3-pin-schwarz\\\/#breadcrumb\"},\"inLanguage\":\"fr-FR\",\"potentialAction\":[{\"@type\":\"ReadAction\",\"target\":[\"https:\\\/\\\/bogensportdiscount.ch\\\/produkt\\\/apexgear-compound-jagd-3d-visier-tundra-3-pin-schwarz\\\/\"]}]},{\"@type\":\"ImageObject\",\"inLanguage\":\"fr-FR\",\"@id\":\"https:\\\/\\\/bogensportdiscount.ch\\\/produkt\\\/apexgear-compound-jagd-3d-visier-tundra-3-pin-schwarz\\\/#primaryimage\",\"url\":\"https:\\\/\\\/bogensportdiscount.ch\\\/wp-content\\\/uploads\\\/bsm-images\\\/A034202_1.png\",\"contentUrl\":\"https:\\\/\\\/bogensportdiscount.ch\\\/wp-content\\\/uploads\\\/bsm-images\\\/A034202_1.png\",\"width\":802,\"height\":498},{\"@type\":\"BreadcrumbList\",\"@id\":\"https:\\\/\\\/bogensportdiscount.ch\\\/produkt\\\/apexgear-compound-jagd-3d-visier-tundra-3-pin-schwarz\\\/#breadcrumb\",\"itemListElement\":[{\"@type\":\"ListItem\",\"position\":1,\"name\":\"Home\",\"item\":\"https:\\\/\\\/bogensportdiscount.ch\\\/\"},{\"@type\":\"ListItem\",\"position\":2,\"name\":\"Shop\",\"item\":\"https:\\\/\\\/bogensportdiscount.ch\\\/shop\\\/\"},{\"@type\":\"ListItem\",\"position\":3,\"name\":\"APEXGEAR JAGD &amp; 3D VISIERE TUNDRA \\\/ RH\\\/LH \\\/ 3PIN \\\/\"}]},{\"@type\":\"WebSite\",\"@id\":\"https:\\\/\\\/bogensportdiscount.ch\\\/#website\",\"url\":\"https:\\\/\\\/bogensportdiscount.ch\\\/\",\"name\":\"Bogensportdiscount\",\"description\":\"\",\"potentialAction\":[{\"@type\":\"SearchAction\",\"target\":{\"@type\":\"EntryPoint\",\"urlTemplate\":\"https:\\\/\\\/bogensportdiscount.ch\\\/?s={search_term_string}\"},\"query-input\":{\"@type\":\"PropertyValueSpecification\",\"valueRequired\":true,\"valueName\":\"search_term_string\"}}],\"inLanguage\":\"fr-FR\"}]}<\/script>\n<!-- \/ Yoast SEO plugin. -->","yoast_head_json":{"title":"APEXGEAR VIS\u00c9ES DE CHASSE ET 3D TUNDRA \/ DROITE\/GAUCHE \/ 3 BROCHES \/ - Bogensportdiscount \u2013 Arcs, fl\u00e8ches, cibles et accessoires","description":"APEXGEAR JAGD &amp; 3D VISIERE TUNDRA \/ RH\/LH \/ 3PIN \/ \u00e0 prix avantageux chez Bogensportdiscount \u2013 Grandes marques, livraison rapide depuis la Suisse.","robots":{"index":"index","follow":"follow","max-snippet":"max-snippet:-1","max-image-preview":"max-image-preview:large","max-video-preview":"max-video-preview:-1"},"canonical":"https:\/\/bogensportdiscount.ch\/fr\/produit\/apexgear-compound-jagd-3d-visier-tundra-3-pin-schwarz\/","og_locale":"fr_FR","og_type":"article","og_title":"APEXGEAR VIS\u00c9ES DE CHASSE ET 3D TUNDRA \/ DROITE\/GAUCHE \/ 3 BROCHES \/ - Bogensportdiscount \u2013 Arcs, fl\u00e8ches, cibles et accessoires","og_description":"APEXGEAR JAGD &amp; 3D VISIERE TUNDRA \/ RH\/LH \/ 3PIN \/ \u00e0 prix avantageux chez Bogensportdiscount \u2013 Grandes marques, livraison rapide depuis la Suisse.","og_url":"https:\/\/bogensportdiscount.ch\/fr\/produit\/apexgear-compound-jagd-3d-visier-tundra-3-pin-schwarz\/","og_site_name":"Bogensportdiscount \u2013 B\u00f6gen, Pfeile, Targets &amp; Zubeh\u00f6r","article_modified_time":"2026-04-23T13:42:03+00:00","og_image":[{"width":802,"height":498,"url":"https:\/\/bogensportdiscount.ch\/wp-content\/uploads\/bsm-images\/A034202_1.png","type":"image\/png"}],"twitter_card":"summary_large_image","schema":{"@context":"https:\/\/schema.org","@graph":[{"@type":"WebPage","@id":"https:\/\/bogensportdiscount.ch\/produkt\/apexgear-compound-jagd-3d-visier-tundra-3-pin-schwarz\/","url":"https:\/\/bogensportdiscount.ch\/produkt\/apexgear-compound-jagd-3d-visier-tundra-3-pin-schwarz\/","name":"APEXGEAR VIS\u00c9ES DE CHASSE ET 3D TUNDRA \/ DROITE\/GAUCHE \/ 3 BROCHES \/ - Bogensportdiscount \u2013 Arcs, fl\u00e8ches, cibles et accessoires","isPartOf":{"@id":"https:\/\/bogensportdiscount.ch\/#website"},"primaryImageOfPage":{"@id":"https:\/\/bogensportdiscount.ch\/produkt\/apexgear-compound-jagd-3d-visier-tundra-3-pin-schwarz\/#primaryimage"},"image":{"@id":"https:\/\/bogensportdiscount.ch\/produkt\/apexgear-compound-jagd-3d-visier-tundra-3-pin-schwarz\/#primaryimage"},"thumbnailUrl":"https:\/\/bogensportdiscount.ch\/wp-content\/uploads\/bsm-images\/A034202_1.png","datePublished":"2026-04-05T12:48:39+00:00","dateModified":"2026-04-23T13:42:03+00:00","description":"APEXGEAR JAGD &amp; 3D VISIERE TUNDRA \/ RH\/LH \/ 3PIN \/ \u00e0 prix avantageux chez Bogensportdiscount \u2013 Grandes marques, livraison rapide depuis la Suisse.","breadcrumb":{"@id":"https:\/\/bogensportdiscount.ch\/produkt\/apexgear-compound-jagd-3d-visier-tundra-3-pin-schwarz\/#breadcrumb"},"inLanguage":"fr-FR","potentialAction":[{"@type":"ReadAction","target":["https:\/\/bogensportdiscount.ch\/produkt\/apexgear-compound-jagd-3d-visier-tundra-3-pin-schwarz\/"]}]},{"@type":"ImageObject","inLanguage":"fr-FR","@id":"https:\/\/bogensportdiscount.ch\/produkt\/apexgear-compound-jagd-3d-visier-tundra-3-pin-schwarz\/#primaryimage","url":"https:\/\/bogensportdiscount.ch\/wp-content\/uploads\/bsm-images\/A034202_1.png","contentUrl":"https:\/\/bogensportdiscount.ch\/wp-content\/uploads\/bsm-images\/A034202_1.png","width":802,"height":498},{"@type":"BreadcrumbList","@id":"https:\/\/bogensportdiscount.ch\/produkt\/apexgear-compound-jagd-3d-visier-tundra-3-pin-schwarz\/#breadcrumb","itemListElement":[{"@type":"ListItem","position":1,"name":"Home","item":"https:\/\/bogensportdiscount.ch\/"},{"@type":"ListItem","position":2,"name":"Shop","item":"https:\/\/bogensportdiscount.ch\/shop\/"},{"@type":"ListItem","position":3,"name":"APEXGEAR JAGD &amp; 3D VISIERE TUNDRA \/ RH\/LH \/ 3PIN \/"}]},{"@type":"WebSite","@id":"https:\/\/bogensportdiscount.ch\/#website","url":"https:\/\/bogensportdiscount.ch\/","name":"Bogensportdiscount","description":"","potentialAction":[{"@type":"SearchAction","target":{"@type":"EntryPoint","urlTemplate":"https:\/\/bogensportdiscount.ch\/?s={search_term_string}"},"query-input":{"@type":"PropertyValueSpecification","valueRequired":true,"valueName":"search_term_string"}}],"inLanguage":"fr-FR"}]}},"_links":{"self":[{"href":"https:\/\/bogensportdiscount.ch\/fr\/wp-json\/wp\/v2\/product\/402968","targetHints":{"allow":["GET"]}}],"collection":[{"href":"https:\/\/bogensportdiscount.ch\/fr\/wp-json\/wp\/v2\/product"}],"about":[{"href":"https:\/\/bogensportdiscount.ch\/fr\/wp-json\/wp\/v2\/types\/product"}],"replies":[{"embeddable":true,"href":"https:\/\/bogensportdiscount.ch\/fr\/wp-json\/wp\/v2\/comments?post=402968"}],"wp:featuredmedia":[{"embeddable":true,"href":"https:\/\/bogensportdiscount.ch\/fr\/wp-json\/wp\/v2\/media\/450351"}],"wp:attachment":[{"href":"https:\/\/bogensportdiscount.ch\/fr\/wp-json\/wp\/v2\/media?parent=402968"}],"wp:term":[{"taxonomy":"product_brand","embeddable":true,"href":"https:\/\/bogensportdiscount.ch\/fr\/wp-json\/wp\/v2\/product_brand?post=402968"},{"taxonomy":"product_cat","embeddable":true,"href":"https:\/\/bogensportdiscount.ch\/fr\/wp-json\/wp\/v2\/product_cat?post=402968"},{"taxonomy":"product_tag","embeddable":true,"href":"https:\/\/bogensportdiscount.ch\/fr\/wp-json\/wp\/v2\/product_tag?post=402968"}],"curies":[{"name":"wp","href":"https:\/\/api.w.org\/{rel}","templated":true}]}}