{"id":402923,"date":"2026-04-05T14:48:33","date_gmt":"2026-04-05T12:48:33","guid":{"rendered":"https:\/\/bogensportdiscount.ch\/produkt\/weights-stabilis-stackable-stainless-steel-10oz-silver\/"},"modified":"2026-05-14T15:26:07","modified_gmt":"2026-05-14T13:26:07","slug":"bowfinger-stabilisator-gewichte-stapelbar-edelstahl-10oz","status":"publish","type":"product","link":"https:\/\/bogensportdiscount.ch\/fr\/produit\/bowfinger-stabilisator-gewichte-stapelbar-edelstahl-10oz\/","title":{"rendered":"BOWFINGER POIDS STABILISATEUR EMPILABLES ACIER INOXYDABLE 10oz"},"content":{"rendered":"<p>Les poids BOWFINGER Stackable Stainless Steel permettent un ajustement pr\u00e9cis et flexible du poids du stabilisateur. Gr\u00e2ce \u00e0 leur conception empilable, plusieurs poids peuvent \u00eatre combin\u00e9s afin d'atteindre le poids total souhait\u00e9 de mani\u00e8re individuelle.<\/p>\n<p>La version en acier inoxydable garantit une construction robuste et durable, r\u00e9pondant aux exigences du tir \u00e0 l'arc. Les poids sont disponibles en noir et en argent et sont compatibles avec les syst\u00e8mes de stabilisateurs courants.<\/p>\n<ul>\n<li>Poids : 10 oz par unit\u00e9<\/li>\n<li>Mat\u00e9riau : acier inoxydable<\/li>\n<li>Conception empilable pour des combinaisons de poids individuelles<\/li>\n<li>Disponible en noir et argent<\/li>\n<\/ul>","protected":false},"excerpt":{"rendered":"<table>\n<tr>\n<th>Propri\u00e9t\u00e9<\/th>\n<th>Valeur<\/th>\n<\/tr>\n<tr>\n<td>Marque<\/td>\n<td>Bowfinger<\/td>\n<\/tr>\n<tr>\n<td>Pays d'origine<\/td>\n<td>USA<\/td>\n<\/tr>\n<\/table>","protected":false},"featured_media":524489,"comment_status":"open","ping_status":"closed","template":"","meta":[],"product_brand":[540],"product_cat":[4199],"product_tag":[],"class_list":{"0":"post-402923","1":"product","2":"type-product","3":"status-publish","4":"has-post-thumbnail","6":"product_brand-bowfinger","7":"product_cat-gewichte","8":"product_shipping_class-bsd-standard","10":"first","11":"instock","12":"shipping-taxable","13":"purchasable","14":"product-type-variable"},"yoast_head":"<!-- This site is optimized with the Yoast SEO plugin v27.6 - https:\/\/yoast.com\/product\/yoast-seo-wordpress\/ -->\n<title>BOWFINGER GEWICHTE STABILIS. STAPELBAR EDELSTAHL 10oz - Bogensportdiscount \u2013 B\u00f6gen, Pfeile, Targets &amp; Zubeh\u00f6r<\/title>\n<meta name=\"description\" content=\"BOWFINGER GEWICHTE STABILIS. STAPELBAR EDELSTAHL 10oz g\u00fcnstig kaufen bei Bogensportdiscount \u2013 Top-Marken, schneller Versand aus der Schweiz.\" \/>\n<meta name=\"robots\" content=\"index, follow, max-snippet:-1, max-image-preview:large, max-video-preview:-1\" \/>\n<link rel=\"canonical\" href=\"https:\/\/bogensportdiscount.ch\/fr\/produit\/bowfinger-stabilisator-gewichte-stapelbar-edelstahl-10oz\/\" \/>\n<meta property=\"og:locale\" content=\"fr_FR\" \/>\n<meta property=\"og:type\" content=\"article\" \/>\n<meta property=\"og:title\" content=\"BOWFINGER GEWICHTE STABILIS. STAPELBAR EDELSTAHL 10oz - Bogensportdiscount \u2013 B\u00f6gen, Pfeile, Targets &amp; Zubeh\u00f6r\" \/>\n<meta property=\"og:description\" content=\"BOWFINGER GEWICHTE STABILIS. STAPELBAR EDELSTAHL 10oz g\u00fcnstig kaufen bei Bogensportdiscount \u2013 Top-Marken, schneller Versand aus der Schweiz.\" \/>\n<meta property=\"og:url\" content=\"https:\/\/bogensportdiscount.ch\/fr\/produit\/bowfinger-stabilisator-gewichte-stapelbar-edelstahl-10oz\/\" \/>\n<meta property=\"og:site_name\" content=\"Bogensportdiscount \u2013 B\u00f6gen, Pfeile, Targets &amp; Zubeh\u00f6r\" \/>\n<meta property=\"article:modified_time\" content=\"2026-05-14T13:26:07+00:00\" \/>\n<meta property=\"og:image\" content=\"https:\/\/bogensportdiscount.ch\/wp-content\/uploads\/bsm-images\/A040169_1.jpg\" \/>\n\t<meta property=\"og:image:width\" content=\"764\" \/>\n\t<meta property=\"og:image:height\" content=\"770\" \/>\n\t<meta property=\"og:image:type\" content=\"image\/jpeg\" \/>\n<meta name=\"twitter:card\" content=\"summary_large_image\" \/>\n<script type=\"application\/ld+json\" class=\"yoast-schema-graph\">{\"@context\":\"https:\\\/\\\/schema.org\",\"@graph\":[{\"@type\":\"WebPage\",\"@id\":\"https:\\\/\\\/bogensportdiscount.ch\\\/produkt\\\/bowfinger-stabilisator-gewichte-stapelbar-edelstahl-10oz\\\/\",\"url\":\"https:\\\/\\\/bogensportdiscount.ch\\\/produkt\\\/bowfinger-stabilisator-gewichte-stapelbar-edelstahl-10oz\\\/\",\"name\":\"BOWFINGER GEWICHTE STABILIS. STAPELBAR EDELSTAHL 10oz - Bogensportdiscount \u2013 B\u00f6gen, Pfeile, Targets &amp; Zubeh\u00f6r\",\"isPartOf\":{\"@id\":\"https:\\\/\\\/bogensportdiscount.ch\\\/#website\"},\"primaryImageOfPage\":{\"@id\":\"https:\\\/\\\/bogensportdiscount.ch\\\/produkt\\\/bowfinger-stabilisator-gewichte-stapelbar-edelstahl-10oz\\\/#primaryimage\"},\"image\":{\"@id\":\"https:\\\/\\\/bogensportdiscount.ch\\\/produkt\\\/bowfinger-stabilisator-gewichte-stapelbar-edelstahl-10oz\\\/#primaryimage\"},\"thumbnailUrl\":\"https:\\\/\\\/bogensportdiscount.ch\\\/wp-content\\\/uploads\\\/bsm-images\\\/A040169_1.jpg\",\"datePublished\":\"2026-04-05T12:48:33+00:00\",\"dateModified\":\"2026-05-14T13:26:07+00:00\",\"description\":\"BOWFINGER GEWICHTE STABILIS. STAPELBAR EDELSTAHL 10oz g\u00fcnstig kaufen bei Bogensportdiscount \u2013 Top-Marken, schneller Versand aus der Schweiz.\",\"breadcrumb\":{\"@id\":\"https:\\\/\\\/bogensportdiscount.ch\\\/produkt\\\/bowfinger-stabilisator-gewichte-stapelbar-edelstahl-10oz\\\/#breadcrumb\"},\"inLanguage\":\"fr-FR\",\"potentialAction\":[{\"@type\":\"ReadAction\",\"target\":[\"https:\\\/\\\/bogensportdiscount.ch\\\/produkt\\\/bowfinger-stabilisator-gewichte-stapelbar-edelstahl-10oz\\\/\"]}]},{\"@type\":\"ImageObject\",\"inLanguage\":\"fr-FR\",\"@id\":\"https:\\\/\\\/bogensportdiscount.ch\\\/produkt\\\/bowfinger-stabilisator-gewichte-stapelbar-edelstahl-10oz\\\/#primaryimage\",\"url\":\"https:\\\/\\\/bogensportdiscount.ch\\\/wp-content\\\/uploads\\\/bsm-images\\\/A040169_1.jpg\",\"contentUrl\":\"https:\\\/\\\/bogensportdiscount.ch\\\/wp-content\\\/uploads\\\/bsm-images\\\/A040169_1.jpg\",\"width\":764,\"height\":770},{\"@type\":\"BreadcrumbList\",\"@id\":\"https:\\\/\\\/bogensportdiscount.ch\\\/produkt\\\/bowfinger-stabilisator-gewichte-stapelbar-edelstahl-10oz\\\/#breadcrumb\",\"itemListElement\":[{\"@type\":\"ListItem\",\"position\":1,\"name\":\"Home\",\"item\":\"https:\\\/\\\/bogensportdiscount.ch\\\/\"},{\"@type\":\"ListItem\",\"position\":2,\"name\":\"Shop\",\"item\":\"https:\\\/\\\/bogensportdiscount.ch\\\/shop\\\/\"},{\"@type\":\"ListItem\",\"position\":3,\"name\":\"BOWFINGER WEIGHTS STABILIS. STACKABLE STAINLESS STEEL 10oz\"}]},{\"@type\":\"WebSite\",\"@id\":\"https:\\\/\\\/bogensportdiscount.ch\\\/#website\",\"url\":\"https:\\\/\\\/bogensportdiscount.ch\\\/\",\"name\":\"Bogensportdiscount\",\"description\":\"\",\"potentialAction\":[{\"@type\":\"SearchAction\",\"target\":{\"@type\":\"EntryPoint\",\"urlTemplate\":\"https:\\\/\\\/bogensportdiscount.ch\\\/?s={search_term_string}\"},\"query-input\":{\"@type\":\"PropertyValueSpecification\",\"valueRequired\":true,\"valueName\":\"search_term_string\"}}],\"inLanguage\":\"fr-FR\"}]}<\/script>\n<!-- \/ Yoast SEO plugin. -->","yoast_head_json":{"title":"BOWFINGER GEWICHTE STABILIS. STAPELBAR EDELSTAHL 10oz - Bogensportdiscount \u2013 B\u00f6gen, Pfeile, Targets &amp; Zubeh\u00f6r","description":"BOWFINGER GEWICHTE STABILIS. STAPELBAR EDELSTAHL 10oz g\u00fcnstig kaufen bei Bogensportdiscount \u2013 Top-Marken, schneller Versand aus der Schweiz.","robots":{"index":"index","follow":"follow","max-snippet":"max-snippet:-1","max-image-preview":"max-image-preview:large","max-video-preview":"max-video-preview:-1"},"canonical":"https:\/\/bogensportdiscount.ch\/fr\/produit\/bowfinger-stabilisator-gewichte-stapelbar-edelstahl-10oz\/","og_locale":"fr_FR","og_type":"article","og_title":"BOWFINGER GEWICHTE STABILIS. STAPELBAR EDELSTAHL 10oz - Bogensportdiscount \u2013 B\u00f6gen, Pfeile, Targets &amp; Zubeh\u00f6r","og_description":"BOWFINGER GEWICHTE STABILIS. STAPELBAR EDELSTAHL 10oz g\u00fcnstig kaufen bei Bogensportdiscount \u2013 Top-Marken, schneller Versand aus der Schweiz.","og_url":"https:\/\/bogensportdiscount.ch\/fr\/produit\/bowfinger-stabilisator-gewichte-stapelbar-edelstahl-10oz\/","og_site_name":"Bogensportdiscount \u2013 B\u00f6gen, Pfeile, Targets &amp; Zubeh\u00f6r","article_modified_time":"2026-05-14T13:26:07+00:00","og_image":[{"width":764,"height":770,"url":"https:\/\/bogensportdiscount.ch\/wp-content\/uploads\/bsm-images\/A040169_1.jpg","type":"image\/jpeg"}],"twitter_card":"summary_large_image","schema":{"@context":"https:\/\/schema.org","@graph":[{"@type":"WebPage","@id":"https:\/\/bogensportdiscount.ch\/produkt\/bowfinger-stabilisator-gewichte-stapelbar-edelstahl-10oz\/","url":"https:\/\/bogensportdiscount.ch\/produkt\/bowfinger-stabilisator-gewichte-stapelbar-edelstahl-10oz\/","name":"BOWFINGER GEWICHTE STABILIS. STAPELBAR EDELSTAHL 10oz - Bogensportdiscount \u2013 B\u00f6gen, Pfeile, Targets &amp; Zubeh\u00f6r","isPartOf":{"@id":"https:\/\/bogensportdiscount.ch\/#website"},"primaryImageOfPage":{"@id":"https:\/\/bogensportdiscount.ch\/produkt\/bowfinger-stabilisator-gewichte-stapelbar-edelstahl-10oz\/#primaryimage"},"image":{"@id":"https:\/\/bogensportdiscount.ch\/produkt\/bowfinger-stabilisator-gewichte-stapelbar-edelstahl-10oz\/#primaryimage"},"thumbnailUrl":"https:\/\/bogensportdiscount.ch\/wp-content\/uploads\/bsm-images\/A040169_1.jpg","datePublished":"2026-04-05T12:48:33+00:00","dateModified":"2026-05-14T13:26:07+00:00","description":"BOWFINGER GEWICHTE STABILIS. STAPELBAR EDELSTAHL 10oz g\u00fcnstig kaufen bei Bogensportdiscount \u2013 Top-Marken, schneller Versand aus der Schweiz.","breadcrumb":{"@id":"https:\/\/bogensportdiscount.ch\/produkt\/bowfinger-stabilisator-gewichte-stapelbar-edelstahl-10oz\/#breadcrumb"},"inLanguage":"fr-FR","potentialAction":[{"@type":"ReadAction","target":["https:\/\/bogensportdiscount.ch\/produkt\/bowfinger-stabilisator-gewichte-stapelbar-edelstahl-10oz\/"]}]},{"@type":"ImageObject","inLanguage":"fr-FR","@id":"https:\/\/bogensportdiscount.ch\/produkt\/bowfinger-stabilisator-gewichte-stapelbar-edelstahl-10oz\/#primaryimage","url":"https:\/\/bogensportdiscount.ch\/wp-content\/uploads\/bsm-images\/A040169_1.jpg","contentUrl":"https:\/\/bogensportdiscount.ch\/wp-content\/uploads\/bsm-images\/A040169_1.jpg","width":764,"height":770},{"@type":"BreadcrumbList","@id":"https:\/\/bogensportdiscount.ch\/produkt\/bowfinger-stabilisator-gewichte-stapelbar-edelstahl-10oz\/#breadcrumb","itemListElement":[{"@type":"ListItem","position":1,"name":"Home","item":"https:\/\/bogensportdiscount.ch\/"},{"@type":"ListItem","position":2,"name":"Shop","item":"https:\/\/bogensportdiscount.ch\/shop\/"},{"@type":"ListItem","position":3,"name":"BOWFINGER WEIGHTS STABILIS. STACKABLE STAINLESS STEEL 10oz"}]},{"@type":"WebSite","@id":"https:\/\/bogensportdiscount.ch\/#website","url":"https:\/\/bogensportdiscount.ch\/","name":"Bogensportdiscount","description":"","potentialAction":[{"@type":"SearchAction","target":{"@type":"EntryPoint","urlTemplate":"https:\/\/bogensportdiscount.ch\/?s={search_term_string}"},"query-input":{"@type":"PropertyValueSpecification","valueRequired":true,"valueName":"search_term_string"}}],"inLanguage":"fr-FR"}]}},"_links":{"self":[{"href":"https:\/\/bogensportdiscount.ch\/fr\/wp-json\/wp\/v2\/product\/402923","targetHints":{"allow":["GET"]}}],"collection":[{"href":"https:\/\/bogensportdiscount.ch\/fr\/wp-json\/wp\/v2\/product"}],"about":[{"href":"https:\/\/bogensportdiscount.ch\/fr\/wp-json\/wp\/v2\/types\/product"}],"replies":[{"embeddable":true,"href":"https:\/\/bogensportdiscount.ch\/fr\/wp-json\/wp\/v2\/comments?post=402923"}],"wp:featuredmedia":[{"embeddable":true,"href":"https:\/\/bogensportdiscount.ch\/fr\/wp-json\/wp\/v2\/media\/524489"}],"wp:attachment":[{"href":"https:\/\/bogensportdiscount.ch\/fr\/wp-json\/wp\/v2\/media?parent=402923"}],"wp:term":[{"taxonomy":"product_brand","embeddable":true,"href":"https:\/\/bogensportdiscount.ch\/fr\/wp-json\/wp\/v2\/product_brand?post=402923"},{"taxonomy":"product_cat","embeddable":true,"href":"https:\/\/bogensportdiscount.ch\/fr\/wp-json\/wp\/v2\/product_cat?post=402923"},{"taxonomy":"product_tag","embeddable":true,"href":"https:\/\/bogensportdiscount.ch\/fr\/wp-json\/wp\/v2\/product_tag?post=402923"}],"curies":[{"name":"wp","href":"https:\/\/api.w.org\/{rel}","templated":true}]}}