{"id":402663,"date":"2026-04-05T14:48:05","date_gmt":"2026-04-05T12:48:05","guid":{"rendered":"https:\/\/bogensportdiscount.ch\/produkt\/weights-stabilis-cap-color-for-hmc-plus-stabilizers-blue\/"},"modified":"2026-05-14T15:26:06","modified_gmt":"2026-05-14T13:26:06","slug":"wiawis-gewicht-stabilis-cap-farbig-hmc-plus-stabilisatoren","status":"publish","type":"product","link":"https:\/\/bogensportdiscount.ch\/fr\/produit\/wiawis-gewicht-stabilis-cap-farbig-hmc-plus-stabilisatoren\/","title":{"rendered":"WIAWIS POIDS CAPUCHON DE STABILISATEUR COULEUR POUR STABILISATEURS HMC PLUS"},"content":{"rendered":"<p>Ces embouts de poids color\u00e9s de WIAWIS sont con\u00e7us comme accessoires pour la s\u00e9rie de stabilisateurs HMC Plus. Ils permettent une personnalisation individuelle des couleurs des stabilisateurs et sont disponibles en sept couleurs diff\u00e9rentes.<\/p>\n<p>Les embouts proviennent de Cor\u00e9e du Sud et s'int\u00e8grent parfaitement au syst\u00e8me WIAWIS HMC Plus. Ils conviennent aux archers pratiquant l'arc classique qui souhaitent personnaliser l'apparence de leur \u00e9quipement.<\/p>\n<ul>\n<li>Compatible avec les stabilisateurs WIAWIS HMC Plus<\/li>\n<li>Sept options de couleurs : Noir, Bleu, Or, Vert, Orange, Rose, Rouge<\/li>\n<li>Fabriqu\u00e9 en Cor\u00e9e du Sud<\/li>\n<li>Remplacement facile pour une personnalisation individuelle des couleurs<\/li>\n<\/ul>","protected":false},"excerpt":{"rendered":"<table>\n<tr>\n<th>Propri\u00e9t\u00e9<\/th>\n<th>Valeur<\/th>\n<\/tr>\n<tr>\n<td>Marque<\/td>\n<td>Wiawis<\/td>\n<\/tr>\n<tr>\n<td>Pays d'origine<\/td>\n<td>Cor\u00e9e du Sud<\/td>\n<\/tr>\n<\/table>","protected":false},"featured_media":450320,"comment_status":"open","ping_status":"closed","template":"","meta":[],"product_brand":[473],"product_cat":[4199],"product_tag":[],"class_list":{"0":"post-402663","1":"product","2":"type-product","3":"status-publish","4":"has-post-thumbnail","6":"product_brand-wiawis","7":"product_cat-gewichte","8":"product_shipping_class-bsd-standard","10":"first","11":"instock","12":"shipping-taxable","13":"purchasable","14":"product-type-variable"},"yoast_head":"<!-- This site is optimized with the Yoast SEO plugin v27.6 - https:\/\/yoast.com\/product\/yoast-seo-wordpress\/ -->\n<title>WIAWIS GEWICHTE STABILISATOR-KAPPE FARBE F\u00dcR HMC PLUS STABILISATOREN - Bogensportdiscount \u2013 B\u00f6gen, Pfeile, Targets &amp; Zubeh\u00f6r<\/title>\n<meta name=\"description\" content=\"WIAWIS GEWICHTE STABILISATOR-KAPPE FARBE F\u00dcR HMC PLUS STABILISATOREN g\u00fcnstig kaufen bei Bogensportdiscount \u2013 Top-Marken, schneller Versand aus der Schweiz.\" \/>\n<meta name=\"robots\" content=\"index, follow, max-snippet:-1, max-image-preview:large, max-video-preview:-1\" \/>\n<link rel=\"canonical\" href=\"https:\/\/bogensportdiscount.ch\/fr\/produit\/wiawis-gewicht-stabilis-cap-farbig-hmc-plus-stabilisatoren\/\" \/>\n<meta property=\"og:locale\" content=\"fr_FR\" \/>\n<meta property=\"og:type\" content=\"article\" \/>\n<meta property=\"og:title\" content=\"WIAWIS GEWICHTE STABILISATOR-KAPPE FARBE F\u00dcR HMC PLUS STABILISATOREN - Bogensportdiscount \u2013 B\u00f6gen, Pfeile, Targets &amp; Zubeh\u00f6r\" \/>\n<meta property=\"og:description\" content=\"WIAWIS GEWICHTE STABILISATOR-KAPPE FARBE F\u00dcR HMC PLUS STABILISATOREN g\u00fcnstig kaufen bei Bogensportdiscount \u2013 Top-Marken, schneller Versand aus der Schweiz.\" \/>\n<meta property=\"og:url\" content=\"https:\/\/bogensportdiscount.ch\/fr\/produit\/wiawis-gewicht-stabilis-cap-farbig-hmc-plus-stabilisatoren\/\" \/>\n<meta property=\"og:site_name\" content=\"Bogensportdiscount \u2013 B\u00f6gen, Pfeile, Targets &amp; Zubeh\u00f6r\" \/>\n<meta property=\"article:modified_time\" content=\"2026-05-14T13:26:06+00:00\" \/>\n<meta property=\"og:image\" content=\"https:\/\/bogensportdiscount.ch\/wp-content\/uploads\/bsm-images\/A033639_1.png\" \/>\n\t<meta property=\"og:image:width\" content=\"1368\" \/>\n\t<meta property=\"og:image:height\" content=\"1368\" \/>\n\t<meta property=\"og:image:type\" content=\"image\/png\" \/>\n<meta name=\"twitter:card\" content=\"summary_large_image\" \/>\n<script type=\"application\/ld+json\" class=\"yoast-schema-graph\">{\"@context\":\"https:\\\/\\\/schema.org\",\"@graph\":[{\"@type\":\"WebPage\",\"@id\":\"https:\\\/\\\/bogensportdiscount.ch\\\/produkt\\\/wiawis-gewicht-stabilis-cap-farbig-hmc-plus-stabilisatoren\\\/\",\"url\":\"https:\\\/\\\/bogensportdiscount.ch\\\/produkt\\\/wiawis-gewicht-stabilis-cap-farbig-hmc-plus-stabilisatoren\\\/\",\"name\":\"WIAWIS GEWICHTE STABILISATOR-KAPPE FARBE F\u00dcR HMC PLUS STABILISATOREN - Bogensportdiscount \u2013 B\u00f6gen, Pfeile, Targets &amp; Zubeh\u00f6r\",\"isPartOf\":{\"@id\":\"https:\\\/\\\/bogensportdiscount.ch\\\/#website\"},\"primaryImageOfPage\":{\"@id\":\"https:\\\/\\\/bogensportdiscount.ch\\\/produkt\\\/wiawis-gewicht-stabilis-cap-farbig-hmc-plus-stabilisatoren\\\/#primaryimage\"},\"image\":{\"@id\":\"https:\\\/\\\/bogensportdiscount.ch\\\/produkt\\\/wiawis-gewicht-stabilis-cap-farbig-hmc-plus-stabilisatoren\\\/#primaryimage\"},\"thumbnailUrl\":\"https:\\\/\\\/bogensportdiscount.ch\\\/wp-content\\\/uploads\\\/bsm-images\\\/A033639_1.png\",\"datePublished\":\"2026-04-05T12:48:05+00:00\",\"dateModified\":\"2026-05-14T13:26:06+00:00\",\"description\":\"WIAWIS GEWICHTE STABILISATOR-KAPPE FARBE F\u00dcR HMC PLUS STABILISATOREN g\u00fcnstig kaufen bei Bogensportdiscount \u2013 Top-Marken, schneller Versand aus der Schweiz.\",\"breadcrumb\":{\"@id\":\"https:\\\/\\\/bogensportdiscount.ch\\\/produkt\\\/wiawis-gewicht-stabilis-cap-farbig-hmc-plus-stabilisatoren\\\/#breadcrumb\"},\"inLanguage\":\"fr-FR\",\"potentialAction\":[{\"@type\":\"ReadAction\",\"target\":[\"https:\\\/\\\/bogensportdiscount.ch\\\/produkt\\\/wiawis-gewicht-stabilis-cap-farbig-hmc-plus-stabilisatoren\\\/\"]}]},{\"@type\":\"ImageObject\",\"inLanguage\":\"fr-FR\",\"@id\":\"https:\\\/\\\/bogensportdiscount.ch\\\/produkt\\\/wiawis-gewicht-stabilis-cap-farbig-hmc-plus-stabilisatoren\\\/#primaryimage\",\"url\":\"https:\\\/\\\/bogensportdiscount.ch\\\/wp-content\\\/uploads\\\/bsm-images\\\/A033639_1.png\",\"contentUrl\":\"https:\\\/\\\/bogensportdiscount.ch\\\/wp-content\\\/uploads\\\/bsm-images\\\/A033639_1.png\",\"width\":1368,\"height\":1368},{\"@type\":\"BreadcrumbList\",\"@id\":\"https:\\\/\\\/bogensportdiscount.ch\\\/produkt\\\/wiawis-gewicht-stabilis-cap-farbig-hmc-plus-stabilisatoren\\\/#breadcrumb\",\"itemListElement\":[{\"@type\":\"ListItem\",\"position\":1,\"name\":\"Home\",\"item\":\"https:\\\/\\\/bogensportdiscount.ch\\\/\"},{\"@type\":\"ListItem\",\"position\":2,\"name\":\"Shop\",\"item\":\"https:\\\/\\\/bogensportdiscount.ch\\\/shop\\\/\"},{\"@type\":\"ListItem\",\"position\":3,\"name\":\"WIAWIS WEIGHTS STABILIS. CAP COLOR FOR HMC PLUS STABILIZERS\"}]},{\"@type\":\"WebSite\",\"@id\":\"https:\\\/\\\/bogensportdiscount.ch\\\/#website\",\"url\":\"https:\\\/\\\/bogensportdiscount.ch\\\/\",\"name\":\"Bogensportdiscount\",\"description\":\"\",\"potentialAction\":[{\"@type\":\"SearchAction\",\"target\":{\"@type\":\"EntryPoint\",\"urlTemplate\":\"https:\\\/\\\/bogensportdiscount.ch\\\/?s={search_term_string}\"},\"query-input\":{\"@type\":\"PropertyValueSpecification\",\"valueRequired\":true,\"valueName\":\"search_term_string\"}}],\"inLanguage\":\"fr-FR\"}]}<\/script>\n<!-- \/ Yoast SEO plugin. -->","yoast_head_json":{"title":"WIAWIS GEWICHTE STABILISATOR-KAPPE FARBE F\u00dcR HMC PLUS STABILISATOREN - Bogensportdiscount \u2013 B\u00f6gen, Pfeile, Targets &amp; Zubeh\u00f6r","description":"WIAWIS GEWICHTE STABILISATOR-KAPPE FARBE F\u00dcR HMC PLUS STABILISATOREN g\u00fcnstig kaufen bei Bogensportdiscount \u2013 Top-Marken, schneller Versand aus der Schweiz.","robots":{"index":"index","follow":"follow","max-snippet":"max-snippet:-1","max-image-preview":"max-image-preview:large","max-video-preview":"max-video-preview:-1"},"canonical":"https:\/\/bogensportdiscount.ch\/fr\/produit\/wiawis-gewicht-stabilis-cap-farbig-hmc-plus-stabilisatoren\/","og_locale":"fr_FR","og_type":"article","og_title":"WIAWIS GEWICHTE STABILISATOR-KAPPE FARBE F\u00dcR HMC PLUS STABILISATOREN - Bogensportdiscount \u2013 B\u00f6gen, Pfeile, Targets &amp; Zubeh\u00f6r","og_description":"WIAWIS GEWICHTE STABILISATOR-KAPPE FARBE F\u00dcR HMC PLUS STABILISATOREN g\u00fcnstig kaufen bei Bogensportdiscount \u2013 Top-Marken, schneller Versand aus der Schweiz.","og_url":"https:\/\/bogensportdiscount.ch\/fr\/produit\/wiawis-gewicht-stabilis-cap-farbig-hmc-plus-stabilisatoren\/","og_site_name":"Bogensportdiscount \u2013 B\u00f6gen, Pfeile, Targets &amp; Zubeh\u00f6r","article_modified_time":"2026-05-14T13:26:06+00:00","og_image":[{"width":1368,"height":1368,"url":"https:\/\/bogensportdiscount.ch\/wp-content\/uploads\/bsm-images\/A033639_1.png","type":"image\/png"}],"twitter_card":"summary_large_image","schema":{"@context":"https:\/\/schema.org","@graph":[{"@type":"WebPage","@id":"https:\/\/bogensportdiscount.ch\/produkt\/wiawis-gewicht-stabilis-cap-farbig-hmc-plus-stabilisatoren\/","url":"https:\/\/bogensportdiscount.ch\/produkt\/wiawis-gewicht-stabilis-cap-farbig-hmc-plus-stabilisatoren\/","name":"WIAWIS GEWICHTE STABILISATOR-KAPPE FARBE F\u00dcR HMC PLUS STABILISATOREN - Bogensportdiscount \u2013 B\u00f6gen, Pfeile, Targets &amp; Zubeh\u00f6r","isPartOf":{"@id":"https:\/\/bogensportdiscount.ch\/#website"},"primaryImageOfPage":{"@id":"https:\/\/bogensportdiscount.ch\/produkt\/wiawis-gewicht-stabilis-cap-farbig-hmc-plus-stabilisatoren\/#primaryimage"},"image":{"@id":"https:\/\/bogensportdiscount.ch\/produkt\/wiawis-gewicht-stabilis-cap-farbig-hmc-plus-stabilisatoren\/#primaryimage"},"thumbnailUrl":"https:\/\/bogensportdiscount.ch\/wp-content\/uploads\/bsm-images\/A033639_1.png","datePublished":"2026-04-05T12:48:05+00:00","dateModified":"2026-05-14T13:26:06+00:00","description":"WIAWIS GEWICHTE STABILISATOR-KAPPE FARBE F\u00dcR HMC PLUS STABILISATOREN g\u00fcnstig kaufen bei Bogensportdiscount \u2013 Top-Marken, schneller Versand aus der Schweiz.","breadcrumb":{"@id":"https:\/\/bogensportdiscount.ch\/produkt\/wiawis-gewicht-stabilis-cap-farbig-hmc-plus-stabilisatoren\/#breadcrumb"},"inLanguage":"fr-FR","potentialAction":[{"@type":"ReadAction","target":["https:\/\/bogensportdiscount.ch\/produkt\/wiawis-gewicht-stabilis-cap-farbig-hmc-plus-stabilisatoren\/"]}]},{"@type":"ImageObject","inLanguage":"fr-FR","@id":"https:\/\/bogensportdiscount.ch\/produkt\/wiawis-gewicht-stabilis-cap-farbig-hmc-plus-stabilisatoren\/#primaryimage","url":"https:\/\/bogensportdiscount.ch\/wp-content\/uploads\/bsm-images\/A033639_1.png","contentUrl":"https:\/\/bogensportdiscount.ch\/wp-content\/uploads\/bsm-images\/A033639_1.png","width":1368,"height":1368},{"@type":"BreadcrumbList","@id":"https:\/\/bogensportdiscount.ch\/produkt\/wiawis-gewicht-stabilis-cap-farbig-hmc-plus-stabilisatoren\/#breadcrumb","itemListElement":[{"@type":"ListItem","position":1,"name":"Home","item":"https:\/\/bogensportdiscount.ch\/"},{"@type":"ListItem","position":2,"name":"Shop","item":"https:\/\/bogensportdiscount.ch\/shop\/"},{"@type":"ListItem","position":3,"name":"WIAWIS WEIGHTS STABILIS. CAP COLOR FOR HMC PLUS STABILIZERS"}]},{"@type":"WebSite","@id":"https:\/\/bogensportdiscount.ch\/#website","url":"https:\/\/bogensportdiscount.ch\/","name":"Bogensportdiscount","description":"","potentialAction":[{"@type":"SearchAction","target":{"@type":"EntryPoint","urlTemplate":"https:\/\/bogensportdiscount.ch\/?s={search_term_string}"},"query-input":{"@type":"PropertyValueSpecification","valueRequired":true,"valueName":"search_term_string"}}],"inLanguage":"fr-FR"}]}},"_links":{"self":[{"href":"https:\/\/bogensportdiscount.ch\/fr\/wp-json\/wp\/v2\/product\/402663","targetHints":{"allow":["GET"]}}],"collection":[{"href":"https:\/\/bogensportdiscount.ch\/fr\/wp-json\/wp\/v2\/product"}],"about":[{"href":"https:\/\/bogensportdiscount.ch\/fr\/wp-json\/wp\/v2\/types\/product"}],"replies":[{"embeddable":true,"href":"https:\/\/bogensportdiscount.ch\/fr\/wp-json\/wp\/v2\/comments?post=402663"}],"wp:featuredmedia":[{"embeddable":true,"href":"https:\/\/bogensportdiscount.ch\/fr\/wp-json\/wp\/v2\/media\/450320"}],"wp:attachment":[{"href":"https:\/\/bogensportdiscount.ch\/fr\/wp-json\/wp\/v2\/media?parent=402663"}],"wp:term":[{"taxonomy":"product_brand","embeddable":true,"href":"https:\/\/bogensportdiscount.ch\/fr\/wp-json\/wp\/v2\/product_brand?post=402663"},{"taxonomy":"product_cat","embeddable":true,"href":"https:\/\/bogensportdiscount.ch\/fr\/wp-json\/wp\/v2\/product_cat?post=402663"},{"taxonomy":"product_tag","embeddable":true,"href":"https:\/\/bogensportdiscount.ch\/fr\/wp-json\/wp\/v2\/product_tag?post=402663"}],"curies":[{"name":"wp","href":"https:\/\/api.w.org\/{rel}","templated":true}]}}