{"id":402627,"date":"2026-04-05T14:48:00","date_gmt":"2026-04-05T12:48:00","guid":{"rendered":"https:\/\/bogensportdiscount.ch\/produkt\/warm-up-parts-elastic-soft-red\/"},"modified":"2026-04-17T13:46:13","modified_gmt":"2026-04-17T11:46:13","slug":"pedago-warm-up-teile-elastik","status":"publish","type":"product","link":"https:\/\/bogensportdiscount.ch\/fr\/produit\/pedago-warm-up-teile-elastik\/","title":{"rendered":"PEDAGO WARM UP PARTS \u00c9LASTIQUE"},"content":{"rendered":"<p>Die PEDAGO Warm-Up Parts Elastik sind Ersatz- bzw. Erg\u00e4nzungsteile f\u00fcr das PEDAGO Warm-Up Trainingssystem. Sie erm\u00f6glichen es, das Aufw\u00e4rmsystem gezielt anzupassen oder verschlissene Elastikkomponenten auszutauschen.<\/p>\n<p>Die Teile sind in drei Farben erh\u00e4ltlich \u2013 Blau, Gr\u00fcn und Rot \u2013 was typischerweise unterschiedliche Widerstandsstufen oder Einsatzbereiche kennzeichnet. Damit l\u00e4sst sich das Training individuell auf den Nutzer abstimmen.<\/p>\n<ul>\n<li>Ersatzteile f\u00fcr das PEDAGO Warm-Up System<\/li>\n<li>Drei Farbvarianten verf\u00fcgbar (Blau, Gr\u00fcn, Rot)<\/li>\n<li>Geeignet f\u00fcr den Trainingsbereich Bogensport<\/li>\n<li>Einfacher Austausch bei Verschleiss<\/li>\n<\/ul>","protected":false},"excerpt":{"rendered":"<p><strong>Marque :<\/strong> Pedago Archery<\/p>","protected":false},"featured_media":450309,"comment_status":"open","ping_status":"closed","template":"","meta":[],"product_brand":[824],"product_cat":[4570],"product_tag":[],"class_list":{"0":"post-402627","1":"product","2":"type-product","3":"status-publish","4":"has-post-thumbnail","6":"product_brand-pedago","7":"product_cat-parts-bogensport-fitness","9":"first","10":"instock","11":"shipping-taxable","12":"purchasable","13":"product-type-variable"},"_links":{"self":[{"href":"https:\/\/bogensportdiscount.ch\/fr\/wp-json\/wp\/v2\/product\/402627","targetHints":{"allow":["GET"]}}],"collection":[{"href":"https:\/\/bogensportdiscount.ch\/fr\/wp-json\/wp\/v2\/product"}],"about":[{"href":"https:\/\/bogensportdiscount.ch\/fr\/wp-json\/wp\/v2\/types\/product"}],"replies":[{"embeddable":true,"href":"https:\/\/bogensportdiscount.ch\/fr\/wp-json\/wp\/v2\/comments?post=402627"}],"wp:featuredmedia":[{"embeddable":true,"href":"https:\/\/bogensportdiscount.ch\/fr\/wp-json\/wp\/v2\/media\/450309"}],"wp:attachment":[{"href":"https:\/\/bogensportdiscount.ch\/fr\/wp-json\/wp\/v2\/media?parent=402627"}],"wp:term":[{"taxonomy":"product_brand","embeddable":true,"href":"https:\/\/bogensportdiscount.ch\/fr\/wp-json\/wp\/v2\/product_brand?post=402627"},{"taxonomy":"product_cat","embeddable":true,"href":"https:\/\/bogensportdiscount.ch\/fr\/wp-json\/wp\/v2\/product_cat?post=402627"},{"taxonomy":"product_tag","embeddable":true,"href":"https:\/\/bogensportdiscount.ch\/fr\/wp-json\/wp\/v2\/product_tag?post=402627"}],"curies":[{"name":"wp","href":"https:\/\/api.w.org\/{rel}","templated":true}]}}