{"id":402404,"date":"2026-04-05T14:47:34","date_gmt":"2026-04-05T12:47:34","guid":{"rendered":"https:\/\/bogensportdiscount.ch\/produkt\/triumph-g-uni-size-350-12-pk\/"},"modified":"2026-04-17T18:41:10","modified_gmt":"2026-04-17T16:41:10","slug":"easton-triumph-g-uni-bushing-universal","status":"publish","type":"product","link":"https:\/\/bogensportdiscount.ch\/fr\/produit\/easton-triumph-g-uni-bushing-universal\/","title":{"rendered":"EASTON TRIUMPH G UNI SIZE 12\/PK"},"content":{"rendered":"<p>Das Easton Triumph G Uni-Bushing ist ein Pfeilkomponenten-Zubeh\u00f6r f\u00fcr Sch\u00fctzen, die Easton Triumph Sch\u00e4fte verwenden. Als Nock-Bushing wird es in den Pfeilschaft eingesetzt und sorgt f\u00fcr eine stabile und zuverl\u00e4ssige Befestigung der Nocke.<\/p>\n<p>Das Bushing ist in drei Spine-Varianten erh\u00e4ltlich (350, 400, 450) und l\u00e4sst sich so passend zum jeweiligen Schaft ausw\u00e4hlen. Die Herstellung erfolgt in den USA.<\/p>\n<ul>\n<li>Universelles Nock-Bushing f\u00fcr Easton Triumph Sch\u00e4fte<\/li>\n<li>Erh\u00e4ltlich in Spine 350, 400 und 450<\/li>\n<li>Sorgt f\u00fcr sicheren Sitz der Nocke am Schaft<\/li>\n<li>Fabriqu\u00e9 aux \u00c9tats-Unis<\/li>\n<\/ul>","protected":false},"excerpt":{"rendered":"<p>Das Easton Triumph G Uni-Bushing ist ein universell einsetzbares Nock-Bushing f\u00fcr Easton Triumph Pfeile. Es ist in den Spine-Gr\u00f6ssen 350, 400 und 450 erh\u00e4ltlich und erm\u00f6glicht einen sicheren Sitz der Nocke am Pfeilschaft.<\/p>","protected":false},"featured_media":452610,"comment_status":"open","ping_status":"closed","template":"","meta":[],"product_brand":[417],"product_cat":[4550],"product_tag":[],"class_list":{"0":"post-402404","1":"product","2":"type-product","3":"status-publish","4":"has-post-thumbnail","6":"product_brand-easton","7":"product_cat-uni-bushings-pfeil-komponenten","9":"first","10":"instock","11":"shipping-taxable","12":"purchasable","13":"product-type-variable"},"_links":{"self":[{"href":"https:\/\/bogensportdiscount.ch\/fr\/wp-json\/wp\/v2\/product\/402404","targetHints":{"allow":["GET"]}}],"collection":[{"href":"https:\/\/bogensportdiscount.ch\/fr\/wp-json\/wp\/v2\/product"}],"about":[{"href":"https:\/\/bogensportdiscount.ch\/fr\/wp-json\/wp\/v2\/types\/product"}],"replies":[{"embeddable":true,"href":"https:\/\/bogensportdiscount.ch\/fr\/wp-json\/wp\/v2\/comments?post=402404"}],"wp:featuredmedia":[{"embeddable":true,"href":"https:\/\/bogensportdiscount.ch\/fr\/wp-json\/wp\/v2\/media\/452610"}],"wp:attachment":[{"href":"https:\/\/bogensportdiscount.ch\/fr\/wp-json\/wp\/v2\/media?parent=402404"}],"wp:term":[{"taxonomy":"product_brand","embeddable":true,"href":"https:\/\/bogensportdiscount.ch\/fr\/wp-json\/wp\/v2\/product_brand?post=402404"},{"taxonomy":"product_cat","embeddable":true,"href":"https:\/\/bogensportdiscount.ch\/fr\/wp-json\/wp\/v2\/product_cat?post=402404"},{"taxonomy":"product_tag","embeddable":true,"href":"https:\/\/bogensportdiscount.ch\/fr\/wp-json\/wp\/v2\/product_tag?post=402404"}],"curies":[{"name":"wp","href":"https:\/\/api.w.org\/{rel}","templated":true}]}}