{"id":402400,"date":"2026-04-05T14:47:33","date_gmt":"2026-04-05T12:47:33","guid":{"rendered":"https:\/\/bogensportdiscount.ch\/produkt\/x-nocks-1816-12-pk\/"},"modified":"2026-04-17T18:41:10","modified_gmt":"2026-04-17T16:41:10","slug":"easton-x-nocken","status":"publish","type":"product","link":"https:\/\/bogensportdiscount.ch\/fr\/produit\/easton-x-nocken\/","title":{"rendered":"EASTON \u201cX\u201c NOCKS 12\/PK"},"content":{"rendered":"<p>Die Easton X Nocken sind Ersatz- und Austauschnocken, die speziell f\u00fcr Easton Pfeilsch\u00e4fte entwickelt wurden. Sie werden in Kombination mit entsprechenden Nock-Bushings verwendet und erm\u00f6glichen eine pr\u00e4zise Ausrichtung des Pfeils auf der Sehne.<\/p>\n<p>Als Pfeilkomponente aus dem Hause Easton entsprechen die X Nocken den \u00fcblichen Qualit\u00e4tsstandards des Herstellers und eignen sich f\u00fcr den Einsatz im Trainings- und Wettkampfbereich.<\/p>\n<ul>\n<li>Kompatibel mit passenden Easton Nock-Bushings<\/li>\n<li>Gleichm\u00e4ssige Sehnenauflage f\u00fcr konsistenten Abschuss<\/li>\n<li>Fabriqu\u00e9 aux \u00c9tats-Unis<\/li>\n<li>Geeignet als Ersatz- oder Reservenocken<\/li>\n<\/ul>","protected":false},"excerpt":{"rendered":"<p>Die Easton X Nocken sind kompatible Ersatznocken f\u00fcr Easton Pfeilsch\u00e4fte. Sie sorgen f\u00fcr eine zuverl\u00e4ssige und gleichm\u00e4ssige Auflage der Sehne und sind f\u00fcr den Einsatz mit passenden Uni-Bushings ausgelegt.<\/p>","protected":false},"featured_media":452608,"comment_status":"open","ping_status":"closed","template":"","meta":[],"product_brand":[417],"product_cat":[4550],"product_tag":[],"class_list":{"0":"post-402400","1":"product","2":"type-product","3":"status-publish","4":"has-post-thumbnail","6":"product_brand-easton","7":"product_cat-uni-bushings-pfeil-komponenten","9":"first","10":"instock","11":"shipping-taxable","12":"purchasable","13":"product-type-variable"},"_links":{"self":[{"href":"https:\/\/bogensportdiscount.ch\/fr\/wp-json\/wp\/v2\/product\/402400","targetHints":{"allow":["GET"]}}],"collection":[{"href":"https:\/\/bogensportdiscount.ch\/fr\/wp-json\/wp\/v2\/product"}],"about":[{"href":"https:\/\/bogensportdiscount.ch\/fr\/wp-json\/wp\/v2\/types\/product"}],"replies":[{"embeddable":true,"href":"https:\/\/bogensportdiscount.ch\/fr\/wp-json\/wp\/v2\/comments?post=402400"}],"wp:featuredmedia":[{"embeddable":true,"href":"https:\/\/bogensportdiscount.ch\/fr\/wp-json\/wp\/v2\/media\/452608"}],"wp:attachment":[{"href":"https:\/\/bogensportdiscount.ch\/fr\/wp-json\/wp\/v2\/media?parent=402400"}],"wp:term":[{"taxonomy":"product_brand","embeddable":true,"href":"https:\/\/bogensportdiscount.ch\/fr\/wp-json\/wp\/v2\/product_brand?post=402400"},{"taxonomy":"product_cat","embeddable":true,"href":"https:\/\/bogensportdiscount.ch\/fr\/wp-json\/wp\/v2\/product_cat?post=402400"},{"taxonomy":"product_tag","embeddable":true,"href":"https:\/\/bogensportdiscount.ch\/fr\/wp-json\/wp\/v2\/product_tag?post=402400"}],"curies":[{"name":"wp","href":"https:\/\/api.w.org\/{rel}","templated":true}]}}