{"id":402258,"date":"2026-04-05T14:47:20","date_gmt":"2026-04-05T12:47:20","guid":{"rendered":"https:\/\/bogensportdiscount.ch\/produkt\/parabol-8-32-17-64-60-grains-clam-pack-12-pk\/"},"modified":"2026-04-17T18:41:20","modified_gmt":"2026-04-17T16:41:20","slug":"easton-parabol-8-32-9-32-50-grains-clam-pack-12er-pack","status":"publish","type":"product","link":"https:\/\/bogensportdiscount.ch\/fr\/produit\/easton-parabol-8-32-9-32-50-grains-clam-pack-12er-pack\/","title":{"rendered":"EASTON PARABOL 8-32 GRAINS CLAM PACK 12\/PK"},"content":{"rendered":"<p>Die Easton Parabol-Eins\u00e4tze mit dem Gewinde 8-32 sind Standardeins\u00e4tze f\u00fcr Carbonpfeile und erm\u00f6glichen die sichere Befestigung von Spitzen mit 8-32-Gewinde. Mit einem Schaftdurchmesser von 9\/32 Zoll passen sie zu g\u00e4ngigen Easton-Pfeilsch\u00e4ften in dieser Gr\u00f6sse.<\/p>\n<p>Das Gewicht von 50 Grains erm\u00f6glicht eine gezielte Abstimmung des Pfeilgewichts und der Vorw\u00e4rtslastigkeit (FOC). Das Clam Pack enth\u00e4lt 12 Eins\u00e4tze und eignet sich sowohl f\u00fcr die Erstausstattung als auch als Ersatz.<\/p>\n<ul>\n<li>Gewinde: 8-32<\/li>\n<li>Durchmesser: 9\/32 Zoll<\/li>\n<li>Gewicht: 50 Grains pro Einsatz<\/li>\n<li>Lieferumfang: 12 St\u00fcck im Clam Pack<\/li>\n<\/ul>","protected":false},"excerpt":{"rendered":"<p><strong>Marque :<\/strong> Easton<\/p>","protected":false},"featured_media":452595,"comment_status":"open","ping_status":"closed","template":"","meta":[],"product_brand":[417],"product_cat":[4545],"product_tag":[],"class_list":{"0":"post-402258","1":"product","2":"type-product","3":"status-publish","4":"has-post-thumbnail","6":"product_brand-easton","7":"product_cat-einschraube-spitzen-pfeil-komponenten","9":"first","10":"instock","11":"shipping-taxable","12":"purchasable","13":"product-type-variable"},"_links":{"self":[{"href":"https:\/\/bogensportdiscount.ch\/fr\/wp-json\/wp\/v2\/product\/402258","targetHints":{"allow":["GET"]}}],"collection":[{"href":"https:\/\/bogensportdiscount.ch\/fr\/wp-json\/wp\/v2\/product"}],"about":[{"href":"https:\/\/bogensportdiscount.ch\/fr\/wp-json\/wp\/v2\/types\/product"}],"replies":[{"embeddable":true,"href":"https:\/\/bogensportdiscount.ch\/fr\/wp-json\/wp\/v2\/comments?post=402258"}],"wp:featuredmedia":[{"embeddable":true,"href":"https:\/\/bogensportdiscount.ch\/fr\/wp-json\/wp\/v2\/media\/452595"}],"wp:attachment":[{"href":"https:\/\/bogensportdiscount.ch\/fr\/wp-json\/wp\/v2\/media?parent=402258"}],"wp:term":[{"taxonomy":"product_brand","embeddable":true,"href":"https:\/\/bogensportdiscount.ch\/fr\/wp-json\/wp\/v2\/product_brand?post=402258"},{"taxonomy":"product_cat","embeddable":true,"href":"https:\/\/bogensportdiscount.ch\/fr\/wp-json\/wp\/v2\/product_cat?post=402258"},{"taxonomy":"product_tag","embeddable":true,"href":"https:\/\/bogensportdiscount.ch\/fr\/wp-json\/wp\/v2\/product_tag?post=402258"}],"curies":[{"name":"wp","href":"https:\/\/api.w.org\/{rel}","templated":true}]}}