{"id":401967,"date":"2026-04-05T14:46:50","date_gmt":"2026-04-05T12:46:50","guid":{"rendered":"https:\/\/bogensportdiscount.ch\/produkt\/nocks-microlite-fi-yellow-100-pk\/"},"modified":"2026-04-17T18:42:19","modified_gmt":"2026-04-17T16:42:19","slug":"easton-innennocke-microlite","status":"publish","type":"product","link":"https:\/\/bogensportdiscount.ch\/fr\/produit\/easton-innennocke-microlite\/","title":{"rendered":"EASTON NOCKS MICROLITE 100\/PK"},"content":{"rendered":"<p>Die Easton Microlite Innennocke ist speziell f\u00fcr Pfeilsch\u00e4fte mit kleinem Innendurchmesser konzipiert. Als Innennocke wird sie direkt in das hintere Ende des Schafts eingesetzt und bietet eine sichere, pr\u00e4zise Auflage auf der Bogensehne.<\/p>\n<p>Dank des leichten Designs beeinflusst die Microlite das Gesamtgewicht des Pfeils kaum und ist damit besonders f\u00fcr leichte Pfeilkonfigurationen geeignet. Die Nocke ist in sechs verschiedenen Farben erh\u00e4ltlich, was eine einfache Unterscheidung von Pfeilen erm\u00f6glicht.<\/p>\n<ul>\n<li>Leichte Bauweise als Innennocke<\/li>\n<li>Passend f\u00fcr Sch\u00e4fte mit kleinem Innendurchmesser<\/li>\n<li>Erh\u00e4ltlich in 6 Farben: Green, Orange, Red, Smoke, White, Yellow<\/li>\n<li>F\u00fcr den Einsatz mit kompatiblen Easton-Sch\u00e4ften<\/li>\n<\/ul>","protected":false},"excerpt":{"rendered":"<p><strong>Marque :<\/strong> Easton<\/p>","protected":false},"featured_media":450227,"comment_status":"open","ping_status":"closed","template":"","meta":[],"product_brand":[417],"product_cat":[4238],"product_tag":[],"class_list":{"0":"post-401967","1":"product","2":"type-product","3":"status-publish","4":"has-post-thumbnail","6":"product_brand-easton","7":"product_cat-innere-nocken","9":"first","10":"instock","11":"shipping-taxable","12":"purchasable","13":"product-type-variable"},"_links":{"self":[{"href":"https:\/\/bogensportdiscount.ch\/fr\/wp-json\/wp\/v2\/product\/401967","targetHints":{"allow":["GET"]}}],"collection":[{"href":"https:\/\/bogensportdiscount.ch\/fr\/wp-json\/wp\/v2\/product"}],"about":[{"href":"https:\/\/bogensportdiscount.ch\/fr\/wp-json\/wp\/v2\/types\/product"}],"replies":[{"embeddable":true,"href":"https:\/\/bogensportdiscount.ch\/fr\/wp-json\/wp\/v2\/comments?post=401967"}],"wp:featuredmedia":[{"embeddable":true,"href":"https:\/\/bogensportdiscount.ch\/fr\/wp-json\/wp\/v2\/media\/450227"}],"wp:attachment":[{"href":"https:\/\/bogensportdiscount.ch\/fr\/wp-json\/wp\/v2\/media?parent=401967"}],"wp:term":[{"taxonomy":"product_brand","embeddable":true,"href":"https:\/\/bogensportdiscount.ch\/fr\/wp-json\/wp\/v2\/product_brand?post=401967"},{"taxonomy":"product_cat","embeddable":true,"href":"https:\/\/bogensportdiscount.ch\/fr\/wp-json\/wp\/v2\/product_cat?post=401967"},{"taxonomy":"product_tag","embeddable":true,"href":"https:\/\/bogensportdiscount.ch\/fr\/wp-json\/wp\/v2\/product_tag?post=401967"}],"curies":[{"name":"wp","href":"https:\/\/api.w.org\/{rel}","templated":true}]}}