{"id":401922,"date":"2026-04-05T14:46:46","date_gmt":"2026-04-05T12:46:46","guid":{"rendered":"https:\/\/bogensportdiscount.ch\/produkt\/nocks-h-large-groove-green-100-pk\/"},"modified":"2026-04-17T13:46:05","modified_gmt":"2026-04-17T11:46:05","slug":"easton-innennocken-h-large-groove","status":"publish","type":"product","link":"https:\/\/bogensportdiscount.ch\/fr\/produit\/easton-innennocken-h-large-groove\/","title":{"rendered":"EASTON NOCKS \u201eH\u201c LARGE GROOVE 100\/PK"},"content":{"rendered":"<p>Die Easton Innennocken \u00abH\u00bb Large Groove sind auf Pfeile mit einer breiten H-Nut-Kerbe ausgelegt. Die Nocken werden innen in den Pfeilschaft eingesetzt und stellen eine sichere Verbindung zwischen Pfeil und Bogensehne her.<\/p>\n<p>Durch die Farbvielfalt \u2013 Gr\u00fcn, Orange, Rot, Weiss und Gelb \u2013 lassen sich Pfeile einfach markieren und im Training oder Wettkampf schnell zuordnen. Die Nocken stammen aus US-amerikanischer Produktion und entsprechen der bekannten Easton-Qualit\u00e4t.<\/p>\n<ul>\n<li>Innennocken f\u00fcr Pfeile mit H-Nut (Large Groove)<\/li>\n<li>Sicherer Sitz auf der Bogensehne<\/li>\n<li>Verf\u00fcgbar in 5 Farben zur Pfeilmarkierung<\/li>\n<li>Fabriqu\u00e9 aux \u00c9tats-Unis<\/li>\n<\/ul>","protected":false},"excerpt":{"rendered":"<p>Die Easton Innennocken \u00abH\u00bb Large Groove sind passend f\u00fcr Pfeile mit einer grossen H-Nut und eignen sich f\u00fcr den Einsatz mit Standard-Bogenschn\u00fcren. Erh\u00e4ltlich in den Farben Gr\u00fcn, Orange, Rot, Weiss und Gelb.<\/p>","protected":false},"featured_media":450223,"comment_status":"open","ping_status":"closed","template":"","meta":[],"product_brand":[417],"product_cat":[4238],"product_tag":[],"class_list":{"0":"post-401922","1":"product","2":"type-product","3":"status-publish","4":"has-post-thumbnail","6":"product_brand-easton","7":"product_cat-innere-nocken","9":"first","10":"instock","11":"shipping-taxable","12":"purchasable","13":"product-type-variable"},"_links":{"self":[{"href":"https:\/\/bogensportdiscount.ch\/fr\/wp-json\/wp\/v2\/product\/401922","targetHints":{"allow":["GET"]}}],"collection":[{"href":"https:\/\/bogensportdiscount.ch\/fr\/wp-json\/wp\/v2\/product"}],"about":[{"href":"https:\/\/bogensportdiscount.ch\/fr\/wp-json\/wp\/v2\/types\/product"}],"replies":[{"embeddable":true,"href":"https:\/\/bogensportdiscount.ch\/fr\/wp-json\/wp\/v2\/comments?post=401922"}],"wp:featuredmedia":[{"embeddable":true,"href":"https:\/\/bogensportdiscount.ch\/fr\/wp-json\/wp\/v2\/media\/450223"}],"wp:attachment":[{"href":"https:\/\/bogensportdiscount.ch\/fr\/wp-json\/wp\/v2\/media?parent=401922"}],"wp:term":[{"taxonomy":"product_brand","embeddable":true,"href":"https:\/\/bogensportdiscount.ch\/fr\/wp-json\/wp\/v2\/product_brand?post=401922"},{"taxonomy":"product_cat","embeddable":true,"href":"https:\/\/bogensportdiscount.ch\/fr\/wp-json\/wp\/v2\/product_cat?post=401922"},{"taxonomy":"product_tag","embeddable":true,"href":"https:\/\/bogensportdiscount.ch\/fr\/wp-json\/wp\/v2\/product_tag?post=401922"}],"curies":[{"name":"wp","href":"https:\/\/api.w.org\/{rel}","templated":true}]}}