{"id":401628,"date":"2026-04-05T14:46:16","date_gmt":"2026-04-05T12:46:16","guid":{"rendered":"https:\/\/bogensportdiscount.ch\/produkt\/chestguards-easton-x-small-lh-white-black\/"},"modified":"2026-04-17T18:42:03","modified_gmt":"2026-04-17T16:42:03","slug":"easton-brustschutz","status":"publish","type":"product","link":"https:\/\/bogensportdiscount.ch\/fr\/produit\/easton-brustschutz\/","title":{"rendered":"Prot\u00e8ge-poitrine Easton"},"content":{"rendered":"<p>Der Brustschutz von Easton ist f\u00fcr Bogensch\u00fctzinnen und Bogensch\u00fctzen konzipiert, die beim Schiessen einen zuverl\u00e4ssigen Schutz der Brust- und Schulterpartie w\u00fcnschen. Er verhindert, dass die Bogensehne beim Abschuss an der Kleidung oder dem K\u00f6rper h\u00e4ngen bleibt.<\/p>\n<p>Das Modell ist f\u00fcr Links- und Rechtsh\u00e4nder geeignet und in f\u00fcnf Gr\u00f6ssen (S, M, L, XL, XXL) erh\u00e4ltlich, sodass eine passende Wahl f\u00fcr unterschiedliche K\u00f6rpergr\u00f6ssen m\u00f6glich ist.<\/p>\n<ul>\n<li>Erh\u00e4ltlich in S, M, L, XL und XXL<\/li>\n<li>Geeignet f\u00fcr Links- und Rechtsh\u00e4nder<\/li>\n<li>Schutz vor Sehnenabrieb beim Abschuss<\/li>\n<li>Vom erfahrenen Bogensport-Hersteller Easton<\/li>\n<\/ul>","protected":false},"excerpt":{"rendered":"<p>Der Easton Brustschutz sch\u00fctzt zuverl\u00e4ssig beim Bogenschiessen und ist in den Gr\u00f6ssen S, M, L, XL und XXL erh\u00e4ltlich. Geeignet f\u00fcr Links- und Rechtsh\u00e4nder.<\/p>","protected":false},"featured_media":439903,"comment_status":"open","ping_status":"closed","template":"","meta":[],"product_brand":[417],"product_cat":[4180],"product_tag":[],"class_list":{"0":"post-401628","1":"product","2":"type-product","3":"status-publish","4":"has-post-thumbnail","6":"product_brand-easton","7":"product_cat-brustschutz","9":"first","10":"instock","11":"shipping-taxable","12":"purchasable","13":"product-type-variable"},"_links":{"self":[{"href":"https:\/\/bogensportdiscount.ch\/fr\/wp-json\/wp\/v2\/product\/401628","targetHints":{"allow":["GET"]}}],"collection":[{"href":"https:\/\/bogensportdiscount.ch\/fr\/wp-json\/wp\/v2\/product"}],"about":[{"href":"https:\/\/bogensportdiscount.ch\/fr\/wp-json\/wp\/v2\/types\/product"}],"replies":[{"embeddable":true,"href":"https:\/\/bogensportdiscount.ch\/fr\/wp-json\/wp\/v2\/comments?post=401628"}],"wp:featuredmedia":[{"embeddable":true,"href":"https:\/\/bogensportdiscount.ch\/fr\/wp-json\/wp\/v2\/media\/439903"}],"wp:attachment":[{"href":"https:\/\/bogensportdiscount.ch\/fr\/wp-json\/wp\/v2\/media?parent=401628"}],"wp:term":[{"taxonomy":"product_brand","embeddable":true,"href":"https:\/\/bogensportdiscount.ch\/fr\/wp-json\/wp\/v2\/product_brand?post=401628"},{"taxonomy":"product_cat","embeddable":true,"href":"https:\/\/bogensportdiscount.ch\/fr\/wp-json\/wp\/v2\/product_cat?post=401628"},{"taxonomy":"product_tag","embeddable":true,"href":"https:\/\/bogensportdiscount.ch\/fr\/wp-json\/wp\/v2\/product_tag?post=401628"}],"curies":[{"name":"wp","href":"https:\/\/api.w.org\/{rel}","templated":true}]}}