{"id":401236,"date":"2026-04-05T14:45:36","date_gmt":"2026-04-05T12:45:36","guid":{"rendered":"https:\/\/bogensportdiscount.ch\/produkt\/modules-trx-v-70-cct-a-trx-7-trx-38-30-trx-8-31\/"},"modified":"2026-05-14T15:26:04","modified_gmt":"2026-05-14T13:26:04","slug":"mathews-modul-trx-v-70-prozent-cct-a-trx-7-trx-38-trx-8","status":"publish","type":"product","link":"https:\/\/bogensportdiscount.ch\/fr\/produit\/mathews-modul-trx-v-70-prozent-cct-a-trx-7-trx-38-trx-8\/","title":{"rendered":"MODULES MATHEWS TRX V 70% CCT-A : TRX 7 - TRX 38 = 30\u2033 \/ TRX 8 = 31"},"content":{"rendered":"<p>Das Mathews Modul TRX V 70% CCT-A ist ein Ersatz- bzw. Tuning-Modul f\u00fcr die Mathews Compoundb\u00f6gen der TRX-Serie. Es erm\u00f6glicht die Anpassung der Auszugsl\u00e4nge an individuelle Bed\u00fcrfnisse und ist kompatibel mit den Modellen TRX 7 und TRX 38 (bis 30&#8243;) sowie dem TRX 8 (bis 31&#8243;).<\/p>\n<p>Die Module werden direkt auf die Nocken (Cams) des Bogens montiert und erm\u00f6glichen eine pr\u00e4zise Einstellung der Auszugsl\u00e4nge in Halbzoll-Schritten. Das CCT-A-System steht f\u00fcr die spezifische Cam-Technologie von Mathews, die auf gleichm\u00e4ssige Kraftentfaltung und Reproduzierbarkeit ausgelegt ist.<\/p>\n<ul>\n<li>Kompatibel mit Mathews TRX 7, TRX 38 und TRX 8<\/li>\n<li>Auszugsl\u00e4ngen von 23.5&#8243; bis 30&#8243; in Halbzoll-Schritten<\/li>\n<li>70 % Let-off<\/li>\n<li>Pi\u00e8ce de rechange d'origine MATHEWS<\/li>\n<\/ul>","protected":false},"excerpt":{"rendered":"<table>\n<tr>\n<th>Propri\u00e9t\u00e9<\/th>\n<th>Valeur<\/th>\n<\/tr>\n<tr>\n<td>Marque<\/td>\n<td>Mathews<\/td>\n<\/tr>\n<tr>\n<td>Type<\/td>\n<td>Module<\/td>\n<\/tr>\n<tr>\n<td>Pays d'origine<\/td>\n<td>USA<\/td>\n<\/tr>\n<\/table>","protected":false},"featured_media":450097,"comment_status":"open","ping_status":"closed","template":"","meta":[],"product_brand":[427],"product_cat":[4526],"product_tag":[],"class_list":{"0":"post-401236","1":"product","2":"type-product","3":"status-publish","4":"has-post-thumbnail","6":"product_brand-mathews","7":"product_cat-einzelteile-fuer-compound-boegen","8":"product_shipping_class-bsd-standard","10":"first","11":"onbackorder","12":"shipping-taxable","13":"purchasable","14":"product-type-variable"},"yoast_head":"<!-- This site is optimized with the Yoast SEO plugin v27.6 - https:\/\/yoast.com\/product\/yoast-seo-wordpress\/ -->\n<title>MATHEWS MODULES TRX V 70% CCT-A : TRX 7 - TRX 38 = 30&quot; \/ TRX 8 = 31 - Bogensportdiscount \u2013 B\u00f6gen, Pfeile, Targets &amp; Zubeh\u00f6r<\/title>\n<meta name=\"description\" content=\"MATHEWS MODULES TRX V 70% CCT-A : TRX 7 - TRX 38 = 30&quot; \/ TRX 8 = 31 g\u00fcnstig kaufen bei Bogensportdiscount \u2013 Top-Marken, schneller Versand aus der Schweiz.\" \/>\n<meta name=\"robots\" content=\"index, follow, max-snippet:-1, max-image-preview:large, max-video-preview:-1\" \/>\n<link rel=\"canonical\" href=\"https:\/\/bogensportdiscount.ch\/fr\/produit\/mathews-modul-trx-v-70-prozent-cct-a-trx-7-trx-38-trx-8\/\" \/>\n<meta property=\"og:locale\" content=\"fr_FR\" \/>\n<meta property=\"og:type\" content=\"article\" \/>\n<meta property=\"og:title\" content=\"MATHEWS MODULES TRX V 70% CCT-A : TRX 7 - TRX 38 = 30&quot; \/ TRX 8 = 31 - Bogensportdiscount \u2013 B\u00f6gen, Pfeile, Targets &amp; Zubeh\u00f6r\" \/>\n<meta property=\"og:description\" content=\"MATHEWS MODULES TRX V 70% CCT-A : TRX 7 - TRX 38 = 30&quot; \/ TRX 8 = 31 g\u00fcnstig kaufen bei Bogensportdiscount \u2013 Top-Marken, schneller Versand aus der Schweiz.\" \/>\n<meta property=\"og:url\" content=\"https:\/\/bogensportdiscount.ch\/fr\/produit\/mathews-modul-trx-v-70-prozent-cct-a-trx-7-trx-38-trx-8\/\" \/>\n<meta property=\"og:site_name\" content=\"Bogensportdiscount \u2013 B\u00f6gen, Pfeile, Targets &amp; Zubeh\u00f6r\" \/>\n<meta property=\"article:modified_time\" content=\"2026-05-14T13:26:04+00:00\" \/>\n<meta property=\"og:image\" content=\"https:\/\/bogensportdiscount.ch\/wp-content\/uploads\/bsm-images\/A027911_1.png\" \/>\n\t<meta property=\"og:image:width\" content=\"1235\" \/>\n\t<meta property=\"og:image:height\" content=\"1242\" \/>\n\t<meta property=\"og:image:type\" content=\"image\/png\" \/>\n<meta name=\"twitter:card\" content=\"summary_large_image\" \/>\n<meta name=\"twitter:label1\" content=\"Dur\u00e9e de lecture estim\u00e9e\" \/>\n\t<meta name=\"twitter:data1\" content=\"1 minute\" \/>\n<script type=\"application\/ld+json\" class=\"yoast-schema-graph\">{\"@context\":\"https:\\\/\\\/schema.org\",\"@graph\":[{\"@type\":\"WebPage\",\"@id\":\"https:\\\/\\\/bogensportdiscount.ch\\\/produkt\\\/mathews-modul-trx-v-70-prozent-cct-a-trx-7-trx-38-trx-8\\\/\",\"url\":\"https:\\\/\\\/bogensportdiscount.ch\\\/produkt\\\/mathews-modul-trx-v-70-prozent-cct-a-trx-7-trx-38-trx-8\\\/\",\"name\":\"MATHEWS MODULES TRX V 70% CCT-A : TRX 7 - TRX 38 = 30\\\" \\\/ TRX 8 = 31 - Bogensportdiscount \u2013 B\u00f6gen, Pfeile, Targets &amp; Zubeh\u00f6r\",\"isPartOf\":{\"@id\":\"https:\\\/\\\/bogensportdiscount.ch\\\/#website\"},\"primaryImageOfPage\":{\"@id\":\"https:\\\/\\\/bogensportdiscount.ch\\\/produkt\\\/mathews-modul-trx-v-70-prozent-cct-a-trx-7-trx-38-trx-8\\\/#primaryimage\"},\"image\":{\"@id\":\"https:\\\/\\\/bogensportdiscount.ch\\\/produkt\\\/mathews-modul-trx-v-70-prozent-cct-a-trx-7-trx-38-trx-8\\\/#primaryimage\"},\"thumbnailUrl\":\"https:\\\/\\\/bogensportdiscount.ch\\\/wp-content\\\/uploads\\\/bsm-images\\\/A027911_1.png\",\"datePublished\":\"2026-04-05T12:45:36+00:00\",\"dateModified\":\"2026-05-14T13:26:04+00:00\",\"description\":\"MATHEWS MODULES TRX V 70% CCT-A : TRX 7 - TRX 38 = 30\\\" \\\/ TRX 8 = 31 g\u00fcnstig kaufen bei Bogensportdiscount \u2013 Top-Marken, schneller Versand aus der Schweiz.\",\"breadcrumb\":{\"@id\":\"https:\\\/\\\/bogensportdiscount.ch\\\/produkt\\\/mathews-modul-trx-v-70-prozent-cct-a-trx-7-trx-38-trx-8\\\/#breadcrumb\"},\"inLanguage\":\"fr-FR\",\"potentialAction\":[{\"@type\":\"ReadAction\",\"target\":[\"https:\\\/\\\/bogensportdiscount.ch\\\/produkt\\\/mathews-modul-trx-v-70-prozent-cct-a-trx-7-trx-38-trx-8\\\/\"]}]},{\"@type\":\"ImageObject\",\"inLanguage\":\"fr-FR\",\"@id\":\"https:\\\/\\\/bogensportdiscount.ch\\\/produkt\\\/mathews-modul-trx-v-70-prozent-cct-a-trx-7-trx-38-trx-8\\\/#primaryimage\",\"url\":\"https:\\\/\\\/bogensportdiscount.ch\\\/wp-content\\\/uploads\\\/bsm-images\\\/A027911_1.png\",\"contentUrl\":\"https:\\\/\\\/bogensportdiscount.ch\\\/wp-content\\\/uploads\\\/bsm-images\\\/A027911_1.png\",\"width\":1235,\"height\":1242},{\"@type\":\"BreadcrumbList\",\"@id\":\"https:\\\/\\\/bogensportdiscount.ch\\\/produkt\\\/mathews-modul-trx-v-70-prozent-cct-a-trx-7-trx-38-trx-8\\\/#breadcrumb\",\"itemListElement\":[{\"@type\":\"ListItem\",\"position\":1,\"name\":\"Home\",\"item\":\"https:\\\/\\\/bogensportdiscount.ch\\\/\"},{\"@type\":\"ListItem\",\"position\":2,\"name\":\"Shop\",\"item\":\"https:\\\/\\\/bogensportdiscount.ch\\\/shop\\\/\"},{\"@type\":\"ListItem\",\"position\":3,\"name\":\"MATHEWS MODULES TRX V 70% CCT-A : TRX 7 &#8211; TRX 38 = 30&#8243; \\\/ TRX 8 = 31\"}]},{\"@type\":\"WebSite\",\"@id\":\"https:\\\/\\\/bogensportdiscount.ch\\\/#website\",\"url\":\"https:\\\/\\\/bogensportdiscount.ch\\\/\",\"name\":\"Bogensportdiscount\",\"description\":\"\",\"potentialAction\":[{\"@type\":\"SearchAction\",\"target\":{\"@type\":\"EntryPoint\",\"urlTemplate\":\"https:\\\/\\\/bogensportdiscount.ch\\\/?s={search_term_string}\"},\"query-input\":{\"@type\":\"PropertyValueSpecification\",\"valueRequired\":true,\"valueName\":\"search_term_string\"}}],\"inLanguage\":\"fr-FR\"}]}<\/script>\n<!-- \/ Yoast SEO plugin. -->","yoast_head_json":{"title":"MATHEWS MODULES TRX V 70% CCT-A : TRX 7 - TRX 38 = 30\" \/ TRX 8 = 31 - Bogensportdiscount \u2013 B\u00f6gen, Pfeile, Targets &amp; Zubeh\u00f6r","description":"MATHEWS MODULES TRX V 70% CCT-A : TRX 7 - TRX 38 = 30\" \/ TRX 8 = 31 g\u00fcnstig kaufen bei Bogensportdiscount \u2013 Top-Marken, schneller Versand aus der Schweiz.","robots":{"index":"index","follow":"follow","max-snippet":"max-snippet:-1","max-image-preview":"max-image-preview:large","max-video-preview":"max-video-preview:-1"},"canonical":"https:\/\/bogensportdiscount.ch\/fr\/produit\/mathews-modul-trx-v-70-prozent-cct-a-trx-7-trx-38-trx-8\/","og_locale":"fr_FR","og_type":"article","og_title":"MATHEWS MODULES TRX V 70% CCT-A : TRX 7 - TRX 38 = 30\" \/ TRX 8 = 31 - Bogensportdiscount \u2013 B\u00f6gen, Pfeile, Targets &amp; Zubeh\u00f6r","og_description":"MATHEWS MODULES TRX V 70% CCT-A : TRX 7 - TRX 38 = 30\" \/ TRX 8 = 31 g\u00fcnstig kaufen bei Bogensportdiscount \u2013 Top-Marken, schneller Versand aus der Schweiz.","og_url":"https:\/\/bogensportdiscount.ch\/fr\/produit\/mathews-modul-trx-v-70-prozent-cct-a-trx-7-trx-38-trx-8\/","og_site_name":"Bogensportdiscount \u2013 B\u00f6gen, Pfeile, Targets &amp; Zubeh\u00f6r","article_modified_time":"2026-05-14T13:26:04+00:00","og_image":[{"width":1235,"height":1242,"url":"https:\/\/bogensportdiscount.ch\/wp-content\/uploads\/bsm-images\/A027911_1.png","type":"image\/png"}],"twitter_card":"summary_large_image","twitter_misc":{"Dur\u00e9e de lecture estim\u00e9e":"1 minute"},"schema":{"@context":"https:\/\/schema.org","@graph":[{"@type":"WebPage","@id":"https:\/\/bogensportdiscount.ch\/produkt\/mathews-modul-trx-v-70-prozent-cct-a-trx-7-trx-38-trx-8\/","url":"https:\/\/bogensportdiscount.ch\/produkt\/mathews-modul-trx-v-70-prozent-cct-a-trx-7-trx-38-trx-8\/","name":"MATHEWS MODULES TRX V 70% CCT-A : TRX 7 - TRX 38 = 30\" \/ TRX 8 = 31 - Bogensportdiscount \u2013 B\u00f6gen, Pfeile, Targets &amp; Zubeh\u00f6r","isPartOf":{"@id":"https:\/\/bogensportdiscount.ch\/#website"},"primaryImageOfPage":{"@id":"https:\/\/bogensportdiscount.ch\/produkt\/mathews-modul-trx-v-70-prozent-cct-a-trx-7-trx-38-trx-8\/#primaryimage"},"image":{"@id":"https:\/\/bogensportdiscount.ch\/produkt\/mathews-modul-trx-v-70-prozent-cct-a-trx-7-trx-38-trx-8\/#primaryimage"},"thumbnailUrl":"https:\/\/bogensportdiscount.ch\/wp-content\/uploads\/bsm-images\/A027911_1.png","datePublished":"2026-04-05T12:45:36+00:00","dateModified":"2026-05-14T13:26:04+00:00","description":"MATHEWS MODULES TRX V 70% CCT-A : TRX 7 - TRX 38 = 30\" \/ TRX 8 = 31 g\u00fcnstig kaufen bei Bogensportdiscount \u2013 Top-Marken, schneller Versand aus der Schweiz.","breadcrumb":{"@id":"https:\/\/bogensportdiscount.ch\/produkt\/mathews-modul-trx-v-70-prozent-cct-a-trx-7-trx-38-trx-8\/#breadcrumb"},"inLanguage":"fr-FR","potentialAction":[{"@type":"ReadAction","target":["https:\/\/bogensportdiscount.ch\/produkt\/mathews-modul-trx-v-70-prozent-cct-a-trx-7-trx-38-trx-8\/"]}]},{"@type":"ImageObject","inLanguage":"fr-FR","@id":"https:\/\/bogensportdiscount.ch\/produkt\/mathews-modul-trx-v-70-prozent-cct-a-trx-7-trx-38-trx-8\/#primaryimage","url":"https:\/\/bogensportdiscount.ch\/wp-content\/uploads\/bsm-images\/A027911_1.png","contentUrl":"https:\/\/bogensportdiscount.ch\/wp-content\/uploads\/bsm-images\/A027911_1.png","width":1235,"height":1242},{"@type":"BreadcrumbList","@id":"https:\/\/bogensportdiscount.ch\/produkt\/mathews-modul-trx-v-70-prozent-cct-a-trx-7-trx-38-trx-8\/#breadcrumb","itemListElement":[{"@type":"ListItem","position":1,"name":"Home","item":"https:\/\/bogensportdiscount.ch\/"},{"@type":"ListItem","position":2,"name":"Shop","item":"https:\/\/bogensportdiscount.ch\/shop\/"},{"@type":"ListItem","position":3,"name":"MATHEWS MODULES TRX V 70% CCT-A : TRX 7 &#8211; TRX 38 = 30&#8243; \/ TRX 8 = 31"}]},{"@type":"WebSite","@id":"https:\/\/bogensportdiscount.ch\/#website","url":"https:\/\/bogensportdiscount.ch\/","name":"Bogensportdiscount","description":"","potentialAction":[{"@type":"SearchAction","target":{"@type":"EntryPoint","urlTemplate":"https:\/\/bogensportdiscount.ch\/?s={search_term_string}"},"query-input":{"@type":"PropertyValueSpecification","valueRequired":true,"valueName":"search_term_string"}}],"inLanguage":"fr-FR"}]}},"_links":{"self":[{"href":"https:\/\/bogensportdiscount.ch\/fr\/wp-json\/wp\/v2\/product\/401236","targetHints":{"allow":["GET"]}}],"collection":[{"href":"https:\/\/bogensportdiscount.ch\/fr\/wp-json\/wp\/v2\/product"}],"about":[{"href":"https:\/\/bogensportdiscount.ch\/fr\/wp-json\/wp\/v2\/types\/product"}],"replies":[{"embeddable":true,"href":"https:\/\/bogensportdiscount.ch\/fr\/wp-json\/wp\/v2\/comments?post=401236"}],"wp:featuredmedia":[{"embeddable":true,"href":"https:\/\/bogensportdiscount.ch\/fr\/wp-json\/wp\/v2\/media\/450097"}],"wp:attachment":[{"href":"https:\/\/bogensportdiscount.ch\/fr\/wp-json\/wp\/v2\/media?parent=401236"}],"wp:term":[{"taxonomy":"product_brand","embeddable":true,"href":"https:\/\/bogensportdiscount.ch\/fr\/wp-json\/wp\/v2\/product_brand?post=401236"},{"taxonomy":"product_cat","embeddable":true,"href":"https:\/\/bogensportdiscount.ch\/fr\/wp-json\/wp\/v2\/product_cat?post=401236"},{"taxonomy":"product_tag","embeddable":true,"href":"https:\/\/bogensportdiscount.ch\/fr\/wp-json\/wp\/v2\/product_tag?post=401236"}],"curies":[{"name":"wp","href":"https:\/\/api.w.org\/{rel}","templated":true}]}}