{"id":401154,"date":"2026-04-05T14:45:28","date_gmt":"2026-04-05T12:45:28","guid":{"rendered":"https:\/\/bogensportdiscount.ch\/produkt\/modules-nc-htr-e-28-hl\/"},"modified":"2026-05-14T15:26:03","modified_gmt":"2026-05-14T13:26:03","slug":"mathews-modul-nc-htr","status":"publish","type":"product","link":"https:\/\/bogensportdiscount.ch\/fr\/produit\/mathews-modul-nc-htr\/","title":{"rendered":"MODULES MATHEWS NC-HTR \/ HL"},"content":{"rendered":"<p>Le module MATHEWS NC-HTR est un module de remplacement et d'accessoire pour les arcs \u00e0 poulies MATHEWS compatibles. Les modules contr\u00f4lent la courbe de puissance et l'allonge de l'arc et permettent une adaptation pr\u00e9cise au tireur.<\/p>\n<p>Le remplacement ou l'ajustement du module est une m\u00e9thode courante pour r\u00e9gler un arc \u00e0 poulies MATHEWS sur une nouvelle allonge ou pour modifier la sensation de traction. Le module est mont\u00e9 directement sur la came (cam) de l'arc.<\/p>\n<ul>\n<li>Module MATHEWS original pour mod\u00e8les compatibles<\/li>\n<li>Fabriqu\u00e9 aux \u00c9tats-Unis<\/li>\n<li>Permet l'adaptation de l'allonge ou de la courbe de puissance<\/li>\n<li>Fabrication pr\u00e9cise pour une utilisation fiable<\/li>\n<\/ul>","protected":false},"excerpt":{"rendered":"<table>\n<tr>\n<th>Propri\u00e9t\u00e9<\/th>\n<th>Valeur<\/th>\n<\/tr>\n<tr>\n<td>Marque<\/td>\n<td>Mathews<\/td>\n<\/tr>\n<tr>\n<td>Type<\/td>\n<td>Module<\/td>\n<\/tr>\n<tr>\n<td>Pays d'origine<\/td>\n<td>USA<\/td>\n<\/tr>\n<\/table>","protected":false},"featured_media":522951,"comment_status":"open","ping_status":"closed","template":"","meta":[],"product_brand":[427],"product_cat":[4526],"product_tag":[],"class_list":{"0":"post-401154","1":"product","2":"type-product","3":"status-publish","4":"has-post-thumbnail","6":"product_brand-mathews","7":"product_cat-einzelteile-fuer-compound-boegen","8":"product_shipping_class-bsd-standard","10":"first","11":"instock","12":"shipping-taxable","13":"purchasable","14":"product-type-variable"},"yoast_head":"<!-- This site is optimized with the Yoast SEO plugin v27.6 - https:\/\/yoast.com\/product\/yoast-seo-wordpress\/ -->\n<title>\u00ab AVALON DOUBLE ARMGUARDS XL 32.5CM POLYESTER 600D 4 FASTENERS \u00bb \u2014 Bogensportdiscount \u2013 Arcs, fl\u00e8ches, cibles &amp; accessoires<\/title>\n<meta name=\"description\" content=\"\u00ab MAXIMAL TRINEX 8\u2033 CNC MACHINED W\/ DAMPERS AND WEIGHTS BLACK HUNTING &amp; 3D STABILIZER \u00bb \u2014 Bogensportdiscount \u2013 Arcs, fl\u00e8ches, cibles &amp; accessoires\" \/>\n<meta name=\"robots\" content=\"index, follow, max-snippet:-1, max-image-preview:large, max-video-preview:-1\" \/>\n<link rel=\"canonical\" href=\"https:\/\/bogensportdiscount.ch\/fr\/produit\/mathews-modul-nc-htr\/\" \/>\n<meta property=\"og:locale\" content=\"fr_FR\" \/>\n<meta property=\"og:type\" content=\"article\" \/>\n<meta property=\"og:title\" content=\"\u00ab AVALON DOUBLE ARMGUARDS XL 32.5CM POLYESTER 600D 4 FASTENERS \u00bb \u2014 Bogensportdiscount \u2013 Arcs, fl\u00e8ches, cibles &amp; accessoires\" \/>\n<meta property=\"og:description\" content=\"\u00ab MAXIMAL TRINEX 8\u2033 CNC MACHINED W\/ DAMPERS AND WEIGHTS BLACK HUNTING &amp; 3D STABILIZER \u00bb \u2014 Bogensportdiscount \u2013 Arcs, fl\u00e8ches, cibles &amp; accessoires\" \/>\n<meta property=\"og:url\" content=\"https:\/\/bogensportdiscount.ch\/fr\/produit\/mathews-modul-nc-htr\/\" \/>\n<meta property=\"og:site_name\" content=\"Bogensportdiscount \u2013 B\u00f6gen, Pfeile, Targets &amp; Zubeh\u00f6r\" \/>\n<meta property=\"article:modified_time\" content=\"2026-05-14T13:26:03+00:00\" \/>\n<meta property=\"og:image\" content=\"https:\/\/bogensportdiscount.ch\/wp-content\/uploads\/bsm-images\/A032641_1.jpg\" \/>\n\t<meta property=\"og:image:width\" content=\"1023\" \/>\n\t<meta property=\"og:image:height\" content=\"682\" \/>\n\t<meta property=\"og:image:type\" content=\"image\/jpeg\" \/>\n<meta name=\"twitter:card\" content=\"summary_large_image\" \/>\n<meta name=\"twitter:label1\" content=\"Dur\u00e9e de lecture estim\u00e9e\" \/>\n\t<meta name=\"twitter:data1\" content=\"1 minute\" \/>\n<script type=\"application\/ld+json\" class=\"yoast-schema-graph\">{\"@context\":\"https:\\\/\\\/schema.org\",\"@graph\":[{\"@type\":\"WebPage\",\"@id\":\"https:\\\/\\\/bogensportdiscount.ch\\\/produkt\\\/mathews-modul-nc-htr\\\/\",\"url\":\"https:\\\/\\\/bogensportdiscount.ch\\\/produkt\\\/mathews-modul-nc-htr\\\/\",\"name\":\"MATHEWS MODULES NC-HTR \\\/ HL - Bogensportdiscount \u2013 B\u00f6gen, Pfeile, Targets &amp; Zubeh\u00f6r\",\"isPartOf\":{\"@id\":\"https:\\\/\\\/bogensportdiscount.ch\\\/#website\"},\"primaryImageOfPage\":{\"@id\":\"https:\\\/\\\/bogensportdiscount.ch\\\/produkt\\\/mathews-modul-nc-htr\\\/#primaryimage\"},\"image\":{\"@id\":\"https:\\\/\\\/bogensportdiscount.ch\\\/produkt\\\/mathews-modul-nc-htr\\\/#primaryimage\"},\"thumbnailUrl\":\"https:\\\/\\\/bogensportdiscount.ch\\\/wp-content\\\/uploads\\\/bsm-images\\\/A032641_1.jpg\",\"datePublished\":\"2026-04-05T12:45:28+00:00\",\"dateModified\":\"2026-05-14T13:26:03+00:00\",\"description\":\"MATHEWS MODULES NC-HTR \\\/ HL g\u00fcnstig kaufen bei Bogensportdiscount \u2013 Top-Marken, schneller Versand aus der Schweiz.\",\"breadcrumb\":{\"@id\":\"https:\\\/\\\/bogensportdiscount.ch\\\/produkt\\\/mathews-modul-nc-htr\\\/#breadcrumb\"},\"inLanguage\":\"fr-FR\",\"potentialAction\":[{\"@type\":\"ReadAction\",\"target\":[\"https:\\\/\\\/bogensportdiscount.ch\\\/produkt\\\/mathews-modul-nc-htr\\\/\"]}]},{\"@type\":\"ImageObject\",\"inLanguage\":\"fr-FR\",\"@id\":\"https:\\\/\\\/bogensportdiscount.ch\\\/produkt\\\/mathews-modul-nc-htr\\\/#primaryimage\",\"url\":\"https:\\\/\\\/bogensportdiscount.ch\\\/wp-content\\\/uploads\\\/bsm-images\\\/A032641_1.jpg\",\"contentUrl\":\"https:\\\/\\\/bogensportdiscount.ch\\\/wp-content\\\/uploads\\\/bsm-images\\\/A032641_1.jpg\",\"width\":1023,\"height\":682},{\"@type\":\"BreadcrumbList\",\"@id\":\"https:\\\/\\\/bogensportdiscount.ch\\\/produkt\\\/mathews-modul-nc-htr\\\/#breadcrumb\",\"itemListElement\":[{\"@type\":\"ListItem\",\"position\":1,\"name\":\"Home\",\"item\":\"https:\\\/\\\/bogensportdiscount.ch\\\/\"},{\"@type\":\"ListItem\",\"position\":2,\"name\":\"Shop\",\"item\":\"https:\\\/\\\/bogensportdiscount.ch\\\/shop\\\/\"},{\"@type\":\"ListItem\",\"position\":3,\"name\":\"MATHEWS MODULES NC-HTR \\\/ HL\"}]},{\"@type\":\"WebSite\",\"@id\":\"https:\\\/\\\/bogensportdiscount.ch\\\/#website\",\"url\":\"https:\\\/\\\/bogensportdiscount.ch\\\/\",\"name\":\"Bogensportdiscount\",\"description\":\"\",\"potentialAction\":[{\"@type\":\"SearchAction\",\"target\":{\"@type\":\"EntryPoint\",\"urlTemplate\":\"https:\\\/\\\/bogensportdiscount.ch\\\/?s={search_term_string}\"},\"query-input\":{\"@type\":\"PropertyValueSpecification\",\"valueRequired\":true,\"valueName\":\"search_term_string\"}}],\"inLanguage\":\"fr-FR\"}]}<\/script>\n<!-- \/ Yoast SEO plugin. -->","yoast_head_json":{"title":"\u00ab AVALON DOUBLE ARMGUARDS XL 32.5CM POLYESTER 600D 4 FASTENERS \u00bb \u2014 Bogensportdiscount \u2013 Arcs, fl\u00e8ches, cibles & accessoires","description":"\u00ab MAXIMAL TRINEX 8\u2033 CNC MACHINED W\/ DAMPERS AND WEIGHTS BLACK HUNTING & 3D STABILIZER \u00bb \u2014 Bogensportdiscount \u2013 Arcs, fl\u00e8ches, cibles & accessoires","robots":{"index":"index","follow":"follow","max-snippet":"max-snippet:-1","max-image-preview":"max-image-preview:large","max-video-preview":"max-video-preview:-1"},"canonical":"https:\/\/bogensportdiscount.ch\/fr\/produit\/mathews-modul-nc-htr\/","og_locale":"fr_FR","og_type":"article","og_title":"\u00ab AVALON DOUBLE ARMGUARDS XL 32.5CM POLYESTER 600D 4 FASTENERS \u00bb \u2014 Bogensportdiscount \u2013 Arcs, fl\u00e8ches, cibles & accessoires","og_description":"\u00ab MAXIMAL TRINEX 8\u2033 CNC MACHINED W\/ DAMPERS AND WEIGHTS BLACK HUNTING & 3D STABILIZER \u00bb \u2014 Bogensportdiscount \u2013 Arcs, fl\u00e8ches, cibles & accessoires","og_url":"https:\/\/bogensportdiscount.ch\/fr\/produit\/mathews-modul-nc-htr\/","og_site_name":"Bogensportdiscount \u2013 B\u00f6gen, Pfeile, Targets &amp; Zubeh\u00f6r","article_modified_time":"2026-05-14T13:26:03+00:00","og_image":[{"width":1023,"height":682,"url":"https:\/\/bogensportdiscount.ch\/wp-content\/uploads\/bsm-images\/A032641_1.jpg","type":"image\/jpeg"}],"twitter_card":"summary_large_image","twitter_misc":{"Dur\u00e9e de lecture estim\u00e9e":"1 minute"},"schema":{"@context":"https:\/\/schema.org","@graph":[{"@type":"WebPage","@id":"https:\/\/bogensportdiscount.ch\/produkt\/mathews-modul-nc-htr\/","url":"https:\/\/bogensportdiscount.ch\/produkt\/mathews-modul-nc-htr\/","name":"\u00ab AVALON DOUBLE ARMGUARDS XL 32.5CM POLYESTER 600D 4 FASTENERS \u00bb \u2014 Bogensportdiscount \u2013 Arcs, fl\u00e8ches, cibles &amp; accessoires","isPartOf":{"@id":"https:\/\/bogensportdiscount.ch\/#website"},"primaryImageOfPage":{"@id":"https:\/\/bogensportdiscount.ch\/produkt\/mathews-modul-nc-htr\/#primaryimage"},"image":{"@id":"https:\/\/bogensportdiscount.ch\/produkt\/mathews-modul-nc-htr\/#primaryimage"},"thumbnailUrl":"https:\/\/bogensportdiscount.ch\/wp-content\/uploads\/bsm-images\/A032641_1.jpg","datePublished":"2026-04-05T12:45:28+00:00","dateModified":"2026-05-14T13:26:03+00:00","description":"\u00ab MAXIMAL TRINEX 8\u2033 CNC MACHINED W\/ DAMPERS AND WEIGHTS BLACK HUNTING &amp; 3D STABILIZER \u00bb \u2014 Bogensportdiscount \u2013 Arcs, fl\u00e8ches, cibles &amp; accessoires","breadcrumb":{"@id":"https:\/\/bogensportdiscount.ch\/produkt\/mathews-modul-nc-htr\/#breadcrumb"},"inLanguage":"fr-FR","potentialAction":[{"@type":"ReadAction","target":["https:\/\/bogensportdiscount.ch\/produkt\/mathews-modul-nc-htr\/"]}]},{"@type":"ImageObject","inLanguage":"fr-FR","@id":"https:\/\/bogensportdiscount.ch\/produkt\/mathews-modul-nc-htr\/#primaryimage","url":"https:\/\/bogensportdiscount.ch\/wp-content\/uploads\/bsm-images\/A032641_1.jpg","contentUrl":"https:\/\/bogensportdiscount.ch\/wp-content\/uploads\/bsm-images\/A032641_1.jpg","width":1023,"height":682},{"@type":"BreadcrumbList","@id":"https:\/\/bogensportdiscount.ch\/produkt\/mathews-modul-nc-htr\/#breadcrumb","itemListElement":[{"@type":"ListItem","position":1,"name":"Home","item":"https:\/\/bogensportdiscount.ch\/"},{"@type":"ListItem","position":2,"name":"Shop","item":"https:\/\/bogensportdiscount.ch\/shop\/"},{"@type":"ListItem","position":3,"name":"MATHEWS MODULES NC-HTR \/ HL"}]},{"@type":"WebSite","@id":"https:\/\/bogensportdiscount.ch\/#website","url":"https:\/\/bogensportdiscount.ch\/","name":"Bogensportdiscount","description":"","potentialAction":[{"@type":"SearchAction","target":{"@type":"EntryPoint","urlTemplate":"https:\/\/bogensportdiscount.ch\/?s={search_term_string}"},"query-input":{"@type":"PropertyValueSpecification","valueRequired":true,"valueName":"search_term_string"}}],"inLanguage":"fr-FR"}]}},"_links":{"self":[{"href":"https:\/\/bogensportdiscount.ch\/fr\/wp-json\/wp\/v2\/product\/401154","targetHints":{"allow":["GET"]}}],"collection":[{"href":"https:\/\/bogensportdiscount.ch\/fr\/wp-json\/wp\/v2\/product"}],"about":[{"href":"https:\/\/bogensportdiscount.ch\/fr\/wp-json\/wp\/v2\/types\/product"}],"replies":[{"embeddable":true,"href":"https:\/\/bogensportdiscount.ch\/fr\/wp-json\/wp\/v2\/comments?post=401154"}],"wp:featuredmedia":[{"embeddable":true,"href":"https:\/\/bogensportdiscount.ch\/fr\/wp-json\/wp\/v2\/media\/522951"}],"wp:attachment":[{"href":"https:\/\/bogensportdiscount.ch\/fr\/wp-json\/wp\/v2\/media?parent=401154"}],"wp:term":[{"taxonomy":"product_brand","embeddable":true,"href":"https:\/\/bogensportdiscount.ch\/fr\/wp-json\/wp\/v2\/product_brand?post=401154"},{"taxonomy":"product_cat","embeddable":true,"href":"https:\/\/bogensportdiscount.ch\/fr\/wp-json\/wp\/v2\/product_cat?post=401154"},{"taxonomy":"product_tag","embeddable":true,"href":"https:\/\/bogensportdiscount.ch\/fr\/wp-json\/wp\/v2\/product_tag?post=401154"}],"curies":[{"name":"wp","href":"https:\/\/api.w.org\/{rel}","templated":true}]}}