{"id":401037,"date":"2026-04-05T14:45:15","date_gmt":"2026-04-05T12:45:15","guid":{"rendered":"https:\/\/bogensportdiscount.ch\/produkt\/cams-wheels-for-compound-bows-2010-monster-6-7-base-cam-a\/"},"modified":"2026-05-14T15:26:00","modified_gmt":"2026-05-14T13:26:00","slug":"mathews-cams-raeder-compoundbogen-2010-monster-6-7-base-cam","status":"publish","type":"product","link":"https:\/\/bogensportdiscount.ch\/fr\/produit\/mathews-cams-raeder-compoundbogen-2010-monster-6-7-base-cam\/","title":{"rendered":"MATHEWS NOCKENKURBELN F\u00dcR COMPOUNDBOGEN 2010 MONSTER 6 &amp; 7 BASE CAM"},"content":{"rendered":"<p>Ces cams\/roues MATHEWS sont con\u00e7us comme pi\u00e8ces de rechange pour les arcs \u00e0 poulies Monster 6 et Monster 7 de l'ann\u00e9e 2010. Ils sont livr\u00e9s en version Base Cam et permettent le remplacement \u00e0 l'identique des cams d\u00e9fectueux ou us\u00e9s.<\/p>\n<p>Les cams sont des composants essentiels d'un arc \u00e0 poulies et influencent consid\u00e9rablement le comportement de la courbe de traction ainsi que les caract\u00e9ristiques de tir. L'utilisation de cams MATHEWS d'origine garantit que l'arc conserve ses valeurs de performance et de r\u00e9glage d'origine.<\/p>\n<ul>\n<li>Compatible avec MATHEWS Monster 6 et Monster 7 (2010)<\/li>\n<li>Version Base Cam<\/li>\n<li>Remplacement d'origine pour les cams d\u00e9fectueux ou us\u00e9s<\/li>\n<li>Pr\u00e9serve les sp\u00e9cifications d'origine de l'arc<\/li>\n<\/ul>","protected":false},"excerpt":{"rendered":"<table>\n<tr>\n<th>Propri\u00e9t\u00e9<\/th>\n<th>Valeur<\/th>\n<\/tr>\n<tr>\n<td>Marque<\/td>\n<td>Mathews<\/td>\n<\/tr>\n<tr>\n<td>Type<\/td>\n<td>Cam<\/td>\n<\/tr>\n<tr>\n<td>Pays d'origine<\/td>\n<td>USA<\/td>\n<\/tr>\n<\/table>","protected":false},"featured_media":522944,"comment_status":"open","ping_status":"closed","template":"","meta":[],"product_brand":[427],"product_cat":[4526],"product_tag":[],"class_list":{"0":"post-401037","1":"product","2":"type-product","3":"status-publish","4":"has-post-thumbnail","6":"product_brand-mathews","7":"product_cat-einzelteile-fuer-compound-boegen","8":"product_shipping_class-bsd-standard","10":"first","11":"onbackorder","12":"shipping-taxable","13":"purchasable","14":"product-type-variable"},"yoast_head":"<!-- This site is optimized with the Yoast SEO plugin v27.6 - https:\/\/yoast.com\/product\/yoast-seo-wordpress\/ -->\n<title>MATHEWS NOCKENKURBELN F\u00dcR COMPOUNDBOGEN 2010 MONSTER 6 &amp; 7 BASE CAM - Bogensportdiscount \u2013 B\u00f6gen, Pfeile, Targets &amp; Zubeh\u00f6r<\/title>\n<meta name=\"description\" content=\"MATHEWS NOCKENKURBELN F\u00dcR COMPOUNDBOGEN 2010 MONSTER 6 &amp; 7 BASE CAM g\u00fcnstig kaufen bei Bogensportdiscount \u2013 Top-Marken, schneller Versand aus der Schweiz.\" \/>\n<meta name=\"robots\" content=\"index, follow, max-snippet:-1, max-image-preview:large, max-video-preview:-1\" \/>\n<link rel=\"canonical\" href=\"https:\/\/bogensportdiscount.ch\/fr\/produit\/mathews-cams-raeder-compoundbogen-2010-monster-6-7-base-cam\/\" \/>\n<meta property=\"og:locale\" content=\"fr_FR\" \/>\n<meta property=\"og:type\" content=\"article\" \/>\n<meta property=\"og:title\" content=\"MATHEWS NOCKENKURBELN F\u00dcR COMPOUNDBOGEN 2010 MONSTER 6 &amp; 7 BASE CAM - Bogensportdiscount \u2013 B\u00f6gen, Pfeile, Targets &amp; Zubeh\u00f6r\" \/>\n<meta property=\"og:description\" content=\"MATHEWS NOCKENKURBELN F\u00dcR COMPOUNDBOGEN 2010 MONSTER 6 &amp; 7 BASE CAM g\u00fcnstig kaufen bei Bogensportdiscount \u2013 Top-Marken, schneller Versand aus der Schweiz.\" \/>\n<meta property=\"og:url\" content=\"https:\/\/bogensportdiscount.ch\/fr\/produit\/mathews-cams-raeder-compoundbogen-2010-monster-6-7-base-cam\/\" \/>\n<meta property=\"og:site_name\" content=\"Bogensportdiscount \u2013 B\u00f6gen, Pfeile, Targets &amp; Zubeh\u00f6r\" \/>\n<meta property=\"article:modified_time\" content=\"2026-05-14T13:26:00+00:00\" \/>\n<meta property=\"og:image\" content=\"https:\/\/bogensportdiscount.ch\/wp-content\/uploads\/bsm-images\/A032615_1.jpg\" \/>\n\t<meta property=\"og:image:width\" content=\"1023\" \/>\n\t<meta property=\"og:image:height\" content=\"682\" \/>\n\t<meta property=\"og:image:type\" content=\"image\/jpeg\" \/>\n<meta name=\"twitter:card\" content=\"summary_large_image\" \/>\n<script type=\"application\/ld+json\" class=\"yoast-schema-graph\">{\"@context\":\"https:\\\/\\\/schema.org\",\"@graph\":[{\"@type\":\"WebPage\",\"@id\":\"https:\\\/\\\/bogensportdiscount.ch\\\/produkt\\\/mathews-cams-raeder-compoundbogen-2010-monster-6-7-base-cam\\\/\",\"url\":\"https:\\\/\\\/bogensportdiscount.ch\\\/produkt\\\/mathews-cams-raeder-compoundbogen-2010-monster-6-7-base-cam\\\/\",\"name\":\"MATHEWS NOCKENKURBELN F\u00dcR COMPOUNDBOGEN 2010 MONSTER 6 &amp; 7 BASE CAM - Bogensportdiscount \u2013 B\u00f6gen, Pfeile, Targets &amp; Zubeh\u00f6r\",\"isPartOf\":{\"@id\":\"https:\\\/\\\/bogensportdiscount.ch\\\/#website\"},\"primaryImageOfPage\":{\"@id\":\"https:\\\/\\\/bogensportdiscount.ch\\\/produkt\\\/mathews-cams-raeder-compoundbogen-2010-monster-6-7-base-cam\\\/#primaryimage\"},\"image\":{\"@id\":\"https:\\\/\\\/bogensportdiscount.ch\\\/produkt\\\/mathews-cams-raeder-compoundbogen-2010-monster-6-7-base-cam\\\/#primaryimage\"},\"thumbnailUrl\":\"https:\\\/\\\/bogensportdiscount.ch\\\/wp-content\\\/uploads\\\/bsm-images\\\/A032615_1.jpg\",\"datePublished\":\"2026-04-05T12:45:15+00:00\",\"dateModified\":\"2026-05-14T13:26:00+00:00\",\"description\":\"MATHEWS NOCKENKURBELN F\u00dcR COMPOUNDBOGEN 2010 MONSTER 6 &amp; 7 BASE CAM g\u00fcnstig kaufen bei Bogensportdiscount \u2013 Top-Marken, schneller Versand aus der Schweiz.\",\"breadcrumb\":{\"@id\":\"https:\\\/\\\/bogensportdiscount.ch\\\/produkt\\\/mathews-cams-raeder-compoundbogen-2010-monster-6-7-base-cam\\\/#breadcrumb\"},\"inLanguage\":\"fr-FR\",\"potentialAction\":[{\"@type\":\"ReadAction\",\"target\":[\"https:\\\/\\\/bogensportdiscount.ch\\\/produkt\\\/mathews-cams-raeder-compoundbogen-2010-monster-6-7-base-cam\\\/\"]}]},{\"@type\":\"ImageObject\",\"inLanguage\":\"fr-FR\",\"@id\":\"https:\\\/\\\/bogensportdiscount.ch\\\/produkt\\\/mathews-cams-raeder-compoundbogen-2010-monster-6-7-base-cam\\\/#primaryimage\",\"url\":\"https:\\\/\\\/bogensportdiscount.ch\\\/wp-content\\\/uploads\\\/bsm-images\\\/A032615_1.jpg\",\"contentUrl\":\"https:\\\/\\\/bogensportdiscount.ch\\\/wp-content\\\/uploads\\\/bsm-images\\\/A032615_1.jpg\",\"width\":1023,\"height\":682},{\"@type\":\"BreadcrumbList\",\"@id\":\"https:\\\/\\\/bogensportdiscount.ch\\\/produkt\\\/mathews-cams-raeder-compoundbogen-2010-monster-6-7-base-cam\\\/#breadcrumb\",\"itemListElement\":[{\"@type\":\"ListItem\",\"position\":1,\"name\":\"Home\",\"item\":\"https:\\\/\\\/bogensportdiscount.ch\\\/\"},{\"@type\":\"ListItem\",\"position\":2,\"name\":\"Shop\",\"item\":\"https:\\\/\\\/bogensportdiscount.ch\\\/shop\\\/\"},{\"@type\":\"ListItem\",\"position\":3,\"name\":\"MATHEWS CAMS\\\/WHEELS FOR COMPOUND BOWS 2010 MONSTER 6 &amp; 7 BASE CAM\"}]},{\"@type\":\"WebSite\",\"@id\":\"https:\\\/\\\/bogensportdiscount.ch\\\/#website\",\"url\":\"https:\\\/\\\/bogensportdiscount.ch\\\/\",\"name\":\"Bogensportdiscount\",\"description\":\"\",\"potentialAction\":[{\"@type\":\"SearchAction\",\"target\":{\"@type\":\"EntryPoint\",\"urlTemplate\":\"https:\\\/\\\/bogensportdiscount.ch\\\/?s={search_term_string}\"},\"query-input\":{\"@type\":\"PropertyValueSpecification\",\"valueRequired\":true,\"valueName\":\"search_term_string\"}}],\"inLanguage\":\"fr-FR\"}]}<\/script>\n<!-- \/ Yoast SEO plugin. -->","yoast_head_json":{"title":"MATHEWS NOCKENKURBELN F\u00dcR COMPOUNDBOGEN 2010 MONSTER 6 &amp; 7 BASE CAM - Bogensportdiscount \u2013 B\u00f6gen, Pfeile, Targets &amp; Zubeh\u00f6r","description":"MATHEWS NOCKENKURBELN F\u00dcR COMPOUNDBOGEN 2010 MONSTER 6 &amp; 7 BASE CAM g\u00fcnstig kaufen bei Bogensportdiscount \u2013 Top-Marken, schneller Versand aus der Schweiz.","robots":{"index":"index","follow":"follow","max-snippet":"max-snippet:-1","max-image-preview":"max-image-preview:large","max-video-preview":"max-video-preview:-1"},"canonical":"https:\/\/bogensportdiscount.ch\/fr\/produit\/mathews-cams-raeder-compoundbogen-2010-monster-6-7-base-cam\/","og_locale":"fr_FR","og_type":"article","og_title":"MATHEWS NOCKENKURBELN F\u00dcR COMPOUNDBOGEN 2010 MONSTER 6 &amp; 7 BASE CAM - Bogensportdiscount \u2013 B\u00f6gen, Pfeile, Targets &amp; Zubeh\u00f6r","og_description":"MATHEWS NOCKENKURBELN F\u00dcR COMPOUNDBOGEN 2010 MONSTER 6 &amp; 7 BASE CAM g\u00fcnstig kaufen bei Bogensportdiscount \u2013 Top-Marken, schneller Versand aus der Schweiz.","og_url":"https:\/\/bogensportdiscount.ch\/fr\/produit\/mathews-cams-raeder-compoundbogen-2010-monster-6-7-base-cam\/","og_site_name":"Bogensportdiscount \u2013 B\u00f6gen, Pfeile, Targets &amp; Zubeh\u00f6r","article_modified_time":"2026-05-14T13:26:00+00:00","og_image":[{"width":1023,"height":682,"url":"https:\/\/bogensportdiscount.ch\/wp-content\/uploads\/bsm-images\/A032615_1.jpg","type":"image\/jpeg"}],"twitter_card":"summary_large_image","schema":{"@context":"https:\/\/schema.org","@graph":[{"@type":"WebPage","@id":"https:\/\/bogensportdiscount.ch\/produkt\/mathews-cams-raeder-compoundbogen-2010-monster-6-7-base-cam\/","url":"https:\/\/bogensportdiscount.ch\/produkt\/mathews-cams-raeder-compoundbogen-2010-monster-6-7-base-cam\/","name":"MATHEWS NOCKENKURBELN F\u00dcR COMPOUNDBOGEN 2010 MONSTER 6 &amp; 7 BASE CAM - Bogensportdiscount \u2013 B\u00f6gen, Pfeile, Targets &amp; Zubeh\u00f6r","isPartOf":{"@id":"https:\/\/bogensportdiscount.ch\/#website"},"primaryImageOfPage":{"@id":"https:\/\/bogensportdiscount.ch\/produkt\/mathews-cams-raeder-compoundbogen-2010-monster-6-7-base-cam\/#primaryimage"},"image":{"@id":"https:\/\/bogensportdiscount.ch\/produkt\/mathews-cams-raeder-compoundbogen-2010-monster-6-7-base-cam\/#primaryimage"},"thumbnailUrl":"https:\/\/bogensportdiscount.ch\/wp-content\/uploads\/bsm-images\/A032615_1.jpg","datePublished":"2026-04-05T12:45:15+00:00","dateModified":"2026-05-14T13:26:00+00:00","description":"MATHEWS NOCKENKURBELN F\u00dcR COMPOUNDBOGEN 2010 MONSTER 6 &amp; 7 BASE CAM g\u00fcnstig kaufen bei Bogensportdiscount \u2013 Top-Marken, schneller Versand aus der Schweiz.","breadcrumb":{"@id":"https:\/\/bogensportdiscount.ch\/produkt\/mathews-cams-raeder-compoundbogen-2010-monster-6-7-base-cam\/#breadcrumb"},"inLanguage":"fr-FR","potentialAction":[{"@type":"ReadAction","target":["https:\/\/bogensportdiscount.ch\/produkt\/mathews-cams-raeder-compoundbogen-2010-monster-6-7-base-cam\/"]}]},{"@type":"ImageObject","inLanguage":"fr-FR","@id":"https:\/\/bogensportdiscount.ch\/produkt\/mathews-cams-raeder-compoundbogen-2010-monster-6-7-base-cam\/#primaryimage","url":"https:\/\/bogensportdiscount.ch\/wp-content\/uploads\/bsm-images\/A032615_1.jpg","contentUrl":"https:\/\/bogensportdiscount.ch\/wp-content\/uploads\/bsm-images\/A032615_1.jpg","width":1023,"height":682},{"@type":"BreadcrumbList","@id":"https:\/\/bogensportdiscount.ch\/produkt\/mathews-cams-raeder-compoundbogen-2010-monster-6-7-base-cam\/#breadcrumb","itemListElement":[{"@type":"ListItem","position":1,"name":"Home","item":"https:\/\/bogensportdiscount.ch\/"},{"@type":"ListItem","position":2,"name":"Shop","item":"https:\/\/bogensportdiscount.ch\/shop\/"},{"@type":"ListItem","position":3,"name":"MATHEWS CAMS\/WHEELS FOR COMPOUND BOWS 2010 MONSTER 6 &amp; 7 BASE CAM"}]},{"@type":"WebSite","@id":"https:\/\/bogensportdiscount.ch\/#website","url":"https:\/\/bogensportdiscount.ch\/","name":"Bogensportdiscount","description":"","potentialAction":[{"@type":"SearchAction","target":{"@type":"EntryPoint","urlTemplate":"https:\/\/bogensportdiscount.ch\/?s={search_term_string}"},"query-input":{"@type":"PropertyValueSpecification","valueRequired":true,"valueName":"search_term_string"}}],"inLanguage":"fr-FR"}]}},"_links":{"self":[{"href":"https:\/\/bogensportdiscount.ch\/fr\/wp-json\/wp\/v2\/product\/401037","targetHints":{"allow":["GET"]}}],"collection":[{"href":"https:\/\/bogensportdiscount.ch\/fr\/wp-json\/wp\/v2\/product"}],"about":[{"href":"https:\/\/bogensportdiscount.ch\/fr\/wp-json\/wp\/v2\/types\/product"}],"replies":[{"embeddable":true,"href":"https:\/\/bogensportdiscount.ch\/fr\/wp-json\/wp\/v2\/comments?post=401037"}],"wp:featuredmedia":[{"embeddable":true,"href":"https:\/\/bogensportdiscount.ch\/fr\/wp-json\/wp\/v2\/media\/522944"}],"wp:attachment":[{"href":"https:\/\/bogensportdiscount.ch\/fr\/wp-json\/wp\/v2\/media?parent=401037"}],"wp:term":[{"taxonomy":"product_brand","embeddable":true,"href":"https:\/\/bogensportdiscount.ch\/fr\/wp-json\/wp\/v2\/product_brand?post=401037"},{"taxonomy":"product_cat","embeddable":true,"href":"https:\/\/bogensportdiscount.ch\/fr\/wp-json\/wp\/v2\/product_cat?post=401037"},{"taxonomy":"product_tag","embeddable":true,"href":"https:\/\/bogensportdiscount.ch\/fr\/wp-json\/wp\/v2\/product_tag?post=401037"}],"curies":[{"name":"wp","href":"https:\/\/api.w.org\/{rel}","templated":true}]}}