{"id":400903,"date":"2026-04-05T14:45:03","date_gmt":"2026-04-05T12:45:03","guid":{"rendered":"https:\/\/bogensportdiscount.ch\/produkt\/wraps-standard-dia-7-6mm-19-64-10cm-blue-and-white-flame-13-pk\/"},"modified":"2026-04-17T15:42:11","modified_gmt":"2026-04-17T13:42:11","slug":"bohning-wraps-standard-dia-76mm-19-64-10cm-teal-13pk","status":"publish","type":"product","link":"https:\/\/bogensportdiscount.ch\/fr\/produit\/bohning-wraps-standard-dia-76mm-19-64-10cm-teal-13pk\/","title":{"rendered":"BOHNING STANDARD DIA 7.6MM-19\/64 ARROW WRAP"},"content":{"rendered":"<p>Die BOHNING Wraps Standard sind Pfeilfolien, die vor dem Befiederungsvorgang auf den Pfeilschaft aufgeklebt werden. Sie sch\u00fctzen den Schaft im Befiederungsbereich und erm\u00f6glichen einen besseren Halt der Federn \u2013 besonders bei Carbon-Sch\u00e4ften, auf denen Kleber oft schlechter haftet.<\/p>\n<p>Die Wraps passen f\u00fcr Sch\u00e4fte mit einem Durchmesser von 7.6mm (19\/64&#8243;) und sind 10cm lang. Dank der gleichm\u00e4ssigen Oberfl\u00e4che lassen sich die Federn pr\u00e4zise und dauerhaft aufkleben. Das Paket enth\u00e4lt 13 St\u00fcck in der Farbe Teal.<\/p>\n<ul>\n<li>Durchmesser: 7.6mm (19\/64&#8243;)<\/li>\n<li>L\u00e4nge: 10cm<\/li>\n<li>Packungsinhalt: 13 St\u00fcck<\/li>\n<li>Herkunftsland: USA<\/li>\n<\/ul>","protected":false},"excerpt":{"rendered":"<p>Die BOHNING Standard Wraps sind selbstklebende Pfeilfolien mit einem Durchmesser von 7.6mm (19\/64&#8243;) und einer L\u00e4nge von 10cm. Sie werden auf den Schaft aufgebracht, um die Befiederung zu sch\u00fctzen und die Optik des Pfeils zu gestalten. Das Paket enth\u00e4lt 13 St\u00fcck in der Farbe Teal.<\/p>","protected":false},"featured_media":450093,"comment_status":"open","ping_status":"closed","template":"","meta":[],"product_brand":[444],"product_cat":[4268],"product_tag":[],"class_list":{"0":"post-400903","1":"product","2":"type-product","3":"status-publish","4":"has-post-thumbnail","6":"product_brand-bohning","7":"product_cat-wraps-vanes-nocks-wraps","9":"first","10":"instock","11":"shipping-taxable","12":"purchasable","13":"product-type-variable"},"_links":{"self":[{"href":"https:\/\/bogensportdiscount.ch\/fr\/wp-json\/wp\/v2\/product\/400903","targetHints":{"allow":["GET"]}}],"collection":[{"href":"https:\/\/bogensportdiscount.ch\/fr\/wp-json\/wp\/v2\/product"}],"about":[{"href":"https:\/\/bogensportdiscount.ch\/fr\/wp-json\/wp\/v2\/types\/product"}],"replies":[{"embeddable":true,"href":"https:\/\/bogensportdiscount.ch\/fr\/wp-json\/wp\/v2\/comments?post=400903"}],"wp:featuredmedia":[{"embeddable":true,"href":"https:\/\/bogensportdiscount.ch\/fr\/wp-json\/wp\/v2\/media\/450093"}],"wp:attachment":[{"href":"https:\/\/bogensportdiscount.ch\/fr\/wp-json\/wp\/v2\/media?parent=400903"}],"wp:term":[{"taxonomy":"product_brand","embeddable":true,"href":"https:\/\/bogensportdiscount.ch\/fr\/wp-json\/wp\/v2\/product_brand?post=400903"},{"taxonomy":"product_cat","embeddable":true,"href":"https:\/\/bogensportdiscount.ch\/fr\/wp-json\/wp\/v2\/product_cat?post=400903"},{"taxonomy":"product_tag","embeddable":true,"href":"https:\/\/bogensportdiscount.ch\/fr\/wp-json\/wp\/v2\/product_tag?post=400903"}],"curies":[{"name":"wp","href":"https:\/\/api.w.org\/{rel}","templated":true}]}}