{"id":400813,"date":"2026-04-05T14:44:55","date_gmt":"2026-04-05T12:44:55","guid":{"rendered":"https:\/\/bogensportdiscount.ch\/produkt\/fletching-jigs-parts-wing-holder-for-tri-liner-lh\/"},"modified":"2026-05-14T15:25:59","modified_gmt":"2026-05-14T13:25:59","slug":"beiter-wing-holder-fuer-tri-liner-rh-3er-set","status":"publish","type":"product","link":"https:\/\/bogensportdiscount.ch\/fr\/produit\/beiter-wing-holder-fuer-tri-liner-rh-3er-set\/","title":{"rendered":"BEITER JAUGES &amp; PI\u00c8CES D'EMPENNAGE PORTE-PLUME POUR TRI-LINER GAUCHER"},"content":{"rendered":"<p>Le BEITER Wing Holder est un accessoire pour le BEITER Tri-Liner, un appareil permettant l'empennage pr\u00e9cis des fl\u00e8ches. Le Wing Holder maintient l'empennage dans la position correcte pendant le collage, assurant ainsi un alignement uniforme des plumes.<\/p>\n<p>Ce kit contient 3 Wing Holders en version main droite (LH) et convient aux archers souhaitant \u00e9quiper leurs fl\u00e8ches d'un empennage \u00e0 rotation droite. En tant que pi\u00e8ce de rechange d'origine BEITER, le Wing Holder est con\u00e7u pour le Tri-Liner.<\/p>\n<ul>\n<li>Compatible avec le BEITER Tri-Liner<\/li>\n<li>Version droitier (RH)<\/li>\n<li>Kit de 3 pi\u00e8ces<\/li>\n<li>Pour un empennage pr\u00e9cis et uniforme<\/li>\n<\/ul>","protected":false},"excerpt":{"rendered":"<table>\n<tr>\n<th>Propri\u00e9t\u00e9<\/th>\n<th>Valeur<\/th>\n<\/tr>\n<tr>\n<td>Marque<\/td>\n<td>Beiter<\/td>\n<\/tr>\n<tr>\n<td>Type<\/td>\n<td>Clamp<\/td>\n<\/tr>\n<tr>\n<td>Pays d'origine<\/td>\n<td>USA<\/td>\n<\/tr>\n<\/table>","protected":false},"featured_media":450085,"comment_status":"open","ping_status":"closed","template":"","meta":[],"product_brand":[419],"product_cat":[4141],"product_tag":[],"class_list":{"0":"post-400813","1":"product","2":"type-product","3":"status-publish","4":"has-post-thumbnail","6":"product_brand-beiter","7":"product_cat-befiederungsgeraete-einzelteile","8":"product_shipping_class-bsd-standard","10":"first","11":"instock","12":"shipping-taxable","13":"purchasable","14":"product-type-variable"},"yoast_head":"<!-- This site is optimized with the Yoast SEO plugin v27.6 - https:\/\/yoast.com\/product\/yoast-seo-wordpress\/ -->\n<title>BEITER BEFIEDERUNGS-LEHREN &amp; TEILE FEDER-HALTER F\u00dcR TRI-LINER LINKSHAND - Bogensportdiscount \u2013 B\u00f6gen, Pfeile, Targets &amp; Zubeh\u00f6r<\/title>\n<meta name=\"description\" content=\"BEITER BEFIEDERUNGS-LEHREN &amp; TEILE FEDER-HALTER F\u00dcR TRI-LINER LINKSHAND g\u00fcnstig kaufen bei Bogensportdiscount \u2013 Top-Marken, schneller Versand aus der Schweiz.\" \/>\n<meta name=\"robots\" content=\"index, follow, max-snippet:-1, max-image-preview:large, max-video-preview:-1\" \/>\n<link rel=\"canonical\" href=\"https:\/\/bogensportdiscount.ch\/fr\/produit\/beiter-wing-holder-fuer-tri-liner-rh-3er-set\/\" \/>\n<meta property=\"og:locale\" content=\"fr_FR\" \/>\n<meta property=\"og:type\" content=\"article\" \/>\n<meta property=\"og:title\" content=\"BEITER BEFIEDERUNGS-LEHREN &amp; TEILE FEDER-HALTER F\u00dcR TRI-LINER LINKSHAND - Bogensportdiscount \u2013 B\u00f6gen, Pfeile, Targets &amp; Zubeh\u00f6r\" \/>\n<meta property=\"og:description\" content=\"BEITER BEFIEDERUNGS-LEHREN &amp; TEILE FEDER-HALTER F\u00dcR TRI-LINER LINKSHAND g\u00fcnstig kaufen bei Bogensportdiscount \u2013 Top-Marken, schneller Versand aus der Schweiz.\" \/>\n<meta property=\"og:url\" content=\"https:\/\/bogensportdiscount.ch\/fr\/produit\/beiter-wing-holder-fuer-tri-liner-rh-3er-set\/\" \/>\n<meta property=\"og:site_name\" content=\"Bogensportdiscount \u2013 B\u00f6gen, Pfeile, Targets &amp; Zubeh\u00f6r\" \/>\n<meta property=\"article:modified_time\" content=\"2026-05-14T13:25:59+00:00\" \/>\n<meta property=\"og:image\" content=\"https:\/\/bogensportdiscount.ch\/wp-content\/uploads\/bsm-images\/A027054_1.png\" \/>\n\t<meta property=\"og:image:width\" content=\"640\" \/>\n\t<meta property=\"og:image:height\" content=\"480\" \/>\n\t<meta property=\"og:image:type\" content=\"image\/png\" \/>\n<meta name=\"twitter:card\" content=\"summary_large_image\" \/>\n<meta name=\"twitter:label1\" content=\"Dur\u00e9e de lecture estim\u00e9e\" \/>\n\t<meta name=\"twitter:data1\" content=\"1 minute\" \/>\n<script type=\"application\/ld+json\" class=\"yoast-schema-graph\">{\"@context\":\"https:\\\/\\\/schema.org\",\"@graph\":[{\"@type\":\"WebPage\",\"@id\":\"https:\\\/\\\/bogensportdiscount.ch\\\/produkt\\\/beiter-wing-holder-fuer-tri-liner-rh-3er-set\\\/\",\"url\":\"https:\\\/\\\/bogensportdiscount.ch\\\/produkt\\\/beiter-wing-holder-fuer-tri-liner-rh-3er-set\\\/\",\"name\":\"BEITER BEFIEDERUNGS-LEHREN &amp; TEILE FEDER-HALTER F\u00dcR TRI-LINER LINKSHAND - Bogensportdiscount \u2013 B\u00f6gen, Pfeile, Targets &amp; Zubeh\u00f6r\",\"isPartOf\":{\"@id\":\"https:\\\/\\\/bogensportdiscount.ch\\\/#website\"},\"primaryImageOfPage\":{\"@id\":\"https:\\\/\\\/bogensportdiscount.ch\\\/produkt\\\/beiter-wing-holder-fuer-tri-liner-rh-3er-set\\\/#primaryimage\"},\"image\":{\"@id\":\"https:\\\/\\\/bogensportdiscount.ch\\\/produkt\\\/beiter-wing-holder-fuer-tri-liner-rh-3er-set\\\/#primaryimage\"},\"thumbnailUrl\":\"https:\\\/\\\/bogensportdiscount.ch\\\/wp-content\\\/uploads\\\/bsm-images\\\/A027054_1.png\",\"datePublished\":\"2026-04-05T12:44:55+00:00\",\"dateModified\":\"2026-05-14T13:25:59+00:00\",\"description\":\"BEITER BEFIEDERUNGS-LEHREN &amp; TEILE FEDER-HALTER F\u00dcR TRI-LINER LINKSHAND g\u00fcnstig kaufen bei Bogensportdiscount \u2013 Top-Marken, schneller Versand aus der Schweiz.\",\"breadcrumb\":{\"@id\":\"https:\\\/\\\/bogensportdiscount.ch\\\/produkt\\\/beiter-wing-holder-fuer-tri-liner-rh-3er-set\\\/#breadcrumb\"},\"inLanguage\":\"fr-FR\",\"potentialAction\":[{\"@type\":\"ReadAction\",\"target\":[\"https:\\\/\\\/bogensportdiscount.ch\\\/produkt\\\/beiter-wing-holder-fuer-tri-liner-rh-3er-set\\\/\"]}]},{\"@type\":\"ImageObject\",\"inLanguage\":\"fr-FR\",\"@id\":\"https:\\\/\\\/bogensportdiscount.ch\\\/produkt\\\/beiter-wing-holder-fuer-tri-liner-rh-3er-set\\\/#primaryimage\",\"url\":\"https:\\\/\\\/bogensportdiscount.ch\\\/wp-content\\\/uploads\\\/bsm-images\\\/A027054_1.png\",\"contentUrl\":\"https:\\\/\\\/bogensportdiscount.ch\\\/wp-content\\\/uploads\\\/bsm-images\\\/A027054_1.png\",\"width\":640,\"height\":480},{\"@type\":\"BreadcrumbList\",\"@id\":\"https:\\\/\\\/bogensportdiscount.ch\\\/produkt\\\/beiter-wing-holder-fuer-tri-liner-rh-3er-set\\\/#breadcrumb\",\"itemListElement\":[{\"@type\":\"ListItem\",\"position\":1,\"name\":\"Home\",\"item\":\"https:\\\/\\\/bogensportdiscount.ch\\\/\"},{\"@type\":\"ListItem\",\"position\":2,\"name\":\"Shop\",\"item\":\"https:\\\/\\\/bogensportdiscount.ch\\\/shop\\\/\"},{\"@type\":\"ListItem\",\"position\":3,\"name\":\"BEITER FLETCHING JIGS &amp; PARTS WING HOLDER FOR TRI-LINER LH\"}]},{\"@type\":\"WebSite\",\"@id\":\"https:\\\/\\\/bogensportdiscount.ch\\\/#website\",\"url\":\"https:\\\/\\\/bogensportdiscount.ch\\\/\",\"name\":\"Bogensportdiscount\",\"description\":\"\",\"potentialAction\":[{\"@type\":\"SearchAction\",\"target\":{\"@type\":\"EntryPoint\",\"urlTemplate\":\"https:\\\/\\\/bogensportdiscount.ch\\\/?s={search_term_string}\"},\"query-input\":{\"@type\":\"PropertyValueSpecification\",\"valueRequired\":true,\"valueName\":\"search_term_string\"}}],\"inLanguage\":\"fr-FR\"}]}<\/script>\n<!-- \/ Yoast SEO plugin. -->","yoast_head_json":{"title":"BEITER BEFIEDERUNGS-LEHREN &amp; TEILE FEDER-HALTER F\u00dcR TRI-LINER LINKSHAND - Bogensportdiscount \u2013 B\u00f6gen, Pfeile, Targets &amp; Zubeh\u00f6r","description":"BEITER BEFIEDERUNGS-LEHREN &amp; TEILE FEDER-HALTER F\u00dcR TRI-LINER LINKSHAND g\u00fcnstig kaufen bei Bogensportdiscount \u2013 Top-Marken, schneller Versand aus der Schweiz.","robots":{"index":"index","follow":"follow","max-snippet":"max-snippet:-1","max-image-preview":"max-image-preview:large","max-video-preview":"max-video-preview:-1"},"canonical":"https:\/\/bogensportdiscount.ch\/fr\/produit\/beiter-wing-holder-fuer-tri-liner-rh-3er-set\/","og_locale":"fr_FR","og_type":"article","og_title":"BEITER BEFIEDERUNGS-LEHREN &amp; TEILE FEDER-HALTER F\u00dcR TRI-LINER LINKSHAND - Bogensportdiscount \u2013 B\u00f6gen, Pfeile, Targets &amp; Zubeh\u00f6r","og_description":"BEITER BEFIEDERUNGS-LEHREN &amp; TEILE FEDER-HALTER F\u00dcR TRI-LINER LINKSHAND g\u00fcnstig kaufen bei Bogensportdiscount \u2013 Top-Marken, schneller Versand aus der Schweiz.","og_url":"https:\/\/bogensportdiscount.ch\/fr\/produit\/beiter-wing-holder-fuer-tri-liner-rh-3er-set\/","og_site_name":"Bogensportdiscount \u2013 B\u00f6gen, Pfeile, Targets &amp; Zubeh\u00f6r","article_modified_time":"2026-05-14T13:25:59+00:00","og_image":[{"width":640,"height":480,"url":"https:\/\/bogensportdiscount.ch\/wp-content\/uploads\/bsm-images\/A027054_1.png","type":"image\/png"}],"twitter_card":"summary_large_image","twitter_misc":{"Dur\u00e9e de lecture estim\u00e9e":"1 minute"},"schema":{"@context":"https:\/\/schema.org","@graph":[{"@type":"WebPage","@id":"https:\/\/bogensportdiscount.ch\/produkt\/beiter-wing-holder-fuer-tri-liner-rh-3er-set\/","url":"https:\/\/bogensportdiscount.ch\/produkt\/beiter-wing-holder-fuer-tri-liner-rh-3er-set\/","name":"BEITER BEFIEDERUNGS-LEHREN &amp; TEILE FEDER-HALTER F\u00dcR TRI-LINER LINKSHAND - Bogensportdiscount \u2013 B\u00f6gen, Pfeile, Targets &amp; Zubeh\u00f6r","isPartOf":{"@id":"https:\/\/bogensportdiscount.ch\/#website"},"primaryImageOfPage":{"@id":"https:\/\/bogensportdiscount.ch\/produkt\/beiter-wing-holder-fuer-tri-liner-rh-3er-set\/#primaryimage"},"image":{"@id":"https:\/\/bogensportdiscount.ch\/produkt\/beiter-wing-holder-fuer-tri-liner-rh-3er-set\/#primaryimage"},"thumbnailUrl":"https:\/\/bogensportdiscount.ch\/wp-content\/uploads\/bsm-images\/A027054_1.png","datePublished":"2026-04-05T12:44:55+00:00","dateModified":"2026-05-14T13:25:59+00:00","description":"BEITER BEFIEDERUNGS-LEHREN &amp; TEILE FEDER-HALTER F\u00dcR TRI-LINER LINKSHAND g\u00fcnstig kaufen bei Bogensportdiscount \u2013 Top-Marken, schneller Versand aus der Schweiz.","breadcrumb":{"@id":"https:\/\/bogensportdiscount.ch\/produkt\/beiter-wing-holder-fuer-tri-liner-rh-3er-set\/#breadcrumb"},"inLanguage":"fr-FR","potentialAction":[{"@type":"ReadAction","target":["https:\/\/bogensportdiscount.ch\/produkt\/beiter-wing-holder-fuer-tri-liner-rh-3er-set\/"]}]},{"@type":"ImageObject","inLanguage":"fr-FR","@id":"https:\/\/bogensportdiscount.ch\/produkt\/beiter-wing-holder-fuer-tri-liner-rh-3er-set\/#primaryimage","url":"https:\/\/bogensportdiscount.ch\/wp-content\/uploads\/bsm-images\/A027054_1.png","contentUrl":"https:\/\/bogensportdiscount.ch\/wp-content\/uploads\/bsm-images\/A027054_1.png","width":640,"height":480},{"@type":"BreadcrumbList","@id":"https:\/\/bogensportdiscount.ch\/produkt\/beiter-wing-holder-fuer-tri-liner-rh-3er-set\/#breadcrumb","itemListElement":[{"@type":"ListItem","position":1,"name":"Home","item":"https:\/\/bogensportdiscount.ch\/"},{"@type":"ListItem","position":2,"name":"Shop","item":"https:\/\/bogensportdiscount.ch\/shop\/"},{"@type":"ListItem","position":3,"name":"BEITER FLETCHING JIGS &amp; PARTS WING HOLDER FOR TRI-LINER LH"}]},{"@type":"WebSite","@id":"https:\/\/bogensportdiscount.ch\/#website","url":"https:\/\/bogensportdiscount.ch\/","name":"Bogensportdiscount","description":"","potentialAction":[{"@type":"SearchAction","target":{"@type":"EntryPoint","urlTemplate":"https:\/\/bogensportdiscount.ch\/?s={search_term_string}"},"query-input":{"@type":"PropertyValueSpecification","valueRequired":true,"valueName":"search_term_string"}}],"inLanguage":"fr-FR"}]}},"_links":{"self":[{"href":"https:\/\/bogensportdiscount.ch\/fr\/wp-json\/wp\/v2\/product\/400813","targetHints":{"allow":["GET"]}}],"collection":[{"href":"https:\/\/bogensportdiscount.ch\/fr\/wp-json\/wp\/v2\/product"}],"about":[{"href":"https:\/\/bogensportdiscount.ch\/fr\/wp-json\/wp\/v2\/types\/product"}],"replies":[{"embeddable":true,"href":"https:\/\/bogensportdiscount.ch\/fr\/wp-json\/wp\/v2\/comments?post=400813"}],"wp:featuredmedia":[{"embeddable":true,"href":"https:\/\/bogensportdiscount.ch\/fr\/wp-json\/wp\/v2\/media\/450085"}],"wp:attachment":[{"href":"https:\/\/bogensportdiscount.ch\/fr\/wp-json\/wp\/v2\/media?parent=400813"}],"wp:term":[{"taxonomy":"product_brand","embeddable":true,"href":"https:\/\/bogensportdiscount.ch\/fr\/wp-json\/wp\/v2\/product_brand?post=400813"},{"taxonomy":"product_cat","embeddable":true,"href":"https:\/\/bogensportdiscount.ch\/fr\/wp-json\/wp\/v2\/product_cat?post=400813"},{"taxonomy":"product_tag","embeddable":true,"href":"https:\/\/bogensportdiscount.ch\/fr\/wp-json\/wp\/v2\/product_tag?post=400813"}],"curies":[{"name":"wp","href":"https:\/\/api.w.org\/{rel}","templated":true}]}}