{"id":400690,"date":"2026-04-05T14:44:39","date_gmt":"2026-04-05T12:44:39","guid":{"rendered":"https:\/\/bogensportdiscount.ch\/produkt\/hunting-3d-sights-rush-5-pin-019-rh-blk\/"},"modified":"2026-04-17T15:42:14","modified_gmt":"2026-04-17T13:42:14","slug":"blackgold-compound-jagd-3d-visier-rush","status":"publish","type":"product","link":"https:\/\/bogensportdiscount.ch\/fr\/produit\/blackgold-compound-jagd-3d-visier-rush\/","title":{"rendered":"BLACKGOLD RUSH HUNTING &amp; 3D SIGHT"},"content":{"rendered":"<p>Das BLACKGOLD Rush ist ein Compound-Visier, das speziell f\u00fcr den Einsatz bei der Jagd und im 3D-Bogensport entwickelt wurde. BLACKGOLD ist bekannt f\u00fcr robuste und praxisnahe Visiere, die auch unter anspruchsvollen Bedingungen zuverl\u00e4ssig funktionieren.<\/p>\n<p>Das Rush-Modell richtet sich an Bogensch\u00fctzen, die ein solides und handliches Visier f\u00fcr den t\u00e4glichen Einsatz suchen \u2013 ob auf dem 3D-Parcours oder im Jagdrevier.<\/p>","protected":false},"excerpt":{"rendered":"<p>Das BLACKGOLD Rush ist ein Compound-Visier aus dem Bereich Jagd und 3D-Bogensport. Es eignet sich f\u00fcr Bogensch\u00fctzen, die ein zuverl\u00e4ssiges Visier f\u00fcr den Jagdeinsatz oder 3D-Parcours suchen.<\/p>","protected":false},"featured_media":450058,"comment_status":"open","ping_status":"closed","template":"","meta":[],"product_brand":[513],"product_cat":[4263],"product_tag":[],"class_list":{"0":"post-400690","1":"product","2":"type-product","3":"status-publish","4":"has-post-thumbnail","6":"product_brand-blackgold","7":"product_cat-jagd-und-3d-visiere","9":"first","10":"instock","11":"shipping-taxable","12":"purchasable","13":"product-type-variable"},"_links":{"self":[{"href":"https:\/\/bogensportdiscount.ch\/fr\/wp-json\/wp\/v2\/product\/400690","targetHints":{"allow":["GET"]}}],"collection":[{"href":"https:\/\/bogensportdiscount.ch\/fr\/wp-json\/wp\/v2\/product"}],"about":[{"href":"https:\/\/bogensportdiscount.ch\/fr\/wp-json\/wp\/v2\/types\/product"}],"replies":[{"embeddable":true,"href":"https:\/\/bogensportdiscount.ch\/fr\/wp-json\/wp\/v2\/comments?post=400690"}],"wp:featuredmedia":[{"embeddable":true,"href":"https:\/\/bogensportdiscount.ch\/fr\/wp-json\/wp\/v2\/media\/450058"}],"wp:attachment":[{"href":"https:\/\/bogensportdiscount.ch\/fr\/wp-json\/wp\/v2\/media?parent=400690"}],"wp:term":[{"taxonomy":"product_brand","embeddable":true,"href":"https:\/\/bogensportdiscount.ch\/fr\/wp-json\/wp\/v2\/product_brand?post=400690"},{"taxonomy":"product_cat","embeddable":true,"href":"https:\/\/bogensportdiscount.ch\/fr\/wp-json\/wp\/v2\/product_cat?post=400690"},{"taxonomy":"product_tag","embeddable":true,"href":"https:\/\/bogensportdiscount.ch\/fr\/wp-json\/wp\/v2\/product_tag?post=400690"}],"curies":[{"name":"wp","href":"https:\/\/api.w.org\/{rel}","templated":true}]}}