{"id":400610,"date":"2026-04-05T14:44:30","date_gmt":"2026-04-05T12:44:30","guid":{"rendered":"https:\/\/bogensportdiscount.ch\/produkt\/compound-sights-spc-300-micro-adjust-10-32-carbon-ext-lh-black\/"},"modified":"2026-04-17T13:45:50","modified_gmt":"2026-04-17T11:45:50","slug":"wns-compound-visier-spc-300-micro-adjust-10-32-carbon-ext","status":"publish","type":"product","link":"https:\/\/bogensportdiscount.ch\/fr\/produit\/wns-compound-visier-spc-300-micro-adjust-10-32-carbon-ext\/","title":{"rendered":"WNS COMPOUND SIGHTS SPC-300 MICRO ADJUST 10\/32 CARBON EXT"},"content":{"rendered":"<p>Das WNS SPC-300 Micro Adjust ist ein Compound-Zielvisier f\u00fcr den Target-Bereich. Die Micro-Verstellung erlaubt feinf\u00fchlige Einstellungen in H\u00f6he und Seite, w\u00e4hrend die Carbon-Extension das Visier leicht und stabil h\u00e4lt. Das standardisierte 10\/32-Gewinde gew\u00e4hrleistet Kompatibilit\u00e4t mit g\u00e4ngigen Visier-Pins und Zubeh\u00f6r.<\/p>\n<p>Das Visier ist f\u00fcr Links- und Rechtshand-Sch\u00fctzen erh\u00e4ltlich und kann in den Farben Schwarz, Blau und Rot bestellt werden, um es individuell an den Bogen anzupassen.<\/p>\n<ul>\n<li>Micro-Verstellung f\u00fcr pr\u00e4zise Einstellungen<\/li>\n<li>Carbon-Extension f\u00fcr geringes Gewicht bei hoher Stabilit\u00e4t<\/li>\n<li>10\/32-Gewinde f\u00fcr breite Zubeh\u00f6r-Kompatibilit\u00e4t<\/li>\n<li>Erh\u00e4ltlich f\u00fcr Links- und Rechtshand-Sch\u00fctzen<\/li>\n<\/ul>","protected":false},"excerpt":{"rendered":"<p><strong>Marque :<\/strong> WNS<br \/><strong>Length (inch):<\/strong> 9<\/p>","protected":false},"featured_media":450027,"comment_status":"open","ping_status":"closed","template":"","meta":[],"product_brand":[461],"product_cat":[4261],"product_tag":[],"class_list":{"0":"post-400610","1":"product","2":"type-product","3":"status-publish","4":"has-post-thumbnail","6":"product_brand-wns","7":"product_cat-compound-visiere","9":"first","10":"instock","11":"shipping-taxable","12":"purchasable","13":"product-type-variable"},"_links":{"self":[{"href":"https:\/\/bogensportdiscount.ch\/fr\/wp-json\/wp\/v2\/product\/400610","targetHints":{"allow":["GET"]}}],"collection":[{"href":"https:\/\/bogensportdiscount.ch\/fr\/wp-json\/wp\/v2\/product"}],"about":[{"href":"https:\/\/bogensportdiscount.ch\/fr\/wp-json\/wp\/v2\/types\/product"}],"replies":[{"embeddable":true,"href":"https:\/\/bogensportdiscount.ch\/fr\/wp-json\/wp\/v2\/comments?post=400610"}],"wp:featuredmedia":[{"embeddable":true,"href":"https:\/\/bogensportdiscount.ch\/fr\/wp-json\/wp\/v2\/media\/450027"}],"wp:attachment":[{"href":"https:\/\/bogensportdiscount.ch\/fr\/wp-json\/wp\/v2\/media?parent=400610"}],"wp:term":[{"taxonomy":"product_brand","embeddable":true,"href":"https:\/\/bogensportdiscount.ch\/fr\/wp-json\/wp\/v2\/product_brand?post=400610"},{"taxonomy":"product_cat","embeddable":true,"href":"https:\/\/bogensportdiscount.ch\/fr\/wp-json\/wp\/v2\/product_cat?post=400610"},{"taxonomy":"product_tag","embeddable":true,"href":"https:\/\/bogensportdiscount.ch\/fr\/wp-json\/wp\/v2\/product_tag?post=400610"}],"curies":[{"name":"wp","href":"https:\/\/api.w.org\/{rel}","templated":true}]}}