{"id":400479,"date":"2026-04-05T14:44:16","date_gmt":"2026-04-05T12:44:16","guid":{"rendered":"https:\/\/bogensportdiscount.ch\/produkt\/vanes-air-compound-2-silver-36-pk\/"},"modified":"2026-04-17T13:45:47","modified_gmt":"2026-04-17T11:45:47","slug":"bohning-plastik-vane-air-compound-2-zoll","status":"publish","type":"product","link":"https:\/\/bogensportdiscount.ch\/fr\/produit\/bohning-plastik-vane-air-compound-2-zoll\/","title":{"rendered":"BOHNING AIR COMPOUND VANE"},"content":{"rendered":"<p>Die Bohning Air Compound 2&#8243; Vane ist eine Kunststoff-Befiederung speziell f\u00fcr den Einsatz am Compound-Bogen. Mit einer L\u00e4nge von 2 Zoll eignet sie sich f\u00fcr kurze bis mittlere Pfeilsch\u00e4fte und sorgt f\u00fcr eine stabile Pfeilf\u00fchrung.<\/p>\n<p>Die Vanes sind in einer grossen Farbauswahl erh\u00e4ltlich, was eine einfache Unterscheidung der Pfeile erm\u00f6glicht. Sie werden in praktischen Packungen zu 36 oder 100 St\u00fcck angeboten.<\/p>\n<ul>\n<li>L\u00e4nge: 2 Zoll<\/li>\n<li>Material: Kunststoff<\/li>\n<li>Erh\u00e4ltlich in 11 Farben<\/li>\n<li>Packungsgr\u00f6ssen: 36 oder 100 St\u00fcck<\/li>\n<\/ul>","protected":false},"excerpt":{"rendered":"<p>Die Bohning Air Compound 2&#8243; ist eine Kunststoff-Vane f\u00fcr Compound-B\u00f6gen. Erh\u00e4ltlich in 11 Farben und in Packungen zu 36 oder 100 St\u00fcck. Hergestellt in den USA.<\/p>","protected":false},"featured_media":439931,"comment_status":"open","ping_status":"closed","template":"","meta":[],"product_brand":[444],"product_cat":[4552],"product_tag":[],"class_list":{"0":"post-400479","1":"product","2":"type-product","3":"status-publish","4":"has-post-thumbnail","6":"product_brand-bohning","7":"product_cat-plastik-vanes-vanes-nocks-wraps","9":"first","10":"instock","11":"shipping-taxable","12":"purchasable","13":"product-type-variable"},"_links":{"self":[{"href":"https:\/\/bogensportdiscount.ch\/fr\/wp-json\/wp\/v2\/product\/400479","targetHints":{"allow":["GET"]}}],"collection":[{"href":"https:\/\/bogensportdiscount.ch\/fr\/wp-json\/wp\/v2\/product"}],"about":[{"href":"https:\/\/bogensportdiscount.ch\/fr\/wp-json\/wp\/v2\/types\/product"}],"replies":[{"embeddable":true,"href":"https:\/\/bogensportdiscount.ch\/fr\/wp-json\/wp\/v2\/comments?post=400479"}],"wp:featuredmedia":[{"embeddable":true,"href":"https:\/\/bogensportdiscount.ch\/fr\/wp-json\/wp\/v2\/media\/439931"}],"wp:attachment":[{"href":"https:\/\/bogensportdiscount.ch\/fr\/wp-json\/wp\/v2\/media?parent=400479"}],"wp:term":[{"taxonomy":"product_brand","embeddable":true,"href":"https:\/\/bogensportdiscount.ch\/fr\/wp-json\/wp\/v2\/product_brand?post=400479"},{"taxonomy":"product_cat","embeddable":true,"href":"https:\/\/bogensportdiscount.ch\/fr\/wp-json\/wp\/v2\/product_cat?post=400479"},{"taxonomy":"product_tag","embeddable":true,"href":"https:\/\/bogensportdiscount.ch\/fr\/wp-json\/wp\/v2\/product_tag?post=400479"}],"curies":[{"name":"wp","href":"https:\/\/api.w.org\/{rel}","templated":true}]}}