{"id":400339,"date":"2026-04-05T14:44:02","date_gmt":"2026-04-05T12:44:02","guid":{"rendered":"https:\/\/bogensportdiscount.ch\/produkt\/vanes-truefletch-blazer-2-american-flag-6-pk\/"},"modified":"2026-04-17T13:45:46","modified_gmt":"2026-04-17T11:45:46","slug":"bohning-vane-truefletch-blazer-2-zoll","status":"publish","type":"product","link":"https:\/\/bogensportdiscount.ch\/fr\/produit\/bohning-vane-truefletch-blazer-2-zoll\/","title":{"rendered":"BOHNING VANES TRUEFLETCH BLAZER 2\u2033 6\/PK"},"content":{"rendered":"<p>Die Bohning Truefletch Blazer 2&#8243; ist eine bew\u00e4hrte Kunststoffvane aus dem Hause Bohning, einem der f\u00fchrenden Hersteller von Befiederungsmaterial in den USA. Die kompakte Gr\u00f6sse von 2 Zoll macht sie zu einer vielseitigen Wahl f\u00fcr verschiedene Pfeiltypen.<\/p>\n<p>Die Vane ist in den Farben Gr\u00fcn und Orange erh\u00e4ltlich, was eine einfache Identifikation der Pfeile im Ziel erm\u00f6glicht. Dank des bew\u00e4hrten Truefletch-Designs l\u00e4sst sie sich sicher und dauerhaft auf dem Pfeilschaft befestigen.<\/p>\n<ul>\n<li>L\u00e4nge: 2 Zoll<\/li>\n<li>Erh\u00e4ltlich in Gr\u00fcn und Orange<\/li>\n<li>Fabriqu\u00e9 aux \u00c9tats-Unis<\/li>\n<li>Geeignet f\u00fcr Recurve- und Compound-Pfeile<\/li>\n<\/ul>","protected":false},"excerpt":{"rendered":"<p>Die Bohning Truefletch Blazer 2&#8243; ist eine Kunststoffvane f\u00fcr Pfeile, erh\u00e4ltlich in Gr\u00fcn und Orange. Sie eignet sich f\u00fcr den Einsatz am Recurve- und Compound-Bogen und sorgt f\u00fcr eine zuverl\u00e4ssige Pfeilstabilisierung.<\/p>","protected":false},"featured_media":449964,"comment_status":"open","ping_status":"closed","template":"","meta":[],"product_brand":[444],"product_cat":[4552],"product_tag":[],"class_list":{"0":"post-400339","1":"product","2":"type-product","3":"status-publish","4":"has-post-thumbnail","6":"product_brand-bohning","7":"product_cat-plastik-vanes-vanes-nocks-wraps","9":"first","10":"instock","11":"shipping-taxable","12":"purchasable","13":"product-type-variable"},"_links":{"self":[{"href":"https:\/\/bogensportdiscount.ch\/fr\/wp-json\/wp\/v2\/product\/400339","targetHints":{"allow":["GET"]}}],"collection":[{"href":"https:\/\/bogensportdiscount.ch\/fr\/wp-json\/wp\/v2\/product"}],"about":[{"href":"https:\/\/bogensportdiscount.ch\/fr\/wp-json\/wp\/v2\/types\/product"}],"replies":[{"embeddable":true,"href":"https:\/\/bogensportdiscount.ch\/fr\/wp-json\/wp\/v2\/comments?post=400339"}],"wp:featuredmedia":[{"embeddable":true,"href":"https:\/\/bogensportdiscount.ch\/fr\/wp-json\/wp\/v2\/media\/449964"}],"wp:attachment":[{"href":"https:\/\/bogensportdiscount.ch\/fr\/wp-json\/wp\/v2\/media?parent=400339"}],"wp:term":[{"taxonomy":"product_brand","embeddable":true,"href":"https:\/\/bogensportdiscount.ch\/fr\/wp-json\/wp\/v2\/product_brand?post=400339"},{"taxonomy":"product_cat","embeddable":true,"href":"https:\/\/bogensportdiscount.ch\/fr\/wp-json\/wp\/v2\/product_cat?post=400339"},{"taxonomy":"product_tag","embeddable":true,"href":"https:\/\/bogensportdiscount.ch\/fr\/wp-json\/wp\/v2\/product_tag?post=400339"}],"curies":[{"name":"wp","href":"https:\/\/api.w.org\/{rel}","templated":true}]}}