{"id":400335,"date":"2026-04-05T14:44:02","date_gmt":"2026-04-05T12:44:02","guid":{"rendered":"https:\/\/bogensportdiscount.ch\/produkt\/vanes-ffp-440-parabolic-fluo-blue-100-pk\/"},"modified":"2026-04-17T13:45:46","modified_gmt":"2026-04-17T11:45:46","slug":"flexfletch-vane-ffp-440-parabolisch","status":"publish","type":"product","link":"https:\/\/bogensportdiscount.ch\/fr\/produit\/flexfletch-vane-ffp-440-parabolisch\/","title":{"rendered":"FLEXFLETCH VANES FFP-440 PARABOLIC 100\/PK"},"content":{"rendered":"<p>Die FLEXFLETCH FFP-440 Parabolisch ist eine Befiederungsvane aus Kunststoff, die f\u00fcr die Befiederung von Bogensportpfeilen eingesetzt wird. Die parabolische Form sorgt f\u00fcr eine gleichm\u00e4ssige Luftf\u00fchrung und unterst\u00fctzt eine stabile Flugbahn des Pfeils.<\/p>\n<p>Die FFP-440 Vanes eignen sich f\u00fcr Sch\u00fctzen, die ihre Pfeile selbst befedern m\u00f6chten. Sie sind in den Farben Blau und Weiss erh\u00e4ltlich und werden in den USA produziert.<\/p>\n<ul>\n<li>Parabolische Vane-Form<\/li>\n<li>Erh\u00e4ltlich in Blau und Weiss<\/li>\n<li>Herstellung in den USA<\/li>\n<li>F\u00fcr die Selbstbefiederung von Pfeilen geeignet<\/li>\n<\/ul>","protected":false},"excerpt":{"rendered":"<p>Die FLEXFLETCH FFP-440 ist eine parabolische Kunststoffvane f\u00fcr Bogensport-Pfeile. Erh\u00e4ltlich in den Farben Blau und Weiss. Hergestellt in den USA.<\/p>","protected":false},"featured_media":452491,"comment_status":"open","ping_status":"closed","template":"","meta":[],"product_brand":[826],"product_cat":[4552],"product_tag":[],"class_list":{"0":"post-400335","1":"product","2":"type-product","3":"status-publish","4":"has-post-thumbnail","6":"product_brand-flexfletch","7":"product_cat-plastik-vanes-vanes-nocks-wraps","9":"first","10":"instock","11":"shipping-taxable","12":"purchasable","13":"product-type-variable"},"_links":{"self":[{"href":"https:\/\/bogensportdiscount.ch\/fr\/wp-json\/wp\/v2\/product\/400335","targetHints":{"allow":["GET"]}}],"collection":[{"href":"https:\/\/bogensportdiscount.ch\/fr\/wp-json\/wp\/v2\/product"}],"about":[{"href":"https:\/\/bogensportdiscount.ch\/fr\/wp-json\/wp\/v2\/types\/product"}],"replies":[{"embeddable":true,"href":"https:\/\/bogensportdiscount.ch\/fr\/wp-json\/wp\/v2\/comments?post=400335"}],"wp:featuredmedia":[{"embeddable":true,"href":"https:\/\/bogensportdiscount.ch\/fr\/wp-json\/wp\/v2\/media\/452491"}],"wp:attachment":[{"href":"https:\/\/bogensportdiscount.ch\/fr\/wp-json\/wp\/v2\/media?parent=400335"}],"wp:term":[{"taxonomy":"product_brand","embeddable":true,"href":"https:\/\/bogensportdiscount.ch\/fr\/wp-json\/wp\/v2\/product_brand?post=400335"},{"taxonomy":"product_cat","embeddable":true,"href":"https:\/\/bogensportdiscount.ch\/fr\/wp-json\/wp\/v2\/product_cat?post=400335"},{"taxonomy":"product_tag","embeddable":true,"href":"https:\/\/bogensportdiscount.ch\/fr\/wp-json\/wp\/v2\/product_tag?post=400335"}],"curies":[{"name":"wp","href":"https:\/\/api.w.org\/{rel}","templated":true}]}}