{"id":400264,"date":"2026-04-05T14:43:56","date_gmt":"2026-04-05T12:43:56","guid":{"rendered":"https:\/\/bogensportdiscount.ch\/produkt\/vanes-elite-ep16-bright-green-1000-pk\/"},"modified":"2026-04-17T13:45:45","modified_gmt":"2026-04-17T11:45:45","slug":"aae-vanes-elite-ep16","status":"publish","type":"product","link":"https:\/\/bogensportdiscount.ch\/fr\/produit\/aae-vanes-elite-ep16\/","title":{"rendered":"AAE VANES ELITE EP16 1000\/PK"},"content":{"rendered":"<p>Die AAE Elite EP16 Vanes sind Kunststofffedern f\u00fcr die Pfeilbefiederung und stammen aus US-amerikanischer Produktion. Sie werden zur Stabilisierung des Pfeils im Flug verwendet und sind eine g\u00e4ngige Wahl f\u00fcr Turnier- und Freizeitsch\u00fctzen.<\/p>\n<p>Die EP16 sind in mehreren Farben erh\u00e4ltlich, darunter Blau, Feuer-Orange, Gr\u00fcn, Lila, Rot, Weiss und Gelb, was eine einfache Unterscheidung der Pfeile erm\u00f6glicht.<\/p>\n<ul>\n<li>Kunststoffvanes f\u00fcr die Pfeilbefiederung<\/li>\n<li>Fabriqu\u00e9 aux \u00c9tats-Unis<\/li>\n<li>Erh\u00e4ltlich in 7 verschiedenen Farben<\/li>\n<li>Marke AAE (Arizona Archery Enterprises)<\/li>\n<\/ul>","protected":false},"excerpt":{"rendered":"<p>Die AAE Elite EP16 sind Kunststofffedern (Vanes) f\u00fcr die Pfeilbefiederung, erh\u00e4ltlich in verschiedenen Farben. Sie eignen sich f\u00fcr Bogensch\u00fctzen, die eine zuverl\u00e4ssige und langlebige Befiederung suchen.<\/p>","protected":false},"featured_media":439966,"comment_status":"open","ping_status":"closed","template":"","meta":[],"product_brand":[517],"product_cat":[4552],"product_tag":[],"class_list":{"0":"post-400264","1":"product","2":"type-product","3":"status-publish","4":"has-post-thumbnail","6":"product_brand-aae","7":"product_cat-plastik-vanes-vanes-nocks-wraps","9":"first","10":"instock","11":"shipping-taxable","12":"purchasable","13":"product-type-variable"},"_links":{"self":[{"href":"https:\/\/bogensportdiscount.ch\/fr\/wp-json\/wp\/v2\/product\/400264","targetHints":{"allow":["GET"]}}],"collection":[{"href":"https:\/\/bogensportdiscount.ch\/fr\/wp-json\/wp\/v2\/product"}],"about":[{"href":"https:\/\/bogensportdiscount.ch\/fr\/wp-json\/wp\/v2\/types\/product"}],"replies":[{"embeddable":true,"href":"https:\/\/bogensportdiscount.ch\/fr\/wp-json\/wp\/v2\/comments?post=400264"}],"wp:featuredmedia":[{"embeddable":true,"href":"https:\/\/bogensportdiscount.ch\/fr\/wp-json\/wp\/v2\/media\/439966"}],"wp:attachment":[{"href":"https:\/\/bogensportdiscount.ch\/fr\/wp-json\/wp\/v2\/media?parent=400264"}],"wp:term":[{"taxonomy":"product_brand","embeddable":true,"href":"https:\/\/bogensportdiscount.ch\/fr\/wp-json\/wp\/v2\/product_brand?post=400264"},{"taxonomy":"product_cat","embeddable":true,"href":"https:\/\/bogensportdiscount.ch\/fr\/wp-json\/wp\/v2\/product_cat?post=400264"},{"taxonomy":"product_tag","embeddable":true,"href":"https:\/\/bogensportdiscount.ch\/fr\/wp-json\/wp\/v2\/product_tag?post=400264"}],"curies":[{"name":"wp","href":"https:\/\/api.w.org\/{rel}","templated":true}]}}