{"id":400079,"date":"2026-04-05T14:43:41","date_gmt":"2026-04-05T12:43:41","guid":{"rendered":"https:\/\/bogensportdiscount.ch\/produkt\/spin-vanes-round-60mm-hp-lh-fluo-black-50pack\/"},"modified":"2026-04-17T13:45:43","modified_gmt":"2026-04-17T11:45:43","slug":"xswings-spin-vanes-round-60mm-hp","status":"publish","type":"product","link":"https:\/\/bogensportdiscount.ch\/fr\/produit\/xswings-spin-vanes-round-60mm-hp\/","title":{"rendered":"XS WINGS 60MM HP SPIN VANE"},"content":{"rendered":"<p>Die XSWINGS Spin Vanes Round 60mm HP sind Kunststoff-Spin-Wings mit einer runden Form und einer L\u00e4nge von 60mm. Sie eignen sich f\u00fcr Sch\u00fctzen, die eine stabile und schnelle Pfeilrotation anstreben.<\/p>\n<p>Spin Vanes dieser Art werden direkt auf den Pfeilschaft aufgeklebt und sorgen durch ihre gedrehte Ausrichtung f\u00fcr einen stabilen Drall des Pfeils im Flug. Sie sind sowohl f\u00fcr Rechts- als auch f\u00fcr Linkshandsch\u00fctzen erh\u00e4ltlich.<\/p>\n<ul>\n<li>L\u00e4nge: 60mm, runde Form<\/li>\n<li>F\u00fcr Rechts- und Linkshandsch\u00fctzen geeignet<\/li>\n<li>Erh\u00e4ltlich in 12 Farben: Schwarz, Blau, Bronze, Gold, Gr\u00fcn, Orange, Pink, Lila, Rot, Silber, Teal, Weiss<\/li>\n<li>Zum Aufkleben auf Pfeilsch\u00e4fte<\/li>\n<\/ul>","protected":false},"excerpt":{"rendered":"<p><strong>Marque :<\/strong> XS Wings<\/p>","protected":false},"featured_media":449949,"comment_status":"open","ping_status":"closed","template":"","meta":[],"product_brand":[434],"product_cat":[4257],"product_tag":[],"class_list":{"0":"post-400079","1":"product","2":"type-product","3":"status-publish","4":"has-post-thumbnail","6":"product_brand-xswings","7":"product_cat-spin-vanes","9":"first","10":"instock","11":"shipping-taxable","12":"purchasable","13":"product-type-variable"},"_links":{"self":[{"href":"https:\/\/bogensportdiscount.ch\/fr\/wp-json\/wp\/v2\/product\/400079","targetHints":{"allow":["GET"]}}],"collection":[{"href":"https:\/\/bogensportdiscount.ch\/fr\/wp-json\/wp\/v2\/product"}],"about":[{"href":"https:\/\/bogensportdiscount.ch\/fr\/wp-json\/wp\/v2\/types\/product"}],"replies":[{"embeddable":true,"href":"https:\/\/bogensportdiscount.ch\/fr\/wp-json\/wp\/v2\/comments?post=400079"}],"wp:featuredmedia":[{"embeddable":true,"href":"https:\/\/bogensportdiscount.ch\/fr\/wp-json\/wp\/v2\/media\/449949"}],"wp:attachment":[{"href":"https:\/\/bogensportdiscount.ch\/fr\/wp-json\/wp\/v2\/media?parent=400079"}],"wp:term":[{"taxonomy":"product_brand","embeddable":true,"href":"https:\/\/bogensportdiscount.ch\/fr\/wp-json\/wp\/v2\/product_brand?post=400079"},{"taxonomy":"product_cat","embeddable":true,"href":"https:\/\/bogensportdiscount.ch\/fr\/wp-json\/wp\/v2\/product_cat?post=400079"},{"taxonomy":"product_tag","embeddable":true,"href":"https:\/\/bogensportdiscount.ch\/fr\/wp-json\/wp\/v2\/product_tag?post=400079"}],"curies":[{"name":"wp","href":"https:\/\/api.w.org\/{rel}","templated":true}]}}