{"id":400046,"date":"2026-04-05T14:43:39","date_gmt":"2026-04-05T12:43:39","guid":{"rendered":"https:\/\/bogensportdiscount.ch\/produkt\/spin-vanes-round-50mm-lp-lh-fluo-black-50pack\/"},"modified":"2026-04-17T13:45:43","modified_gmt":"2026-04-17T11:45:43","slug":"xswings-spin-wings-round-50mm","status":"publish","type":"product","link":"https:\/\/bogensportdiscount.ch\/fr\/produit\/xswings-spin-wings-round-50mm\/","title":{"rendered":"XS WINGS 50MM LP SPIN VANE"},"content":{"rendered":"<p>Die XSWINGS Spin-Wings Round 50mm sind runde Kunststoff-Spinwings mit einer L\u00e4nge von 50mm. Spinwings erzeugen durch ihre verwundene Bauform eine Rotation des Pfeils im Flug, was die Stabilit\u00e4t und Pr\u00e4zision verbessert.<\/p>\n<p>Die Wings sind f\u00fcr Rechtshand- und Linksh\u00e4nder-Konfigurationen erh\u00e4ltlich und k\u00f6nnen je nach Drehrichtung die gew\u00fcnschte Spin-Ausrichtung erreichen. Mit elf verf\u00fcgbaren Farben lassen sich Pfeile individuell kennzeichnen.<\/p>\n<ul>\n<li>Runde Form, 50mm L\u00e4nge<\/li>\n<li>Erh\u00e4ltlich f\u00fcr Rechtshand (RH) und Linkshand (LH)<\/li>\n<li>11 Farben zur Auswahl<\/li>\n<li>Geeignet f\u00fcr den Einsatz im Bogensport<\/li>\n<\/ul>","protected":false},"excerpt":{"rendered":"<p><strong>Marque :<\/strong> XS Wings<\/p>","protected":false},"featured_media":449946,"comment_status":"open","ping_status":"closed","template":"","meta":[],"product_brand":[434],"product_cat":[4257],"product_tag":[],"class_list":{"0":"post-400046","1":"product","2":"type-product","3":"status-publish","4":"has-post-thumbnail","6":"product_brand-xswings","7":"product_cat-spin-vanes","9":"first","10":"instock","11":"shipping-taxable","12":"purchasable","13":"product-type-variable"},"_links":{"self":[{"href":"https:\/\/bogensportdiscount.ch\/fr\/wp-json\/wp\/v2\/product\/400046","targetHints":{"allow":["GET"]}}],"collection":[{"href":"https:\/\/bogensportdiscount.ch\/fr\/wp-json\/wp\/v2\/product"}],"about":[{"href":"https:\/\/bogensportdiscount.ch\/fr\/wp-json\/wp\/v2\/types\/product"}],"replies":[{"embeddable":true,"href":"https:\/\/bogensportdiscount.ch\/fr\/wp-json\/wp\/v2\/comments?post=400046"}],"wp:featuredmedia":[{"embeddable":true,"href":"https:\/\/bogensportdiscount.ch\/fr\/wp-json\/wp\/v2\/media\/449946"}],"wp:attachment":[{"href":"https:\/\/bogensportdiscount.ch\/fr\/wp-json\/wp\/v2\/media?parent=400046"}],"wp:term":[{"taxonomy":"product_brand","embeddable":true,"href":"https:\/\/bogensportdiscount.ch\/fr\/wp-json\/wp\/v2\/product_brand?post=400046"},{"taxonomy":"product_cat","embeddable":true,"href":"https:\/\/bogensportdiscount.ch\/fr\/wp-json\/wp\/v2\/product_cat?post=400046"},{"taxonomy":"product_tag","embeddable":true,"href":"https:\/\/bogensportdiscount.ch\/fr\/wp-json\/wp\/v2\/product_tag?post=400046"}],"curies":[{"name":"wp","href":"https:\/\/api.w.org\/{rel}","templated":true}]}}