{"id":399974,"date":"2026-04-05T14:43:34","date_gmt":"2026-04-05T12:43:34","guid":{"rendered":"https:\/\/bogensportdiscount.ch\/produkt\/spin-vanes-round-recurve-1-75rh-super-soft-blue-yellow-50pc\/"},"modified":"2026-04-17T13:45:42","modified_gmt":"2026-04-17T11:45:42","slug":"gaspro-spin-vanes-round-recurve","status":"publish","type":"product","link":"https:\/\/bogensportdiscount.ch\/fr\/produit\/gaspro-spin-vanes-round-recurve\/","title":{"rendered":"GAZ PRO RECURVE 1.75\u2033 SPIN VANE"},"content":{"rendered":"<p>Die GASPRO Spin-Vanes Round sind flexible Spin-Wings f\u00fcr den Recurve-Bogensport. Durch ihre geschwungene Rundform erzeugen sie eine gleichm\u00e4ssige Rotation des Pfeils im Flug, was die Stabilit\u00e4t und Pr\u00e4zision auf der Bahn verbessert.<\/p>\n<p>Die Vanes sind in zwei Helixvarianten erh\u00e4ltlich \u2013 f\u00fcr Rechtshand- und Linkshandbeschiessung \u2013 und lassen sich an g\u00e4ngige Pfeilsch\u00e4fte ankleben oder mit einem Wrap befestigen. Mit sechs verf\u00fcgbaren Farboptionen k\u00f6nnen Sch\u00fctzen ihre Pfeile individuell kennzeichnen.<\/p>\n<ul>\n<li>Drehstabilisierung f\u00fcr Recurve-Pfeile<\/li>\n<li>Erh\u00e4ltlich f\u00fcr Rechtshand (RH) und Linkshand (LH)<\/li>\n<li>Sechs Farboptionen: Schwarz, Schwarz\/Weiss, Blau, Gr\u00fcn, Rot, Weiss<\/li>\n<li>Leichte, flexible Bauweise<\/li>\n<\/ul>","protected":false},"excerpt":{"rendered":"<p><strong>Marque :<\/strong> Gas Pro<\/p>","protected":false},"featured_media":449942,"comment_status":"open","ping_status":"closed","template":"","meta":[],"product_brand":[452],"product_cat":[4257],"product_tag":[],"class_list":{"0":"post-399974","1":"product","2":"type-product","3":"status-publish","4":"has-post-thumbnail","6":"product_brand-gaspro","7":"product_cat-spin-vanes","9":"first","10":"instock","11":"shipping-taxable","12":"purchasable","13":"product-type-variable"},"_links":{"self":[{"href":"https:\/\/bogensportdiscount.ch\/fr\/wp-json\/wp\/v2\/product\/399974","targetHints":{"allow":["GET"]}}],"collection":[{"href":"https:\/\/bogensportdiscount.ch\/fr\/wp-json\/wp\/v2\/product"}],"about":[{"href":"https:\/\/bogensportdiscount.ch\/fr\/wp-json\/wp\/v2\/types\/product"}],"replies":[{"embeddable":true,"href":"https:\/\/bogensportdiscount.ch\/fr\/wp-json\/wp\/v2\/comments?post=399974"}],"wp:featuredmedia":[{"embeddable":true,"href":"https:\/\/bogensportdiscount.ch\/fr\/wp-json\/wp\/v2\/media\/449942"}],"wp:attachment":[{"href":"https:\/\/bogensportdiscount.ch\/fr\/wp-json\/wp\/v2\/media?parent=399974"}],"wp:term":[{"taxonomy":"product_brand","embeddable":true,"href":"https:\/\/bogensportdiscount.ch\/fr\/wp-json\/wp\/v2\/product_brand?post=399974"},{"taxonomy":"product_cat","embeddable":true,"href":"https:\/\/bogensportdiscount.ch\/fr\/wp-json\/wp\/v2\/product_cat?post=399974"},{"taxonomy":"product_tag","embeddable":true,"href":"https:\/\/bogensportdiscount.ch\/fr\/wp-json\/wp\/v2\/product_tag?post=399974"}],"curies":[{"name":"wp","href":"https:\/\/api.w.org\/{rel}","templated":true}]}}