{"id":399953,"date":"2026-04-05T14:43:32","date_gmt":"2026-04-05T12:43:32","guid":{"rendered":"https:\/\/bogensportdiscount.ch\/produkt\/spin-vanes-round-olympic-1-75rh-red-pack-of-50pc\/"},"modified":"2026-04-17T13:45:42","modified_gmt":"2026-04-17T11:45:42","slug":"gaspro-spin-vanes-round-olympic","status":"publish","type":"product","link":"https:\/\/bogensportdiscount.ch\/fr\/produit\/gaspro-spin-vanes-round-olympic\/","title":{"rendered":"GAZ PRO OLYMPIC 1.75\u2033 SPIN VANE"},"content":{"rendered":"<p>Die GASPRO Spin Vanes Round Olympic sind speziell f\u00fcr den Einsatz im olympischen Recurve-Bogensport konzipiert. Das runde Profil der Spin Vane sorgt f\u00fcr eine gleichm\u00e4ssige Drallstabilisierung des Pfeils und unterst\u00fctzt eine pr\u00e4zise Flugbahn.<\/p>\n<p>Die Vanes sind sowohl f\u00fcr rechts- als auch f\u00fcr linksh\u00e4ndige Sch\u00fctzen erh\u00e4ltlich und lassen sich mit g\u00e4ngigen Befiederungsmaschinen einfach auf Carbonsch\u00e4fte und Aluminiumsch\u00e4fte aufkleben. Das Produkt ist in acht Farben lieferbar, was die individuelle Kennzeichnung der eigenen Pfeile erleichtert.<\/p>\n<ul>\n<li>Rundes Spinwing-Profil f\u00fcr Drallstabilisierung<\/li>\n<li>Geeignet f\u00fcr olympischen Recurve-Bogensport<\/li>\n<li>Verf\u00fcgbar in Links- und Rechtshand<\/li>\n<li>Erh\u00e4ltlich in acht Farben: Schwarz, Blau, Gr\u00fcn, Orange, Pink, Rot, Weiss, Gelb<\/li>\n<\/ul>","protected":false},"excerpt":{"rendered":"<p><strong>Marque :<\/strong> Gas Pro<\/p>","protected":false},"featured_media":449939,"comment_status":"open","ping_status":"closed","template":"","meta":[],"product_brand":[452],"product_cat":[4257],"product_tag":[],"class_list":{"0":"post-399953","1":"product","2":"type-product","3":"status-publish","4":"has-post-thumbnail","6":"product_brand-gaspro","7":"product_cat-spin-vanes","9":"first","10":"instock","11":"shipping-taxable","12":"purchasable","13":"product-type-variable"},"_links":{"self":[{"href":"https:\/\/bogensportdiscount.ch\/fr\/wp-json\/wp\/v2\/product\/399953","targetHints":{"allow":["GET"]}}],"collection":[{"href":"https:\/\/bogensportdiscount.ch\/fr\/wp-json\/wp\/v2\/product"}],"about":[{"href":"https:\/\/bogensportdiscount.ch\/fr\/wp-json\/wp\/v2\/types\/product"}],"replies":[{"embeddable":true,"href":"https:\/\/bogensportdiscount.ch\/fr\/wp-json\/wp\/v2\/comments?post=399953"}],"wp:featuredmedia":[{"embeddable":true,"href":"https:\/\/bogensportdiscount.ch\/fr\/wp-json\/wp\/v2\/media\/449939"}],"wp:attachment":[{"href":"https:\/\/bogensportdiscount.ch\/fr\/wp-json\/wp\/v2\/media?parent=399953"}],"wp:term":[{"taxonomy":"product_brand","embeddable":true,"href":"https:\/\/bogensportdiscount.ch\/fr\/wp-json\/wp\/v2\/product_brand?post=399953"},{"taxonomy":"product_cat","embeddable":true,"href":"https:\/\/bogensportdiscount.ch\/fr\/wp-json\/wp\/v2\/product_cat?post=399953"},{"taxonomy":"product_tag","embeddable":true,"href":"https:\/\/bogensportdiscount.ch\/fr\/wp-json\/wp\/v2\/product_tag?post=399953"}],"curies":[{"name":"wp","href":"https:\/\/api.w.org\/{rel}","templated":true}]}}