{"id":399918,"date":"2026-04-05T14:43:29","date_gmt":"2026-04-05T12:43:29","guid":{"rendered":"https:\/\/bogensportdiscount.ch\/produkt\/spin-vanes-round-elite-1-3-4lh-white-package-of-50-pcs\/"},"modified":"2026-04-17T13:45:42","modified_gmt":"2026-04-17T11:45:42","slug":"spinwing-spin-vanes-round-elite","status":"publish","type":"product","link":"https:\/\/bogensportdiscount.ch\/fr\/produit\/spinwing-spin-vanes-round-elite\/","title":{"rendered":"SPIN WINGS ELITE 1-3\/4 INCH SPIN VANE"},"content":{"rendered":"<p>Die SPINWING Spin Vanes Round Elite sind spezialisierte Flugfedern f\u00fcr Pfeile, die f\u00fcr maximale Rotation und Flugstabilit\u00e4t ausgelegt sind. Die runde Elite-Form bietet eine ausgezeichnete Balance zwischen Wendigkeit und Pr\u00e4zision im Flug.<\/p>\n<p>Diese Vanes sind in zwei Handvarianten erh\u00e4ltlich \u2013 f\u00fcr Rechtshand- (RH) und Linkshandsch\u00fctzen (LH) \u2013 und erm\u00f6glichen so eine optimale Anpassung an Ihre individuelle Schussweise. Mit den Farboptionen Orange und Purple lassen sich die Pfeile auch visuell klar unterscheiden und personalisieren.<\/p>\n<p>SPINWING Produkte sind f\u00fcr ihre verl\u00e4ssliche Qualit\u00e4t und konsistente Performance bekannt und werden von Bogensch\u00fctzen weltweit gesch\u00e4tzt.<\/p>","protected":false},"excerpt":{"rendered":"<p>SPINWING Spin Vanes Round Elite in verschiedenen Ausf\u00fchrungen. Erh\u00e4ltlich in Rechtshand (RH) und Linkshand (LH) sowie in den Farben Orange und Purple. Hochwertige Vanes f\u00fcr pr\u00e4zise Flugkurven und optimale Stabilit\u00e4t.<\/p>","protected":false},"featured_media":449934,"comment_status":"open","ping_status":"closed","template":"","meta":[],"product_brand":[845],"product_cat":[4257],"product_tag":[],"class_list":{"0":"post-399918","1":"product","2":"type-product","3":"status-publish","4":"has-post-thumbnail","6":"product_brand-spinwing","7":"product_cat-spin-vanes","9":"first","10":"instock","11":"shipping-taxable","12":"purchasable","13":"product-type-variable"},"_links":{"self":[{"href":"https:\/\/bogensportdiscount.ch\/fr\/wp-json\/wp\/v2\/product\/399918","targetHints":{"allow":["GET"]}}],"collection":[{"href":"https:\/\/bogensportdiscount.ch\/fr\/wp-json\/wp\/v2\/product"}],"about":[{"href":"https:\/\/bogensportdiscount.ch\/fr\/wp-json\/wp\/v2\/types\/product"}],"replies":[{"embeddable":true,"href":"https:\/\/bogensportdiscount.ch\/fr\/wp-json\/wp\/v2\/comments?post=399918"}],"wp:featuredmedia":[{"embeddable":true,"href":"https:\/\/bogensportdiscount.ch\/fr\/wp-json\/wp\/v2\/media\/449934"}],"wp:attachment":[{"href":"https:\/\/bogensportdiscount.ch\/fr\/wp-json\/wp\/v2\/media?parent=399918"}],"wp:term":[{"taxonomy":"product_brand","embeddable":true,"href":"https:\/\/bogensportdiscount.ch\/fr\/wp-json\/wp\/v2\/product_brand?post=399918"},{"taxonomy":"product_cat","embeddable":true,"href":"https:\/\/bogensportdiscount.ch\/fr\/wp-json\/wp\/v2\/product_cat?post=399918"},{"taxonomy":"product_tag","embeddable":true,"href":"https:\/\/bogensportdiscount.ch\/fr\/wp-json\/wp\/v2\/product_tag?post=399918"}],"curies":[{"name":"wp","href":"https:\/\/api.w.org\/{rel}","templated":true}]}}