{"id":399809,"date":"2026-04-05T14:43:18","date_gmt":"2026-04-05T12:43:18","guid":{"rendered":"https:\/\/bogensportdiscount.ch\/produkt\/treestand-accessories-pro-harness-sport-climbing-vest-small\/"},"modified":"2026-04-17T13:45:40","modified_gmt":"2026-04-17T11:45:40","slug":"summit-kletterwestengeschirr-pro-harness-sport-climbing-vest","status":"publish","type":"product","link":"https:\/\/bogensportdiscount.ch\/fr\/produit\/summit-kletterwestengeschirr-pro-harness-sport-climbing-vest\/","title":{"rendered":"SUMMIT TREESTAND ACCESSORIES PRO HARNESS SPORT CLIMBING VEST"},"content":{"rendered":"<p>Das SUMMIT Pro Harness Sport Climbing Vest ist ein Klettergeschirr in Westenform, das als Sicherheitszubeh\u00f6r f\u00fcr Baumst\u00e4nde konzipiert wurde. Es geh\u00f6rt zur Zubeh\u00f6rlinie von SUMMIT, einem etablierten Hersteller im Bereich Jagd und Outdoor.<\/p>\n<p>Das Geschirr ist auf den sicheren Auf- und Abstieg sowie den Aufenthalt auf dem Baumstand ausgelegt und bietet dem Tr\u00e4ger einen zuverl\u00e4ssigen Halt. Es ist in den Gr\u00f6ssen S, M und L erh\u00e4ltlich und l\u00e4sst sich so an unterschiedliche K\u00f6rpergr\u00f6ssen anpassen.<\/p>\n<ul>\n<li>Sicherheitsgeschirr in Westenform<\/li>\n<li>Geeignet f\u00fcr die Verwendung mit Baumst\u00e4nden<\/li>\n<li>Erh\u00e4ltlich in S, M und L<\/li>\n<li>Zubeh\u00f6r von SUMMIT<\/li>\n<\/ul>","protected":false},"excerpt":{"rendered":"<p>Das SUMMIT Pro Harness Sport Climbing Vest ist ein Sicherheitsgeschirr in Westenform f\u00fcr die Verwendung mit Baumst\u00e4nden. Erh\u00e4ltlich in den Gr\u00f6ssen S, M und L.<\/p>","protected":false},"featured_media":449904,"comment_status":"open","ping_status":"closed","template":"","meta":[],"product_brand":[825],"product_cat":[4577],"product_tag":[],"class_list":{"0":"post-399809","1":"product","2":"type-product","3":"status-publish","4":"has-post-thumbnail","6":"product_brand-summit","7":"product_cat-zubehoer-einzelteile-blinds-baumsitz-leiter","9":"first","10":"instock","11":"shipping-taxable","12":"purchasable","13":"product-type-variable"},"_links":{"self":[{"href":"https:\/\/bogensportdiscount.ch\/fr\/wp-json\/wp\/v2\/product\/399809","targetHints":{"allow":["GET"]}}],"collection":[{"href":"https:\/\/bogensportdiscount.ch\/fr\/wp-json\/wp\/v2\/product"}],"about":[{"href":"https:\/\/bogensportdiscount.ch\/fr\/wp-json\/wp\/v2\/types\/product"}],"replies":[{"embeddable":true,"href":"https:\/\/bogensportdiscount.ch\/fr\/wp-json\/wp\/v2\/comments?post=399809"}],"wp:featuredmedia":[{"embeddable":true,"href":"https:\/\/bogensportdiscount.ch\/fr\/wp-json\/wp\/v2\/media\/449904"}],"wp:attachment":[{"href":"https:\/\/bogensportdiscount.ch\/fr\/wp-json\/wp\/v2\/media?parent=399809"}],"wp:term":[{"taxonomy":"product_brand","embeddable":true,"href":"https:\/\/bogensportdiscount.ch\/fr\/wp-json\/wp\/v2\/product_brand?post=399809"},{"taxonomy":"product_cat","embeddable":true,"href":"https:\/\/bogensportdiscount.ch\/fr\/wp-json\/wp\/v2\/product_cat?post=399809"},{"taxonomy":"product_tag","embeddable":true,"href":"https:\/\/bogensportdiscount.ch\/fr\/wp-json\/wp\/v2\/product_tag?post=399809"}],"curies":[{"name":"wp","href":"https:\/\/api.w.org\/{rel}","templated":true}]}}