{"id":399797,"date":"2026-04-05T14:43:17","date_gmt":"2026-04-05T12:43:17","guid":{"rendered":"https:\/\/bogensportdiscount.ch\/produkt\/lighted-nocks-s-size-arrows-red-3-pk\/"},"modified":"2026-04-17T13:45:40","modified_gmt":"2026-04-17T11:45:40","slug":"bucktrail-leuchtnocken-s-groesse-pfeile","status":"publish","type":"product","link":"https:\/\/bogensportdiscount.ch\/fr\/produit\/bucktrail-leuchtnocken-s-groesse-pfeile\/","title":{"rendered":"BUCKTRAIL LIGHTED NOCKS S-SIZE ARROWS - 3\/PK"},"content":{"rendered":"<p>Die BUCKTRAIL Leuchtnocken in Gr\u00f6sse S sind auf g\u00e4ngige Pfeilsch\u00e4fte abgestimmt und erm\u00f6glichen eine einfache Sichtkontrolle des Pfeils im Flug sowie beim Auftreffen auf das Ziel. Die Leuchtfunktion erleichtert das Wiederfinden von Pfeilen bei schlechten Lichtverh\u00e4ltnissen.<\/p>\n<p>Die Nocken sind in drei Farben erh\u00e4ltlich \u2013 Blau, Gr\u00fcn und Rot \u2013 und lassen sich einfach auf kompatible Pfeilsch\u00e4fte aufstecken.<\/p>\n<ul>\n<li>Gr\u00f6sse S f\u00fcr Standardpfeile<\/li>\n<li>Integrierte Leuchtfunktion<\/li>\n<li>Erh\u00e4ltlich in Blau, Gr\u00fcn und Rot<\/li>\n<li>Einfache Montage<\/li>\n<\/ul>","protected":false},"excerpt":{"rendered":"<p>Leuchtnocken von BUCKTRAIL in der Gr\u00f6sse S, passend f\u00fcr Standardpfeile. Erh\u00e4ltlich in den Farben Blau, Gr\u00fcn und Rot.<\/p>","protected":false},"featured_media":449897,"comment_status":"open","ping_status":"closed","template":"","meta":[],"product_brand":[432],"product_cat":[4254],"product_tag":[],"class_list":{"0":"post-399797","1":"product","2":"type-product","3":"status-publish","4":"has-post-thumbnail","6":"product_brand-bucktrail","7":"product_cat-leuchtnocken-vanes-nocks-wraps","9":"first","10":"instock","11":"shipping-taxable","12":"purchasable","13":"product-type-variable"},"_links":{"self":[{"href":"https:\/\/bogensportdiscount.ch\/fr\/wp-json\/wp\/v2\/product\/399797","targetHints":{"allow":["GET"]}}],"collection":[{"href":"https:\/\/bogensportdiscount.ch\/fr\/wp-json\/wp\/v2\/product"}],"about":[{"href":"https:\/\/bogensportdiscount.ch\/fr\/wp-json\/wp\/v2\/types\/product"}],"replies":[{"embeddable":true,"href":"https:\/\/bogensportdiscount.ch\/fr\/wp-json\/wp\/v2\/comments?post=399797"}],"wp:featuredmedia":[{"embeddable":true,"href":"https:\/\/bogensportdiscount.ch\/fr\/wp-json\/wp\/v2\/media\/449897"}],"wp:attachment":[{"href":"https:\/\/bogensportdiscount.ch\/fr\/wp-json\/wp\/v2\/media?parent=399797"}],"wp:term":[{"taxonomy":"product_brand","embeddable":true,"href":"https:\/\/bogensportdiscount.ch\/fr\/wp-json\/wp\/v2\/product_brand?post=399797"},{"taxonomy":"product_cat","embeddable":true,"href":"https:\/\/bogensportdiscount.ch\/fr\/wp-json\/wp\/v2\/product_cat?post=399797"},{"taxonomy":"product_tag","embeddable":true,"href":"https:\/\/bogensportdiscount.ch\/fr\/wp-json\/wp\/v2\/product_tag?post=399797"}],"curies":[{"name":"wp","href":"https:\/\/api.w.org\/{rel}","templated":true}]}}