{"id":399731,"date":"2026-04-05T14:43:09","date_gmt":"2026-04-05T12:43:09","guid":{"rendered":"https:\/\/bogensportdiscount.ch\/produkt\/tab-parts-rugbii-replacement-leather-backing-rh-large\/"},"modified":"2026-04-17T13:26:18","modified_gmt":"2026-04-17T11:26:18","slug":"decut-tab-parts-rugbii-replacement-leather-backing-rh","status":"publish","type":"product","link":"https:\/\/bogensportdiscount.ch\/fr\/produit\/decut-tab-parts-rugbii-replacement-leather-backing-rh\/","title":{"rendered":"DECUT TAB PARTS RUGBII REPLACEMENT LEATHER BACKING RH"},"content":{"rendered":"<p>Das DECUT Tab Parts Rugbii Replacement Leather Backing RH ist ein Ersatzteil f\u00fcr Finger Tabs des Modells Rugbii. Die Lederr\u00fcckseite ist ein Verschlessteil, das bei regelm\u00e4ssiger Nutzung ausgetauscht werden kann.<\/p>\n<p>Das Ersatzteil ist in den Gr\u00f6ssen S, M und L erh\u00e4ltlich und passt auf die entsprechenden Tab-Modelle der Rugbii-Serie von DECUT. Dies erm\u00f6glicht eine kosteng\u00fcnstige Instandhaltung Ihres Bogensch\u00fctzer-Finger Tabs ohne Neukauf des kompletten Produkts.<\/p>","protected":false},"excerpt":{"rendered":"<table>\n<tr>\n<th>Propri\u00e9t\u00e9<\/th>\n<th>Valeur<\/th>\n<\/tr>\n<tr>\n<td>Marque<\/td>\n<td>DECUT<\/td>\n<\/tr>\n<tr>\n<td>Gr\u00f6ssen<\/td>\n<td>S, M, L<\/td>\n<\/tr>\n<tr>\n<td>Herkunftsland<\/td>\n<td>China<\/td>\n<\/tr>\n<\/table>","protected":false},"featured_media":449859,"comment_status":"open","ping_status":"closed","template":"","meta":[],"product_brand":[817],"product_cat":[4252],"product_tag":[],"class_list":{"0":"post-399731","1":"product","2":"type-product","3":"status-publish","4":"has-post-thumbnail","6":"product_brand-decut","7":"product_cat-einzelteile-fuer-finger-tabs","9":"first","10":"instock","11":"shipping-taxable","12":"purchasable","13":"product-type-variable"},"_links":{"self":[{"href":"https:\/\/bogensportdiscount.ch\/fr\/wp-json\/wp\/v2\/product\/399731","targetHints":{"allow":["GET"]}}],"collection":[{"href":"https:\/\/bogensportdiscount.ch\/fr\/wp-json\/wp\/v2\/product"}],"about":[{"href":"https:\/\/bogensportdiscount.ch\/fr\/wp-json\/wp\/v2\/types\/product"}],"replies":[{"embeddable":true,"href":"https:\/\/bogensportdiscount.ch\/fr\/wp-json\/wp\/v2\/comments?post=399731"}],"wp:featuredmedia":[{"embeddable":true,"href":"https:\/\/bogensportdiscount.ch\/fr\/wp-json\/wp\/v2\/media\/449859"}],"wp:attachment":[{"href":"https:\/\/bogensportdiscount.ch\/fr\/wp-json\/wp\/v2\/media?parent=399731"}],"wp:term":[{"taxonomy":"product_brand","embeddable":true,"href":"https:\/\/bogensportdiscount.ch\/fr\/wp-json\/wp\/v2\/product_brand?post=399731"},{"taxonomy":"product_cat","embeddable":true,"href":"https:\/\/bogensportdiscount.ch\/fr\/wp-json\/wp\/v2\/product_cat?post=399731"},{"taxonomy":"product_tag","embeddable":true,"href":"https:\/\/bogensportdiscount.ch\/fr\/wp-json\/wp\/v2\/product_tag?post=399731"}],"curies":[{"name":"wp","href":"https:\/\/api.w.org\/{rel}","templated":true}]}}