{"id":399714,"date":"2026-04-05T14:43:07","date_gmt":"2026-04-05T12:43:07","guid":{"rendered":"https:\/\/bogensportdiscount.ch\/produkt\/tab-parts-elite-cordovan-lh-large\/"},"modified":"2026-04-17T13:45:39","modified_gmt":"2026-04-17T11:45:39","slug":"sf-tab-teile-elite-cordovan","status":"publish","type":"product","link":"https:\/\/bogensportdiscount.ch\/fr\/produit\/sf-tab-teile-elite-cordovan\/","title":{"rendered":"SF TAB PARTS ELITE CORDOVAN"},"content":{"rendered":"<p>Der SF Tab-Teil Elite Cordovan ist ein Ersatz- oder Austauschteil f\u00fcr den SF Elite Fingertab. Das Obermaterial aus Cordovan-Leder zeichnet sich durch eine glatte, dichte Oberfl\u00e4che aus, die einen gleichm\u00e4ssigen Sehnenabzug unterst\u00fctzt und sich mit der Zeit an die Hand des Sch\u00fctzen anpasst.<\/p>\n<p>Der Tab-Teil ist sowohl f\u00fcr Links- als auch f\u00fcr Rechtshandbogensch\u00fctzen erh\u00e4ltlich und wird in den Gr\u00f6ssen S, M und L angeboten, um eine passende Passform f\u00fcr verschiedene Handgr\u00f6ssen zu gew\u00e4hrleisten.<\/p>\n<ul>\n<li>Material: Cordovan-Leder<\/li>\n<li>F\u00fcr Links- und Rechtshand geeignet<\/li>\n<li>Erh\u00e4ltlich in S, M und L<\/li>\n<li>Kompatibel mit dem SF Elite Tab-System<\/li>\n<\/ul>","protected":false},"excerpt":{"rendered":"<p><strong>Marque :<\/strong> Sebastien Flute<\/p>","protected":false},"featured_media":452546,"comment_status":"open","ping_status":"closed","template":"","meta":[],"product_brand":[802],"product_cat":[4252],"product_tag":[],"class_list":{"0":"post-399714","1":"product","2":"type-product","3":"status-publish","4":"has-post-thumbnail","6":"product_brand-sf","7":"product_cat-einzelteile-fuer-finger-tabs","9":"first","10":"instock","11":"shipping-taxable","12":"purchasable","13":"product-type-variable"},"_links":{"self":[{"href":"https:\/\/bogensportdiscount.ch\/fr\/wp-json\/wp\/v2\/product\/399714","targetHints":{"allow":["GET"]}}],"collection":[{"href":"https:\/\/bogensportdiscount.ch\/fr\/wp-json\/wp\/v2\/product"}],"about":[{"href":"https:\/\/bogensportdiscount.ch\/fr\/wp-json\/wp\/v2\/types\/product"}],"replies":[{"embeddable":true,"href":"https:\/\/bogensportdiscount.ch\/fr\/wp-json\/wp\/v2\/comments?post=399714"}],"wp:featuredmedia":[{"embeddable":true,"href":"https:\/\/bogensportdiscount.ch\/fr\/wp-json\/wp\/v2\/media\/452546"}],"wp:attachment":[{"href":"https:\/\/bogensportdiscount.ch\/fr\/wp-json\/wp\/v2\/media?parent=399714"}],"wp:term":[{"taxonomy":"product_brand","embeddable":true,"href":"https:\/\/bogensportdiscount.ch\/fr\/wp-json\/wp\/v2\/product_brand?post=399714"},{"taxonomy":"product_cat","embeddable":true,"href":"https:\/\/bogensportdiscount.ch\/fr\/wp-json\/wp\/v2\/product_cat?post=399714"},{"taxonomy":"product_tag","embeddable":true,"href":"https:\/\/bogensportdiscount.ch\/fr\/wp-json\/wp\/v2\/product_tag?post=399714"}],"curies":[{"name":"wp","href":"https:\/\/api.w.org\/{rel}","templated":true}]}}