{"id":399701,"date":"2026-04-05T14:43:06","date_gmt":"2026-04-05T12:43:06","guid":{"rendered":"https:\/\/bogensportdiscount.ch\/produkt\/tab-parts-hockii-replacement-leather-lh-large\/"},"modified":"2026-04-17T13:26:17","modified_gmt":"2026-04-17T11:26:17","slug":"decut-tab-ersatzleder-hockii","status":"publish","type":"product","link":"https:\/\/bogensportdiscount.ch\/fr\/produit\/decut-tab-ersatzleder-hockii\/","title":{"rendered":"DECUT TAB PARTS HOCKII REPLACEMENT LEATHER"},"content":{"rendered":"<p>Das DECUT Hockii Ersatzleder erm\u00f6glicht es, den Hockii Tab bei Verschleiss des Leders weiter zu verwenden, ohne den gesamten Fingerschutz ersetzen zu m\u00fcssen.<\/p>\n<p>Das Ersatzleder ist kompatibel mit dem DECUT Hockii Tab und in vier Gr\u00f6ssen erh\u00e4ltlich. Es passt sowohl f\u00fcr rechts- als auch f\u00fcr linksh\u00e4ndige Sch\u00fctzinnen und Sch\u00fctzen.<\/p>\n<ul>\n<li>Passend f\u00fcr den DECUT Hockii Tab<\/li>\n<li>Erh\u00e4ltlich in S, M, L und XL<\/li>\n<li>F\u00fcr Links- und Rechtshand<\/li>\n<li>Verl\u00e4ngert die Lebensdauer des Tabs<\/li>\n<\/ul>","protected":false},"excerpt":{"rendered":"<p><strong>Marque :<\/strong> Decut<\/p>","protected":false},"featured_media":449851,"comment_status":"open","ping_status":"closed","template":"","meta":[],"product_brand":[817],"product_cat":[4252],"product_tag":[],"class_list":{"0":"post-399701","1":"product","2":"type-product","3":"status-publish","4":"has-post-thumbnail","6":"product_brand-decut","7":"product_cat-einzelteile-fuer-finger-tabs","9":"first","10":"instock","11":"shipping-taxable","12":"purchasable","13":"product-type-variable"},"_links":{"self":[{"href":"https:\/\/bogensportdiscount.ch\/fr\/wp-json\/wp\/v2\/product\/399701","targetHints":{"allow":["GET"]}}],"collection":[{"href":"https:\/\/bogensportdiscount.ch\/fr\/wp-json\/wp\/v2\/product"}],"about":[{"href":"https:\/\/bogensportdiscount.ch\/fr\/wp-json\/wp\/v2\/types\/product"}],"replies":[{"embeddable":true,"href":"https:\/\/bogensportdiscount.ch\/fr\/wp-json\/wp\/v2\/comments?post=399701"}],"wp:featuredmedia":[{"embeddable":true,"href":"https:\/\/bogensportdiscount.ch\/fr\/wp-json\/wp\/v2\/media\/449851"}],"wp:attachment":[{"href":"https:\/\/bogensportdiscount.ch\/fr\/wp-json\/wp\/v2\/media?parent=399701"}],"wp:term":[{"taxonomy":"product_brand","embeddable":true,"href":"https:\/\/bogensportdiscount.ch\/fr\/wp-json\/wp\/v2\/product_brand?post=399701"},{"taxonomy":"product_cat","embeddable":true,"href":"https:\/\/bogensportdiscount.ch\/fr\/wp-json\/wp\/v2\/product_cat?post=399701"},{"taxonomy":"product_tag","embeddable":true,"href":"https:\/\/bogensportdiscount.ch\/fr\/wp-json\/wp\/v2\/product_tag?post=399701"}],"curies":[{"name":"wp","href":"https:\/\/api.w.org\/{rel}","templated":true}]}}