{"id":399674,"date":"2026-04-05T14:43:03","date_gmt":"2026-04-05T12:43:03","guid":{"rendered":"https:\/\/bogensportdiscount.ch\/produkt\/tab-parts-front-and-backing-tec-tab-leather-rh-x-sml\/"},"modified":"2026-04-17T13:45:38","modified_gmt":"2026-04-17T11:45:38","slug":"avalon-tab-teile-vorder-rueckseite-tec-tab-leder","status":"publish","type":"product","link":"https:\/\/bogensportdiscount.ch\/fr\/produit\/avalon-tab-teile-vorder-rueckseite-tec-tab-leder\/","title":{"rendered":"AVALON TAB PARTS FRONT AND BACK TEC TAB LEATHER"},"content":{"rendered":"<p>Diese Tab-Teile von Avalon sind als Ersatz f\u00fcr den Tec Tab konzipiert und erm\u00f6glichen den einfachen Austausch der Lederauflage. Das Set umfasst sowohl die Vorderseite als auch die R\u00fcckseite des Tabs aus Leder.<\/p>\n<p>Die Teile sind f\u00fcr Rechtshandbogensch\u00fctzen (RH) sowie f\u00fcr Linkshandbogensch\u00fctzen (LH) erh\u00e4ltlich und lassen sich unkompliziert am Avalon Tec Tab befestigen.<\/p>\n<ul>\n<li>Vorder- und R\u00fcckseite als Set<\/li>\n<li>Material: Leder<\/li>\n<li>Kompatibel mit Avalon Tec Tab<\/li>\n<li>Erh\u00e4ltlich f\u00fcr Rechts- und Linkshand<\/li>\n<\/ul>","protected":false},"excerpt":{"rendered":"<p>Ersatz-Lederteile f\u00fcr den Avalon Tec Tab, bestehend aus Vorderseite und R\u00fcckseite. Erh\u00e4ltlich f\u00fcr Rechts- und Linkshandbogensch\u00fctzen.<\/p>","protected":false},"featured_media":449848,"comment_status":"open","ping_status":"closed","template":"","meta":[],"product_brand":[449],"product_cat":[4252],"product_tag":[],"class_list":{"0":"post-399674","1":"product","2":"type-product","3":"status-publish","4":"has-post-thumbnail","6":"product_brand-avalon","7":"product_cat-einzelteile-fuer-finger-tabs","9":"first","10":"instock","11":"shipping-taxable","12":"purchasable","13":"product-type-variable"},"_links":{"self":[{"href":"https:\/\/bogensportdiscount.ch\/fr\/wp-json\/wp\/v2\/product\/399674","targetHints":{"allow":["GET"]}}],"collection":[{"href":"https:\/\/bogensportdiscount.ch\/fr\/wp-json\/wp\/v2\/product"}],"about":[{"href":"https:\/\/bogensportdiscount.ch\/fr\/wp-json\/wp\/v2\/types\/product"}],"replies":[{"embeddable":true,"href":"https:\/\/bogensportdiscount.ch\/fr\/wp-json\/wp\/v2\/comments?post=399674"}],"wp:featuredmedia":[{"embeddable":true,"href":"https:\/\/bogensportdiscount.ch\/fr\/wp-json\/wp\/v2\/media\/449848"}],"wp:attachment":[{"href":"https:\/\/bogensportdiscount.ch\/fr\/wp-json\/wp\/v2\/media?parent=399674"}],"wp:term":[{"taxonomy":"product_brand","embeddable":true,"href":"https:\/\/bogensportdiscount.ch\/fr\/wp-json\/wp\/v2\/product_brand?post=399674"},{"taxonomy":"product_cat","embeddable":true,"href":"https:\/\/bogensportdiscount.ch\/fr\/wp-json\/wp\/v2\/product_cat?post=399674"},{"taxonomy":"product_tag","embeddable":true,"href":"https:\/\/bogensportdiscount.ch\/fr\/wp-json\/wp\/v2\/product_tag?post=399674"}],"curies":[{"name":"wp","href":"https:\/\/api.w.org\/{rel}","templated":true}]}}