{"id":399665,"date":"2026-04-05T14:43:02","date_gmt":"2026-04-05T12:43:02","guid":{"rendered":"https:\/\/bogensportdiscount.ch\/produkt\/tab-parts-replacement-face-cordovan-lh-large-2\/"},"modified":"2026-04-17T13:45:38","modified_gmt":"2026-04-17T11:45:38","slug":"aae-tab-ersatz-auflage-cordovan","status":"publish","type":"product","link":"https:\/\/bogensportdiscount.ch\/fr\/produit\/aae-tab-ersatz-auflage-cordovan\/","title":{"rendered":"AAE TAB PARTS REPLACEMENT FACE CORDOVAN"},"content":{"rendered":"<p>Die AAE Tab Ersatz-Auflage aus Cordovan-Leder ist ein Ersatzteil f\u00fcr kompatible AAE Finger-Tabs. Cordovan ist ein hochwertiges, glattes Leder, das f\u00fcr eine gleichm\u00e4ssige Sehnenf\u00fchrung und gute Haltbarkeit bekannt ist.<\/p>\n<p>Die Auflage eignet sich f\u00fcr Bogensch\u00fctzen, die die Auflagefl\u00e4che ihres bestehenden Tabs erneuern m\u00f6chten, ohne den gesamten Tab ersetzen zu m\u00fcssen. Sie ist in drei Gr\u00f6ssen (S, M, L) sowie f\u00fcr Links- und Rechtshand erh\u00e4ltlich.<\/p>\n<ul>\n<li>Material: Cordovan-Leder<\/li>\n<li>Passend f\u00fcr kompatible AAE Tabs<\/li>\n<li>Disponible pour gaucher et droitier<\/li>\n<li>Gr\u00f6ssen: S, M, L<\/li>\n<\/ul>","protected":false},"excerpt":{"rendered":"<p>Ersatz-Auflage aus Cordovan-Leder f\u00fcr AAE Tabs. Erh\u00e4ltlich f\u00fcr Links- und Rechtshand in den Gr\u00f6ssen S, M und L.<\/p>","protected":false},"featured_media":440046,"comment_status":"open","ping_status":"closed","template":"","meta":[],"product_brand":[517],"product_cat":[4252],"product_tag":[],"class_list":{"0":"post-399665","1":"product","2":"type-product","3":"status-publish","4":"has-post-thumbnail","6":"product_brand-aae","7":"product_cat-einzelteile-fuer-finger-tabs","9":"first","10":"instock","11":"shipping-taxable","12":"purchasable","13":"product-type-variable"},"_links":{"self":[{"href":"https:\/\/bogensportdiscount.ch\/fr\/wp-json\/wp\/v2\/product\/399665","targetHints":{"allow":["GET"]}}],"collection":[{"href":"https:\/\/bogensportdiscount.ch\/fr\/wp-json\/wp\/v2\/product"}],"about":[{"href":"https:\/\/bogensportdiscount.ch\/fr\/wp-json\/wp\/v2\/types\/product"}],"replies":[{"embeddable":true,"href":"https:\/\/bogensportdiscount.ch\/fr\/wp-json\/wp\/v2\/comments?post=399665"}],"wp:featuredmedia":[{"embeddable":true,"href":"https:\/\/bogensportdiscount.ch\/fr\/wp-json\/wp\/v2\/media\/440046"}],"wp:attachment":[{"href":"https:\/\/bogensportdiscount.ch\/fr\/wp-json\/wp\/v2\/media?parent=399665"}],"wp:term":[{"taxonomy":"product_brand","embeddable":true,"href":"https:\/\/bogensportdiscount.ch\/fr\/wp-json\/wp\/v2\/product_brand?post=399665"},{"taxonomy":"product_cat","embeddable":true,"href":"https:\/\/bogensportdiscount.ch\/fr\/wp-json\/wp\/v2\/product_cat?post=399665"},{"taxonomy":"product_tag","embeddable":true,"href":"https:\/\/bogensportdiscount.ch\/fr\/wp-json\/wp\/v2\/product_tag?post=399665"}],"curies":[{"name":"wp","href":"https:\/\/api.w.org\/{rel}","templated":true}]}}