{"id":399653,"date":"2026-04-05T14:43:01","date_gmt":"2026-04-05T12:43:01","guid":{"rendered":"https:\/\/bogensportdiscount.ch\/produkt\/tab-parts-replacement-face-synthax-lh-small\/"},"modified":"2026-04-17T13:45:38","modified_gmt":"2026-04-17T11:45:38","slug":"af-tab-ersatz-oberflaeche-synthax","status":"publish","type":"product","link":"https:\/\/bogensportdiscount.ch\/fr\/produit\/af-tab-ersatz-oberflaeche-synthax\/","title":{"rendered":"AF TAB PARTS REPLACEMENT FACE SYNTHAX SMALL"},"content":{"rendered":"<p>Die AF Tab Ersatz-Oberfl\u00e4che Synthax ist ein Ersatzteil f\u00fcr den AF Synthax Schiesshandschuh-Tab. Mit dieser Austauschoberfl\u00ad\u00e4che l\u00e4sst sich die abgenutzte Schiessfl\u00e4che des Tabs ersetzen, ohne das gesamte Produkt neu anschaffen zu m\u00fcssen.<\/p>\n<p>Das Teil ist sowohl f\u00fcr Rechts- als auch f\u00fcr Linkshand-Sch\u00fctzen erh\u00e4ltlich und wird in den Niederlanden gefertigt.<\/p>\n<ul>\n<li>Passend f\u00fcr den AF Synthax Tab<\/li>\n<li>Erh\u00e4ltlich f\u00fcr Rechtshand (RH) und Linkshand (LH)<\/li>\n<li>Kosteng\u00fcnstige M\u00f6glichkeit zur Erneuerung der Schiessfl\u00e4che<\/li>\n<li>Herkunft: Niederlande<\/li>\n<\/ul>","protected":false},"excerpt":{"rendered":"<p>Ersatz-Oberfl\u00e4che f\u00fcr den AF Synthax Tab. Erh\u00e4ltlich f\u00fcr Rechts- und Linkshand. Erm\u00f6glicht den einfachen Austausch der Schiessfl\u00e4che ohne neuen Tab kaufen zu m\u00fcssen.<\/p>","protected":false},"featured_media":440054,"comment_status":"open","ping_status":"closed","template":"","meta":[],"product_brand":[600],"product_cat":[4252],"product_tag":[],"class_list":{"0":"post-399653","1":"product","2":"type-product","3":"status-publish","4":"has-post-thumbnail","6":"product_brand-af","7":"product_cat-einzelteile-fuer-finger-tabs","9":"first","10":"instock","11":"shipping-taxable","12":"purchasable","13":"product-type-variable"},"_links":{"self":[{"href":"https:\/\/bogensportdiscount.ch\/fr\/wp-json\/wp\/v2\/product\/399653","targetHints":{"allow":["GET"]}}],"collection":[{"href":"https:\/\/bogensportdiscount.ch\/fr\/wp-json\/wp\/v2\/product"}],"about":[{"href":"https:\/\/bogensportdiscount.ch\/fr\/wp-json\/wp\/v2\/types\/product"}],"replies":[{"embeddable":true,"href":"https:\/\/bogensportdiscount.ch\/fr\/wp-json\/wp\/v2\/comments?post=399653"}],"wp:featuredmedia":[{"embeddable":true,"href":"https:\/\/bogensportdiscount.ch\/fr\/wp-json\/wp\/v2\/media\/440054"}],"wp:attachment":[{"href":"https:\/\/bogensportdiscount.ch\/fr\/wp-json\/wp\/v2\/media?parent=399653"}],"wp:term":[{"taxonomy":"product_brand","embeddable":true,"href":"https:\/\/bogensportdiscount.ch\/fr\/wp-json\/wp\/v2\/product_brand?post=399653"},{"taxonomy":"product_cat","embeddable":true,"href":"https:\/\/bogensportdiscount.ch\/fr\/wp-json\/wp\/v2\/product_cat?post=399653"},{"taxonomy":"product_tag","embeddable":true,"href":"https:\/\/bogensportdiscount.ch\/fr\/wp-json\/wp\/v2\/product_tag?post=399653"}],"curies":[{"name":"wp","href":"https:\/\/api.w.org\/{rel}","templated":true}]}}