{"id":399646,"date":"2026-04-05T14:43:00","date_gmt":"2026-04-05T12:43:00","guid":{"rendered":"https:\/\/bogensportdiscount.ch\/produkt\/tab-parts-replacement-face-leather-lh-large\/"},"modified":"2026-04-17T15:42:14","modified_gmt":"2026-04-17T13:42:14","slug":"af-tab-ersatz-lederauflage","status":"publish","type":"product","link":"https:\/\/bogensportdiscount.ch\/fr\/produit\/af-tab-ersatz-lederauflage\/","title":{"rendered":"A&amp;F FACE LEATHER TAB PART"},"content":{"rendered":"<p>Diese Ersatz-Lederauflage von AF ist als Ersatzteil f\u00fcr Finger-Tabs konzipiert und erm\u00f6glicht die Auffrischung eines abgenutzten Tabs ohne den vollst\u00e4ndigen Austausch. Das Leder bietet eine gleichm\u00e4ssige Griffoberfl\u00e4che f\u00fcr einen kontrollierten Anker und sauberen Abzug.<\/p>\n<p>Die Auflage ist f\u00fcr Links- und Rechtshand erh\u00e4ltlich und in drei Gr\u00f6ssen (S, M, L) erh\u00e4ltlich, sodass eine gute Passform f\u00fcr verschiedene Handgr\u00f6ssen gew\u00e4hrleistet ist.<\/p>\n<ul>\n<li>Ersatzleder f\u00fcr AF Finger-Tabs<\/li>\n<li>Erh\u00e4ltlich in S, M und L<\/li>\n<li>F\u00fcr Links- und Rechtshand<\/li>\n<li>Herkunft: Niederlande<\/li>\n<\/ul>","protected":false},"excerpt":{"rendered":"<p>Ersatz-Lederauflage f\u00fcr AF Finger-Tabs. Erh\u00e4ltlich f\u00fcr Links- und Rechtshand in den Gr\u00f6ssen S, M und L.<\/p>","protected":false},"featured_media":440064,"comment_status":"open","ping_status":"closed","template":"","meta":[],"product_brand":[600],"product_cat":[4252],"product_tag":[],"class_list":{"0":"post-399646","1":"product","2":"type-product","3":"status-publish","4":"has-post-thumbnail","6":"product_brand-af","7":"product_cat-einzelteile-fuer-finger-tabs","9":"first","10":"instock","11":"shipping-taxable","12":"purchasable","13":"product-type-variable"},"_links":{"self":[{"href":"https:\/\/bogensportdiscount.ch\/fr\/wp-json\/wp\/v2\/product\/399646","targetHints":{"allow":["GET"]}}],"collection":[{"href":"https:\/\/bogensportdiscount.ch\/fr\/wp-json\/wp\/v2\/product"}],"about":[{"href":"https:\/\/bogensportdiscount.ch\/fr\/wp-json\/wp\/v2\/types\/product"}],"replies":[{"embeddable":true,"href":"https:\/\/bogensportdiscount.ch\/fr\/wp-json\/wp\/v2\/comments?post=399646"}],"wp:featuredmedia":[{"embeddable":true,"href":"https:\/\/bogensportdiscount.ch\/fr\/wp-json\/wp\/v2\/media\/440064"}],"wp:attachment":[{"href":"https:\/\/bogensportdiscount.ch\/fr\/wp-json\/wp\/v2\/media?parent=399646"}],"wp:term":[{"taxonomy":"product_brand","embeddable":true,"href":"https:\/\/bogensportdiscount.ch\/fr\/wp-json\/wp\/v2\/product_brand?post=399646"},{"taxonomy":"product_cat","embeddable":true,"href":"https:\/\/bogensportdiscount.ch\/fr\/wp-json\/wp\/v2\/product_cat?post=399646"},{"taxonomy":"product_tag","embeddable":true,"href":"https:\/\/bogensportdiscount.ch\/fr\/wp-json\/wp\/v2\/product_tag?post=399646"}],"curies":[{"name":"wp","href":"https:\/\/api.w.org\/{rel}","templated":true}]}}