{"id":399639,"date":"2026-04-05T14:43:00","date_gmt":"2026-04-05T12:43:00","guid":{"rendered":"https:\/\/bogensportdiscount.ch\/produkt\/tab-parts-replacement-face-cordovan-lh-large\/"},"modified":"2026-04-17T13:45:38","modified_gmt":"2026-04-17T11:45:38","slug":"af-tab-ersatzleder-cordovan-rechtshand","status":"publish","type":"product","link":"https:\/\/bogensportdiscount.ch\/fr\/produit\/af-tab-ersatzleder-cordovan-rechtshand\/","title":{"rendered":"AF TAB PARTS REPLACEMENT FACE CORDOVAN"},"content":{"rendered":"<p>Dieses Ersatzleder aus Cordovan ist als Austauschteil f\u00fcr kompatible AF Finger-Tabs konzipiert. Cordovan ist ein robustes, glattes Leder, das sich durch gute Haltbarkeit und ein angenehmes Loslassgef\u00fchl auszeichnet \u2013 ein bew\u00e4hrtes Material im Bogensport.<\/p>\n<p>Das Ersatzteil ist f\u00fcr Rechtshandsch\u00fctzen (RH) vorgesehen und erm\u00f6glicht die einfache Erneuerung des verschlissenen Tabgesichts, ohne den gesamten Tab ersetzen zu m\u00fcssen. Erh\u00e4ltlich in den Gr\u00f6ssen S und M.<\/p>\n<ul>\n<li>Material: Cordovan-Leder<\/li>\n<li>F\u00fcr Rechtshandsch\u00fctzen geeignet<\/li>\n<li>Gr\u00f6ssen S und M verf\u00fcgbar<\/li>\n<li>Einfacher Austausch des Tab-Gesichts<\/li>\n<\/ul>","protected":false},"excerpt":{"rendered":"<p>Ersatzleder aus Cordovan f\u00fcr AF Finger-Tabs, geeignet f\u00fcr Rechtshandsch\u00fctzen. Erh\u00e4ltlich in den Gr\u00f6ssen S und M.<\/p>","protected":false},"featured_media":440057,"comment_status":"open","ping_status":"closed","template":"","meta":[],"product_brand":[600],"product_cat":[4252],"product_tag":[],"class_list":{"0":"post-399639","1":"product","2":"type-product","3":"status-publish","4":"has-post-thumbnail","6":"product_brand-af","7":"product_cat-einzelteile-fuer-finger-tabs","9":"first","10":"instock","11":"shipping-taxable","12":"purchasable","13":"product-type-variable"},"_links":{"self":[{"href":"https:\/\/bogensportdiscount.ch\/fr\/wp-json\/wp\/v2\/product\/399639","targetHints":{"allow":["GET"]}}],"collection":[{"href":"https:\/\/bogensportdiscount.ch\/fr\/wp-json\/wp\/v2\/product"}],"about":[{"href":"https:\/\/bogensportdiscount.ch\/fr\/wp-json\/wp\/v2\/types\/product"}],"replies":[{"embeddable":true,"href":"https:\/\/bogensportdiscount.ch\/fr\/wp-json\/wp\/v2\/comments?post=399639"}],"wp:featuredmedia":[{"embeddable":true,"href":"https:\/\/bogensportdiscount.ch\/fr\/wp-json\/wp\/v2\/media\/440057"}],"wp:attachment":[{"href":"https:\/\/bogensportdiscount.ch\/fr\/wp-json\/wp\/v2\/media?parent=399639"}],"wp:term":[{"taxonomy":"product_brand","embeddable":true,"href":"https:\/\/bogensportdiscount.ch\/fr\/wp-json\/wp\/v2\/product_brand?post=399639"},{"taxonomy":"product_cat","embeddable":true,"href":"https:\/\/bogensportdiscount.ch\/fr\/wp-json\/wp\/v2\/product_cat?post=399639"},{"taxonomy":"product_tag","embeddable":true,"href":"https:\/\/bogensportdiscount.ch\/fr\/wp-json\/wp\/v2\/product_tag?post=399639"}],"curies":[{"name":"wp","href":"https:\/\/api.w.org\/{rel}","templated":true}]}}