{"id":399550,"date":"2026-04-05T14:42:51","date_gmt":"2026-04-05T12:42:51","guid":{"rendered":"https:\/\/bogensportdiscount.ch\/produkt\/olympic-recurve-tab-with-anchor-pad-cow-hide-leather-rh-small-blue\/"},"modified":"2026-04-15T12:35:52","modified_gmt":"2026-04-15T10:35:52","slug":"wns-olympic-recurve-tab-ankerpunkt-pad-rindsleder","status":"publish","type":"product","link":"https:\/\/bogensportdiscount.ch\/fr\/produit\/wns-olympic-recurve-tab-ankerpunkt-pad-rindsleder\/","title":{"rendered":"WNS OLYMPIC RECURVE TAB WITH ANCHOR PAD COW-HIDE LEATHER"},"content":{"rendered":"<p>Der WNS Olympic-Recurve-Tab sch\u00fctzt die Finger beim Schiessen mit dem Recurvebogen und ist speziell f\u00fcr den olympischen Recurvesport konzipiert. Das integrierte Ankerpunkt-Pad erm\u00f6glicht eine gleichm\u00e4ssige und reproduzierbare Ankerposition unter dem Kinn, was zu einer konsistenteren Schussausf\u00fchrung beitr\u00e4gt.<\/p>\n<p>Das Obermaterial aus Rindsleder bietet eine langlebige und griffige Oberfl\u00e4che, die sich \u00fcber die Zeit dem individuellen Fingerabdruck des Sch\u00fctzen anpasst. Der Tab ist f\u00fcr Links- und Rechtshandsch\u00fctzen erh\u00e4ltlich und in drei Gr\u00f6ssen (S, M, L) sowie den Farben Schwarz, Blau und Rot verf\u00fcgbar.<\/p>\n<ul>\n<li>Rindsleder f\u00fcr Haltbarkeit und guten Griffkomfort<\/li>\n<li>Integriertes Ankerpunkt-Pad f\u00fcr reproduzierbare Ankerpositionen<\/li>\n<li>Disponible pour gaucher et droitier<\/li>\n<li>Drei Gr\u00f6ssen und drei Farbvarianten verf\u00fcgbar<\/li>\n<\/ul>","protected":false},"excerpt":{"rendered":"<p><strong>Marque :<\/strong> WNS<\/p>","protected":false},"featured_media":449838,"comment_status":"open","ping_status":"closed","template":"","meta":[],"product_brand":[461],"product_cat":[4441],"product_tag":[],"class_list":{"0":"post-399550","1":"product","2":"type-product","3":"status-publish","4":"has-post-thumbnail","6":"product_brand-wns","7":"product_cat-olympic-recurve-tabs-finger-tabs-handschuhe","9":"first","10":"instock","11":"shipping-taxable","12":"purchasable","13":"product-type-variable"},"_links":{"self":[{"href":"https:\/\/bogensportdiscount.ch\/fr\/wp-json\/wp\/v2\/product\/399550","targetHints":{"allow":["GET"]}}],"collection":[{"href":"https:\/\/bogensportdiscount.ch\/fr\/wp-json\/wp\/v2\/product"}],"about":[{"href":"https:\/\/bogensportdiscount.ch\/fr\/wp-json\/wp\/v2\/types\/product"}],"replies":[{"embeddable":true,"href":"https:\/\/bogensportdiscount.ch\/fr\/wp-json\/wp\/v2\/comments?post=399550"}],"wp:featuredmedia":[{"embeddable":true,"href":"https:\/\/bogensportdiscount.ch\/fr\/wp-json\/wp\/v2\/media\/449838"}],"wp:attachment":[{"href":"https:\/\/bogensportdiscount.ch\/fr\/wp-json\/wp\/v2\/media?parent=399550"}],"wp:term":[{"taxonomy":"product_brand","embeddable":true,"href":"https:\/\/bogensportdiscount.ch\/fr\/wp-json\/wp\/v2\/product_brand?post=399550"},{"taxonomy":"product_cat","embeddable":true,"href":"https:\/\/bogensportdiscount.ch\/fr\/wp-json\/wp\/v2\/product_cat?post=399550"},{"taxonomy":"product_tag","embeddable":true,"href":"https:\/\/bogensportdiscount.ch\/fr\/wp-json\/wp\/v2\/product_tag?post=399550"}],"curies":[{"name":"wp","href":"https:\/\/api.w.org\/{rel}","templated":true}]}}