{"id":399500,"date":"2026-04-05T14:42:47","date_gmt":"2026-04-05T12:42:47","guid":{"rendered":"https:\/\/bogensportdiscount.ch\/produkt\/basic-tab-with-separator-single-leather-lh-junior\/"},"modified":"2026-05-14T15:25:52","modified_gmt":"2026-05-14T13:25:52","slug":"af-finger-tab-basic-mit-stegschutz-einzelleder","status":"publish","type":"product","link":"https:\/\/bogensportdiscount.ch\/fr\/produit\/af-finger-tab-basic-mit-stegschutz-einzelleder\/","title":{"rendered":"AF PALETTE DE BASE AVEC S\u00c9PARATEUR CUIR SIMPLE"},"content":{"rendered":"<p>Le AF Basic Finger-Tab avec s\u00e9parateur est une palette simple et fonctionnelle pour les archers \u00e0 la recherche d'une solution pratique. La version en cuir simple prot\u00e8ge efficacement les doigts \u00e0 la d\u00e9coche et convient particuli\u00e8rement aux d\u00e9butants ainsi qu'aux tireurs en entra\u00eenement et en loisir.<\/p>\n<p>Le s\u00e9parateur int\u00e9gr\u00e9 emp\u00eache la corde de se coincer entre les doigts et assure une d\u00e9coche r\u00e9guli\u00e8re. Le mod\u00e8le est disponible en trois tailles et convient aux tireurs droitiers comme gauchers.<\/p>\n<ul>\n<li>Version en cuir simple pour une protection solide des doigts<\/li>\n<li>S\u00e9parateur int\u00e9gr\u00e9<\/li>\n<li>Convient aux droitiers et aux gauchers<\/li>\n<li>Disponible en S, M et L<\/li>\n<\/ul>","protected":false},"excerpt":{"rendered":"<table>\n<tr>\n<th>Propri\u00e9t\u00e9<\/th>\n<th>Valeur<\/th>\n<\/tr>\n<tr>\n<td>Marque<\/td>\n<td>AF<\/td>\n<\/tr>\n<tr>\n<td>Pays d'origine<\/td>\n<td>Pays-Bas<\/td>\n<\/tr>\n<\/table>","protected":false},"featured_media":524493,"comment_status":"open","ping_status":"closed","template":"","meta":[],"product_brand":[600],"product_cat":[4251],"product_tag":[],"class_list":{"0":"post-399500","1":"product","2":"type-product","3":"status-publish","4":"has-post-thumbnail","6":"product_brand-af","7":"product_cat-basic-tabs","8":"product_shipping_class-bsd-standard","10":"first","11":"instock","12":"shipping-taxable","13":"purchasable","14":"product-type-variable"},"yoast_head":"<!-- This site is optimized with the Yoast SEO plugin v27.6 - https:\/\/yoast.com\/product\/yoast-seo-wordpress\/ -->\n<title>AF BASIC TAB MIT SEPARATOR EINFACH LEDER - Bogensportdiscount \u2013 B\u00f6gen, Pfeile, Targets &amp; Zubeh\u00f6r<\/title>\n<meta name=\"description\" content=\"AF BASIC TAB MIT SEPARATOR EINFACH LEDER g\u00fcnstig kaufen bei Bogensportdiscount \u2013 Top-Marken, schneller Versand aus der Schweiz.\" \/>\n<meta name=\"robots\" content=\"index, follow, max-snippet:-1, max-image-preview:large, max-video-preview:-1\" \/>\n<link rel=\"canonical\" href=\"https:\/\/bogensportdiscount.ch\/fr\/produit\/af-finger-tab-basic-mit-stegschutz-einzelleder\/\" \/>\n<meta property=\"og:locale\" content=\"fr_FR\" \/>\n<meta property=\"og:type\" content=\"article\" \/>\n<meta property=\"og:title\" content=\"AF BASIC TAB MIT SEPARATOR EINFACH LEDER - Bogensportdiscount \u2013 B\u00f6gen, Pfeile, Targets &amp; Zubeh\u00f6r\" \/>\n<meta property=\"og:description\" content=\"AF BASIC TAB MIT SEPARATOR EINFACH LEDER g\u00fcnstig kaufen bei Bogensportdiscount \u2013 Top-Marken, schneller Versand aus der Schweiz.\" \/>\n<meta property=\"og:url\" content=\"https:\/\/bogensportdiscount.ch\/fr\/produit\/af-finger-tab-basic-mit-stegschutz-einzelleder\/\" \/>\n<meta property=\"og:site_name\" content=\"Bogensportdiscount \u2013 B\u00f6gen, Pfeile, Targets &amp; Zubeh\u00f6r\" \/>\n<meta property=\"article:modified_time\" content=\"2026-05-14T13:25:52+00:00\" \/>\n<meta property=\"og:image\" content=\"https:\/\/bogensportdiscount.ch\/wp-content\/uploads\/bsm-images\/A032303_1.jpg\" \/>\n\t<meta property=\"og:image:width\" content=\"1181\" \/>\n\t<meta property=\"og:image:height\" content=\"983\" \/>\n\t<meta property=\"og:image:type\" content=\"image\/jpeg\" \/>\n<meta name=\"twitter:card\" content=\"summary_large_image\" \/>\n<meta name=\"twitter:label1\" content=\"Dur\u00e9e de lecture estim\u00e9e\" \/>\n\t<meta name=\"twitter:data1\" content=\"1 minute\" \/>\n<script type=\"application\/ld+json\" class=\"yoast-schema-graph\">{\"@context\":\"https:\\\/\\\/schema.org\",\"@graph\":[{\"@type\":\"WebPage\",\"@id\":\"https:\\\/\\\/bogensportdiscount.ch\\\/produkt\\\/af-finger-tab-basic-mit-stegschutz-einzelleder\\\/\",\"url\":\"https:\\\/\\\/bogensportdiscount.ch\\\/produkt\\\/af-finger-tab-basic-mit-stegschutz-einzelleder\\\/\",\"name\":\"AF BASIC TAB MIT SEPARATOR EINFACH LEDER - Bogensportdiscount \u2013 B\u00f6gen, Pfeile, Targets &amp; Zubeh\u00f6r\",\"isPartOf\":{\"@id\":\"https:\\\/\\\/bogensportdiscount.ch\\\/#website\"},\"primaryImageOfPage\":{\"@id\":\"https:\\\/\\\/bogensportdiscount.ch\\\/produkt\\\/af-finger-tab-basic-mit-stegschutz-einzelleder\\\/#primaryimage\"},\"image\":{\"@id\":\"https:\\\/\\\/bogensportdiscount.ch\\\/produkt\\\/af-finger-tab-basic-mit-stegschutz-einzelleder\\\/#primaryimage\"},\"thumbnailUrl\":\"https:\\\/\\\/bogensportdiscount.ch\\\/wp-content\\\/uploads\\\/bsm-images\\\/A032303_1.jpg\",\"datePublished\":\"2026-04-05T12:42:47+00:00\",\"dateModified\":\"2026-05-14T13:25:52+00:00\",\"description\":\"AF BASIC TAB MIT SEPARATOR EINFACH LEDER g\u00fcnstig kaufen bei Bogensportdiscount \u2013 Top-Marken, schneller Versand aus der Schweiz.\",\"breadcrumb\":{\"@id\":\"https:\\\/\\\/bogensportdiscount.ch\\\/produkt\\\/af-finger-tab-basic-mit-stegschutz-einzelleder\\\/#breadcrumb\"},\"inLanguage\":\"fr-FR\",\"potentialAction\":[{\"@type\":\"ReadAction\",\"target\":[\"https:\\\/\\\/bogensportdiscount.ch\\\/produkt\\\/af-finger-tab-basic-mit-stegschutz-einzelleder\\\/\"]}]},{\"@type\":\"ImageObject\",\"inLanguage\":\"fr-FR\",\"@id\":\"https:\\\/\\\/bogensportdiscount.ch\\\/produkt\\\/af-finger-tab-basic-mit-stegschutz-einzelleder\\\/#primaryimage\",\"url\":\"https:\\\/\\\/bogensportdiscount.ch\\\/wp-content\\\/uploads\\\/bsm-images\\\/A032303_1.jpg\",\"contentUrl\":\"https:\\\/\\\/bogensportdiscount.ch\\\/wp-content\\\/uploads\\\/bsm-images\\\/A032303_1.jpg\",\"width\":1181,\"height\":983},{\"@type\":\"BreadcrumbList\",\"@id\":\"https:\\\/\\\/bogensportdiscount.ch\\\/produkt\\\/af-finger-tab-basic-mit-stegschutz-einzelleder\\\/#breadcrumb\",\"itemListElement\":[{\"@type\":\"ListItem\",\"position\":1,\"name\":\"Home\",\"item\":\"https:\\\/\\\/bogensportdiscount.ch\\\/\"},{\"@type\":\"ListItem\",\"position\":2,\"name\":\"Shop\",\"item\":\"https:\\\/\\\/bogensportdiscount.ch\\\/shop\\\/\"},{\"@type\":\"ListItem\",\"position\":3,\"name\":\"AF BASIC TAB WITH SEPARATOR SINGLE LEATHER\"}]},{\"@type\":\"WebSite\",\"@id\":\"https:\\\/\\\/bogensportdiscount.ch\\\/#website\",\"url\":\"https:\\\/\\\/bogensportdiscount.ch\\\/\",\"name\":\"Bogensportdiscount\",\"description\":\"\",\"potentialAction\":[{\"@type\":\"SearchAction\",\"target\":{\"@type\":\"EntryPoint\",\"urlTemplate\":\"https:\\\/\\\/bogensportdiscount.ch\\\/?s={search_term_string}\"},\"query-input\":{\"@type\":\"PropertyValueSpecification\",\"valueRequired\":true,\"valueName\":\"search_term_string\"}}],\"inLanguage\":\"fr-FR\"}]}<\/script>\n<!-- \/ Yoast SEO plugin. -->","yoast_head_json":{"title":"AF BASIC TAB MIT SEPARATOR EINFACH LEDER - Bogensportdiscount \u2013 B\u00f6gen, Pfeile, Targets &amp; Zubeh\u00f6r","description":"AF BASIC TAB MIT SEPARATOR EINFACH LEDER g\u00fcnstig kaufen bei Bogensportdiscount \u2013 Top-Marken, schneller Versand aus der Schweiz.","robots":{"index":"index","follow":"follow","max-snippet":"max-snippet:-1","max-image-preview":"max-image-preview:large","max-video-preview":"max-video-preview:-1"},"canonical":"https:\/\/bogensportdiscount.ch\/fr\/produit\/af-finger-tab-basic-mit-stegschutz-einzelleder\/","og_locale":"fr_FR","og_type":"article","og_title":"AF BASIC TAB MIT SEPARATOR EINFACH LEDER - Bogensportdiscount \u2013 B\u00f6gen, Pfeile, Targets &amp; Zubeh\u00f6r","og_description":"AF BASIC TAB MIT SEPARATOR EINFACH LEDER g\u00fcnstig kaufen bei Bogensportdiscount \u2013 Top-Marken, schneller Versand aus der Schweiz.","og_url":"https:\/\/bogensportdiscount.ch\/fr\/produit\/af-finger-tab-basic-mit-stegschutz-einzelleder\/","og_site_name":"Bogensportdiscount \u2013 B\u00f6gen, Pfeile, Targets &amp; Zubeh\u00f6r","article_modified_time":"2026-05-14T13:25:52+00:00","og_image":[{"width":1181,"height":983,"url":"https:\/\/bogensportdiscount.ch\/wp-content\/uploads\/bsm-images\/A032303_1.jpg","type":"image\/jpeg"}],"twitter_card":"summary_large_image","twitter_misc":{"Dur\u00e9e de lecture estim\u00e9e":"1 minute"},"schema":{"@context":"https:\/\/schema.org","@graph":[{"@type":"WebPage","@id":"https:\/\/bogensportdiscount.ch\/produkt\/af-finger-tab-basic-mit-stegschutz-einzelleder\/","url":"https:\/\/bogensportdiscount.ch\/produkt\/af-finger-tab-basic-mit-stegschutz-einzelleder\/","name":"AF BASIC TAB MIT SEPARATOR EINFACH LEDER - Bogensportdiscount \u2013 B\u00f6gen, Pfeile, Targets &amp; Zubeh\u00f6r","isPartOf":{"@id":"https:\/\/bogensportdiscount.ch\/#website"},"primaryImageOfPage":{"@id":"https:\/\/bogensportdiscount.ch\/produkt\/af-finger-tab-basic-mit-stegschutz-einzelleder\/#primaryimage"},"image":{"@id":"https:\/\/bogensportdiscount.ch\/produkt\/af-finger-tab-basic-mit-stegschutz-einzelleder\/#primaryimage"},"thumbnailUrl":"https:\/\/bogensportdiscount.ch\/wp-content\/uploads\/bsm-images\/A032303_1.jpg","datePublished":"2026-04-05T12:42:47+00:00","dateModified":"2026-05-14T13:25:52+00:00","description":"AF BASIC TAB MIT SEPARATOR EINFACH LEDER g\u00fcnstig kaufen bei Bogensportdiscount \u2013 Top-Marken, schneller Versand aus der Schweiz.","breadcrumb":{"@id":"https:\/\/bogensportdiscount.ch\/produkt\/af-finger-tab-basic-mit-stegschutz-einzelleder\/#breadcrumb"},"inLanguage":"fr-FR","potentialAction":[{"@type":"ReadAction","target":["https:\/\/bogensportdiscount.ch\/produkt\/af-finger-tab-basic-mit-stegschutz-einzelleder\/"]}]},{"@type":"ImageObject","inLanguage":"fr-FR","@id":"https:\/\/bogensportdiscount.ch\/produkt\/af-finger-tab-basic-mit-stegschutz-einzelleder\/#primaryimage","url":"https:\/\/bogensportdiscount.ch\/wp-content\/uploads\/bsm-images\/A032303_1.jpg","contentUrl":"https:\/\/bogensportdiscount.ch\/wp-content\/uploads\/bsm-images\/A032303_1.jpg","width":1181,"height":983},{"@type":"BreadcrumbList","@id":"https:\/\/bogensportdiscount.ch\/produkt\/af-finger-tab-basic-mit-stegschutz-einzelleder\/#breadcrumb","itemListElement":[{"@type":"ListItem","position":1,"name":"Home","item":"https:\/\/bogensportdiscount.ch\/"},{"@type":"ListItem","position":2,"name":"Shop","item":"https:\/\/bogensportdiscount.ch\/shop\/"},{"@type":"ListItem","position":3,"name":"AF BASIC TAB WITH SEPARATOR SINGLE LEATHER"}]},{"@type":"WebSite","@id":"https:\/\/bogensportdiscount.ch\/#website","url":"https:\/\/bogensportdiscount.ch\/","name":"Bogensportdiscount","description":"","potentialAction":[{"@type":"SearchAction","target":{"@type":"EntryPoint","urlTemplate":"https:\/\/bogensportdiscount.ch\/?s={search_term_string}"},"query-input":{"@type":"PropertyValueSpecification","valueRequired":true,"valueName":"search_term_string"}}],"inLanguage":"fr-FR"}]}},"_links":{"self":[{"href":"https:\/\/bogensportdiscount.ch\/fr\/wp-json\/wp\/v2\/product\/399500","targetHints":{"allow":["GET"]}}],"collection":[{"href":"https:\/\/bogensportdiscount.ch\/fr\/wp-json\/wp\/v2\/product"}],"about":[{"href":"https:\/\/bogensportdiscount.ch\/fr\/wp-json\/wp\/v2\/types\/product"}],"replies":[{"embeddable":true,"href":"https:\/\/bogensportdiscount.ch\/fr\/wp-json\/wp\/v2\/comments?post=399500"}],"wp:featuredmedia":[{"embeddable":true,"href":"https:\/\/bogensportdiscount.ch\/fr\/wp-json\/wp\/v2\/media\/524493"}],"wp:attachment":[{"href":"https:\/\/bogensportdiscount.ch\/fr\/wp-json\/wp\/v2\/media?parent=399500"}],"wp:term":[{"taxonomy":"product_brand","embeddable":true,"href":"https:\/\/bogensportdiscount.ch\/fr\/wp-json\/wp\/v2\/product_brand?post=399500"},{"taxonomy":"product_cat","embeddable":true,"href":"https:\/\/bogensportdiscount.ch\/fr\/wp-json\/wp\/v2\/product_cat?post=399500"},{"taxonomy":"product_tag","embeddable":true,"href":"https:\/\/bogensportdiscount.ch\/fr\/wp-json\/wp\/v2\/product_tag?post=399500"}],"curies":[{"name":"wp","href":"https:\/\/api.w.org\/{rel}","templated":true}]}}