{"id":399491,"date":"2026-04-05T14:42:46","date_gmt":"2026-04-05T12:42:46","guid":{"rendered":"https:\/\/bogensportdiscount.ch\/produkt\/olympic-recurve-tab-elite-super-leather-rh-small\/"},"modified":"2026-04-17T13:45:37","modified_gmt":"2026-04-17T11:45:37","slug":"aae-olympic-recurve-tab-elite-super-leather","status":"publish","type":"product","link":"https:\/\/bogensportdiscount.ch\/fr\/produit\/aae-olympic-recurve-tab-elite-super-leather\/","title":{"rendered":"AAE OLYMPIC RECURVE TAB ELITE SUPER LEATHER"},"content":{"rendered":"<p>Der AAE Elite Super Leather Tab ist ein Fingerschutz f\u00fcr Olympic-Recurve-Sch\u00fctzen, der aus hochwertigem Leder gefertigt ist. Das Material sorgt f\u00fcr eine gleichm\u00e4ssige Sehnenf\u00fchrung und sch\u00fctzt die Finger zuverl\u00e4ssig beim Auszug.<\/p>\n<p>Der Tab ist f\u00fcr Links- und Rechtssch\u00fctzen erh\u00e4ltlich und wird in vier Gr\u00f6ssen (S, M, L, XL) angeboten, um eine optimale Passform f\u00fcr unterschiedliche Handgr\u00f6ssen zu gew\u00e4hrleisten.<\/p>\n<ul>\n<li>Hochwertiges Leder f\u00fcr gleichm\u00e4ssigen Abzug<\/li>\n<li>Geeignet f\u00fcr Links- und Rechtssch\u00fctzen<\/li>\n<li>Vier Gr\u00f6ssen verf\u00fcgbar: S, M, L, XL<\/li>\n<li>Ausgelegt f\u00fcr den Einsatz im olympischen Recurve-Schiessen<\/li>\n<\/ul>","protected":false},"excerpt":{"rendered":"<p><strong>Marque :<\/strong> AAE<\/p>","protected":false},"featured_media":444776,"comment_status":"open","ping_status":"closed","template":"","meta":[],"product_brand":[517],"product_cat":[4441],"product_tag":[],"class_list":{"0":"post-399491","1":"product","2":"type-product","3":"status-publish","4":"has-post-thumbnail","6":"product_brand-aae","7":"product_cat-olympic-recurve-tabs-finger-tabs-handschuhe","9":"first","10":"instock","11":"shipping-taxable","12":"purchasable","13":"product-type-variable"},"_links":{"self":[{"href":"https:\/\/bogensportdiscount.ch\/fr\/wp-json\/wp\/v2\/product\/399491","targetHints":{"allow":["GET"]}}],"collection":[{"href":"https:\/\/bogensportdiscount.ch\/fr\/wp-json\/wp\/v2\/product"}],"about":[{"href":"https:\/\/bogensportdiscount.ch\/fr\/wp-json\/wp\/v2\/types\/product"}],"replies":[{"embeddable":true,"href":"https:\/\/bogensportdiscount.ch\/fr\/wp-json\/wp\/v2\/comments?post=399491"}],"wp:featuredmedia":[{"embeddable":true,"href":"https:\/\/bogensportdiscount.ch\/fr\/wp-json\/wp\/v2\/media\/444776"}],"wp:attachment":[{"href":"https:\/\/bogensportdiscount.ch\/fr\/wp-json\/wp\/v2\/media?parent=399491"}],"wp:term":[{"taxonomy":"product_brand","embeddable":true,"href":"https:\/\/bogensportdiscount.ch\/fr\/wp-json\/wp\/v2\/product_brand?post=399491"},{"taxonomy":"product_cat","embeddable":true,"href":"https:\/\/bogensportdiscount.ch\/fr\/wp-json\/wp\/v2\/product_cat?post=399491"},{"taxonomy":"product_tag","embeddable":true,"href":"https:\/\/bogensportdiscount.ch\/fr\/wp-json\/wp\/v2\/product_tag?post=399491"}],"curies":[{"name":"wp","href":"https:\/\/api.w.org\/{rel}","templated":true}]}}