{"id":399280,"date":"2026-04-05T14:42:21","date_gmt":"2026-04-05T12:42:21","guid":{"rendered":"https:\/\/bogensportdiscount.ch\/produkt\/recurve-scope-curve-rx-sjef-series-w-rheostat-14mm-019-green-fire-ring-apert-discs-lh\/"},"modified":"2026-04-20T13:33:00","modified_gmt":"2026-04-20T11:33:00","slug":"axcel-recurve-visier-curve-rx-sjef-series-rheostat-14mm","status":"publish","type":"product","link":"https:\/\/bogensportdiscount.ch\/fr\/produit\/axcel-recurve-visier-curve-rx-sjef-series-rheostat-14mm\/","title":{"rendered":"AXCEL RECURVE ZIELFERNROHR CURVE RX SJEF SERIES W\/RHEOSTAT 14mm \/"},"content":{"rendered":"<p>Das AXCEL Curve RX Sjef Series ist ein Recurve-Visier, das in Zusammenarbeit mit dem bekannten Recurve-Sch\u00fctzen Sjef van den Berg entwickelt wurde. Der integrierte Rheostat erm\u00f6glicht eine pr\u00e4zise Anpassung der Leuchtpunktintensit\u00e4t an unterschiedliche Lichtverh\u00e4ltnisse, was dieses Visier besonders f\u00fcr den Wettkampfeinsatz geeignet macht.<\/p>\n<p>Mit einer Linsengr\u00f6sse von 14mm bietet das Curve RX einen klaren Blick auf die Zielscheibe. Die Wahl zwischen den Fadenst\u00e4rken .019&#8243; und .029&#8243; erlaubt eine individuelle Anpassung an den pers\u00f6nlichen Schiessstil und die Einsatzbedingungen. Das Visier ist sowohl f\u00fcr Rechts- als auch f\u00fcr Linkshandbogensch\u00fctzen erh\u00e4ltlich.<\/p>\n<ul>\n<li>Rheostat zur stufenlosen Helligkeitsregelung<\/li>\n<li>14mm Linse f\u00fcr ein klares Zielbild<\/li>\n<li>Erh\u00e4ltlich in Fadenst\u00e4rke .019&#8243; und .029&#8243;<\/li>\n<li>Convient aux archers droitiers et gauchers<\/li>\n<\/ul>","protected":false},"excerpt":{"rendered":"<p><strong>Marque :<\/strong> Axcel<\/p>","protected":false},"featured_media":453631,"comment_status":"open","ping_status":"closed","template":"","meta":[],"product_brand":[467],"product_cat":[4370],"product_tag":[],"class_list":{"0":"post-399280","1":"product","2":"type-product","3":"status-publish","4":"has-post-thumbnail","6":"product_brand-axcel","7":"product_cat-recurve-scope-komplett","9":"first","10":"instock","11":"shipping-taxable","12":"purchasable","13":"product-type-variable"},"yoast_head":"<!-- This site is optimized with the Yoast SEO plugin v27.4 - https:\/\/yoast.com\/product\/yoast-seo-wordpress\/ -->\n<title>Lunette de vis\u00e9e AXCEL RECURVE CURVE RX SJEF SERIES avec rh\u00e9ostat 14 mm \/ - Bogensportdiscount \u2013 Arcs, fl\u00e8ches, cibles et accessoires<\/title>\n<meta name=\"description\" content=\"Lunette de vis\u00e9e AXCEL RECURVE CURVE RX SJEF SERIES avec rh\u00e9ostat 14 mm \/ \u00e0 acheter au meilleur prix chez Bogensportdiscount \u2013 Grandes marques, livraison rapide depuis la Suisse.\" \/>\n<meta name=\"robots\" content=\"noindex, follow, max-snippet:-1, max-image-preview:large, max-video-preview:-1\" \/>\n<meta property=\"og:locale\" content=\"fr_FR\" \/>\n<meta property=\"og:type\" content=\"article\" \/>\n<meta property=\"og:title\" content=\"Lunette de vis\u00e9e AXCEL RECURVE CURVE RX SJEF SERIES avec rh\u00e9ostat 14 mm \/ - Bogensportdiscount \u2013 Arcs, fl\u00e8ches, cibles et accessoires\" \/>\n<meta property=\"og:description\" content=\"Lunette de vis\u00e9e AXCEL RECURVE CURVE RX SJEF SERIES avec rh\u00e9ostat 14 mm \/ \u00e0 acheter au meilleur prix chez Bogensportdiscount \u2013 Grandes marques, livraison rapide depuis la Suisse.\" \/>\n<meta property=\"og:url\" content=\"https:\/\/bogensportdiscount.ch\/fr\/prodotto\/axcel-recurve-visier-curve-rx-sjef-series-rheostat-14mm\/\" \/>\n<meta property=\"og:site_name\" content=\"Bogensportdiscount \u2013 B\u00f6gen, Pfeile, Targets &amp; Zubeh\u00f6r\" \/>\n<meta property=\"article:modified_time\" content=\"2026-04-20T11:33:00+00:00\" \/>\n<meta property=\"og:image\" content=\"https:\/\/bogensportdiscount.ch\/wp-content\/uploads\/bsm-images\/A023683_1.png\" \/>\n\t<meta property=\"og:image:width\" content=\"1804\" \/>\n\t<meta property=\"og:image:height\" content=\"908\" \/>\n\t<meta property=\"og:image:type\" content=\"image\/png\" \/>\n<meta name=\"twitter:card\" content=\"summary_large_image\" \/>\n<meta name=\"twitter:label1\" content=\"Dur\u00e9e de lecture estim\u00e9e\" \/>\n\t<meta name=\"twitter:data1\" content=\"1 minute\" \/>\n<script type=\"application\/ld+json\" class=\"yoast-schema-graph\">{\"@context\":\"https:\\\/\\\/schema.org\",\"@graph\":[{\"@type\":\"WebPage\",\"@id\":\"https:\\\/\\\/bogensportdiscount.ch\\\/it\\\/prodotto\\\/axcel-recurve-visier-curve-rx-sjef-series-rheostat-14mm\\\/\",\"url\":\"https:\\\/\\\/bogensportdiscount.ch\\\/it\\\/prodotto\\\/axcel-recurve-visier-curve-rx-sjef-series-rheostat-14mm\\\/\",\"name\":\"AXCEL RECURVE ZIELFERNROHR CURVE RX SJEF SERIES W\\\/RHEOSTAT 14mm \\\/ - Bogensportdiscount \u2013 B\u00f6gen, Pfeile, Targets &amp; Zubeh\u00f6r\",\"isPartOf\":{\"@id\":\"https:\\\/\\\/bogensportdiscount.ch\\\/#website\"},\"primaryImageOfPage\":{\"@id\":\"https:\\\/\\\/bogensportdiscount.ch\\\/it\\\/prodotto\\\/axcel-recurve-visier-curve-rx-sjef-series-rheostat-14mm\\\/#primaryimage\"},\"image\":{\"@id\":\"https:\\\/\\\/bogensportdiscount.ch\\\/it\\\/prodotto\\\/axcel-recurve-visier-curve-rx-sjef-series-rheostat-14mm\\\/#primaryimage\"},\"thumbnailUrl\":\"https:\\\/\\\/bogensportdiscount.ch\\\/wp-content\\\/uploads\\\/2026\\\/04\\\/bogensportdiscount.ch-pfeile-boegen-zubehoer-fuer-anfaenger-und-profis-zum-besten-preis-Symbolbild-kein-foto-zu-diesem-artikel_01.jpg\",\"datePublished\":\"2026-04-05T12:42:21+00:00\",\"dateModified\":\"2026-04-20T11:33:00+00:00\",\"description\":\"AXCEL RECURVE ZIELFERNROHR CURVE RX SJEF SERIES W\\\/RHEOSTAT 14mm \\\/ g\u00fcnstig kaufen bei Bogensportdiscount \u2013 Top-Marken, schneller Versand aus der Schweiz.\",\"breadcrumb\":{\"@id\":\"https:\\\/\\\/bogensportdiscount.ch\\\/it\\\/prodotto\\\/axcel-recurve-visier-curve-rx-sjef-series-rheostat-14mm\\\/#breadcrumb\"},\"inLanguage\":\"fr-FR\",\"potentialAction\":[{\"@type\":\"ReadAction\",\"target\":[\"https:\\\/\\\/bogensportdiscount.ch\\\/it\\\/prodotto\\\/axcel-recurve-visier-curve-rx-sjef-series-rheostat-14mm\\\/\"]}]},{\"@type\":\"ImageObject\",\"inLanguage\":\"fr-FR\",\"@id\":\"https:\\\/\\\/bogensportdiscount.ch\\\/it\\\/prodotto\\\/axcel-recurve-visier-curve-rx-sjef-series-rheostat-14mm\\\/#primaryimage\",\"url\":\"https:\\\/\\\/bogensportdiscount.ch\\\/wp-content\\\/uploads\\\/2026\\\/04\\\/bogensportdiscount.ch-pfeile-boegen-zubehoer-fuer-anfaenger-und-profis-zum-besten-preis-Symbolbild-kein-foto-zu-diesem-artikel_01.jpg\",\"contentUrl\":\"https:\\\/\\\/bogensportdiscount.ch\\\/wp-content\\\/uploads\\\/2026\\\/04\\\/bogensportdiscount.ch-pfeile-boegen-zubehoer-fuer-anfaenger-und-profis-zum-besten-preis-Symbolbild-kein-foto-zu-diesem-artikel_01.jpg\",\"width\":1080,\"height\":1080},{\"@type\":\"BreadcrumbList\",\"@id\":\"https:\\\/\\\/bogensportdiscount.ch\\\/it\\\/prodotto\\\/axcel-recurve-visier-curve-rx-sjef-series-rheostat-14mm\\\/#breadcrumb\",\"itemListElement\":[{\"@type\":\"ListItem\",\"position\":1,\"name\":\"Home\",\"item\":\"https:\\\/\\\/bogensportdiscount.ch\\\/\"},{\"@type\":\"ListItem\",\"position\":2,\"name\":\"Shop\",\"item\":\"https:\\\/\\\/bogensportdiscount.ch\\\/shop\\\/\"},{\"@type\":\"ListItem\",\"position\":3,\"name\":\"AXCEL RECURVE ZIELFERNROHR CURVE RX SJEF SERIES W\\\/RHEOSTAT 14mm \\\/\"}]},{\"@type\":\"WebSite\",\"@id\":\"https:\\\/\\\/bogensportdiscount.ch\\\/#website\",\"url\":\"https:\\\/\\\/bogensportdiscount.ch\\\/\",\"name\":\"Bogensportdiscount\",\"description\":\"\",\"potentialAction\":[{\"@type\":\"SearchAction\",\"target\":{\"@type\":\"EntryPoint\",\"urlTemplate\":\"https:\\\/\\\/bogensportdiscount.ch\\\/?s={search_term_string}\"},\"query-input\":{\"@type\":\"PropertyValueSpecification\",\"valueRequired\":true,\"valueName\":\"search_term_string\"}}],\"inLanguage\":\"fr-FR\"}]}<\/script>\n<!-- \/ Yoast SEO plugin. -->","yoast_head_json":{"title":"Lunette de vis\u00e9e AXCEL RECURVE CURVE RX SJEF SERIES avec rh\u00e9ostat 14 mm \/ - Bogensportdiscount \u2013 Arcs, fl\u00e8ches, cibles et accessoires","description":"Lunette de vis\u00e9e AXCEL RECURVE CURVE RX SJEF SERIES avec rh\u00e9ostat 14 mm \/ \u00e0 acheter au meilleur prix chez Bogensportdiscount \u2013 Grandes marques, livraison rapide depuis la Suisse.","robots":{"index":"noindex","follow":"follow","max-snippet":"max-snippet:-1","max-image-preview":"max-image-preview:large","max-video-preview":"max-video-preview:-1"},"og_locale":"fr_FR","og_type":"article","og_title":"Lunette de vis\u00e9e AXCEL RECURVE CURVE RX SJEF SERIES avec rh\u00e9ostat 14 mm \/ - Bogensportdiscount \u2013 Arcs, fl\u00e8ches, cibles et accessoires","og_description":"Lunette de vis\u00e9e AXCEL RECURVE CURVE RX SJEF SERIES avec rh\u00e9ostat 14 mm \/ \u00e0 acheter au meilleur prix chez Bogensportdiscount \u2013 Grandes marques, livraison rapide depuis la Suisse.","og_url":"https:\/\/bogensportdiscount.ch\/fr\/prodotto\/axcel-recurve-visier-curve-rx-sjef-series-rheostat-14mm\/","og_site_name":"Bogensportdiscount \u2013 B\u00f6gen, Pfeile, Targets &amp; Zubeh\u00f6r","article_modified_time":"2026-04-20T11:33:00+00:00","og_image":[{"width":1804,"height":908,"url":"https:\/\/bogensportdiscount.ch\/wp-content\/uploads\/bsm-images\/A023683_1.png","type":"image\/png"}],"twitter_card":"summary_large_image","twitter_misc":{"Dur\u00e9e de lecture estim\u00e9e":"1 minute"},"schema":{"@context":"https:\/\/schema.org","@graph":[{"@type":"WebPage","@id":"https:\/\/bogensportdiscount.ch\/it\/prodotto\/axcel-recurve-visier-curve-rx-sjef-series-rheostat-14mm\/","url":"https:\/\/bogensportdiscount.ch\/it\/prodotto\/axcel-recurve-visier-curve-rx-sjef-series-rheostat-14mm\/","name":"Lunette de vis\u00e9e AXCEL RECURVE CURVE RX SJEF SERIES avec rh\u00e9ostat 14 mm \/ - Bogensportdiscount \u2013 Arcs, fl\u00e8ches, cibles et accessoires","isPartOf":{"@id":"https:\/\/bogensportdiscount.ch\/#website"},"primaryImageOfPage":{"@id":"https:\/\/bogensportdiscount.ch\/it\/prodotto\/axcel-recurve-visier-curve-rx-sjef-series-rheostat-14mm\/#primaryimage"},"image":{"@id":"https:\/\/bogensportdiscount.ch\/it\/prodotto\/axcel-recurve-visier-curve-rx-sjef-series-rheostat-14mm\/#primaryimage"},"thumbnailUrl":"https:\/\/bogensportdiscount.ch\/wp-content\/uploads\/2026\/04\/bogensportdiscount.ch-pfeile-boegen-zubehoer-fuer-anfaenger-und-profis-zum-besten-preis-Symbolbild-kein-foto-zu-diesem-artikel_01.jpg","datePublished":"2026-04-05T12:42:21+00:00","dateModified":"2026-04-20T11:33:00+00:00","description":"Lunette de vis\u00e9e AXCEL RECURVE CURVE RX SJEF SERIES avec rh\u00e9ostat 14 mm \/ \u00e0 acheter au meilleur prix chez Bogensportdiscount \u2013 Grandes marques, livraison rapide depuis la Suisse.","breadcrumb":{"@id":"https:\/\/bogensportdiscount.ch\/it\/prodotto\/axcel-recurve-visier-curve-rx-sjef-series-rheostat-14mm\/#breadcrumb"},"inLanguage":"fr-FR","potentialAction":[{"@type":"ReadAction","target":["https:\/\/bogensportdiscount.ch\/it\/prodotto\/axcel-recurve-visier-curve-rx-sjef-series-rheostat-14mm\/"]}]},{"@type":"ImageObject","inLanguage":"fr-FR","@id":"https:\/\/bogensportdiscount.ch\/it\/prodotto\/axcel-recurve-visier-curve-rx-sjef-series-rheostat-14mm\/#primaryimage","url":"https:\/\/bogensportdiscount.ch\/wp-content\/uploads\/2026\/04\/bogensportdiscount.ch-pfeile-boegen-zubehoer-fuer-anfaenger-und-profis-zum-besten-preis-Symbolbild-kein-foto-zu-diesem-artikel_01.jpg","contentUrl":"https:\/\/bogensportdiscount.ch\/wp-content\/uploads\/2026\/04\/bogensportdiscount.ch-pfeile-boegen-zubehoer-fuer-anfaenger-und-profis-zum-besten-preis-Symbolbild-kein-foto-zu-diesem-artikel_01.jpg","width":1080,"height":1080},{"@type":"BreadcrumbList","@id":"https:\/\/bogensportdiscount.ch\/it\/prodotto\/axcel-recurve-visier-curve-rx-sjef-series-rheostat-14mm\/#breadcrumb","itemListElement":[{"@type":"ListItem","position":1,"name":"Home","item":"https:\/\/bogensportdiscount.ch\/"},{"@type":"ListItem","position":2,"name":"Shop","item":"https:\/\/bogensportdiscount.ch\/shop\/"},{"@type":"ListItem","position":3,"name":"AXCEL RECURVE ZIELFERNROHR CURVE RX SJEF SERIES W\/RHEOSTAT 14mm \/"}]},{"@type":"WebSite","@id":"https:\/\/bogensportdiscount.ch\/#website","url":"https:\/\/bogensportdiscount.ch\/","name":"Bogensportdiscount","description":"","potentialAction":[{"@type":"SearchAction","target":{"@type":"EntryPoint","urlTemplate":"https:\/\/bogensportdiscount.ch\/?s={search_term_string}"},"query-input":{"@type":"PropertyValueSpecification","valueRequired":true,"valueName":"search_term_string"}}],"inLanguage":"fr-FR"}]}},"_links":{"self":[{"href":"https:\/\/bogensportdiscount.ch\/fr\/wp-json\/wp\/v2\/product\/399280","targetHints":{"allow":["GET"]}}],"collection":[{"href":"https:\/\/bogensportdiscount.ch\/fr\/wp-json\/wp\/v2\/product"}],"about":[{"href":"https:\/\/bogensportdiscount.ch\/fr\/wp-json\/wp\/v2\/types\/product"}],"replies":[{"embeddable":true,"href":"https:\/\/bogensportdiscount.ch\/fr\/wp-json\/wp\/v2\/comments?post=399280"}],"wp:featuredmedia":[{"embeddable":true,"href":"https:\/\/bogensportdiscount.ch\/fr\/wp-json\/wp\/v2\/media\/453631"}],"wp:attachment":[{"href":"https:\/\/bogensportdiscount.ch\/fr\/wp-json\/wp\/v2\/media?parent=399280"}],"wp:term":[{"taxonomy":"product_brand","embeddable":true,"href":"https:\/\/bogensportdiscount.ch\/fr\/wp-json\/wp\/v2\/product_brand?post=399280"},{"taxonomy":"product_cat","embeddable":true,"href":"https:\/\/bogensportdiscount.ch\/fr\/wp-json\/wp\/v2\/product_cat?post=399280"},{"taxonomy":"product_tag","embeddable":true,"href":"https:\/\/bogensportdiscount.ch\/fr\/wp-json\/wp\/v2\/product_tag?post=399280"}],"curies":[{"name":"wp","href":"https:\/\/api.w.org\/{rel}","templated":true}]}}