{"id":399274,"date":"2026-04-05T14:42:20","date_gmt":"2026-04-05T12:42:20","guid":{"rendered":"https:\/\/bogensportdiscount.ch\/produkt\/recurve-scope-curve-rx-drilled-lens-pro-14mm-019-green-fiber-fire-ring-rheostat-black\/"},"modified":"2026-04-20T13:33:00","modified_gmt":"2026-04-20T11:33:00","slug":"axcel-recurve-visier-curve-rx-drilled-lens-pro-14mm-019","status":"publish","type":"product","link":"https:\/\/bogensportdiscount.ch\/fr\/produit\/axcel-recurve-visier-curve-rx-drilled-lens-pro-14mm-019\/","title":{"rendered":"AXCEL CURVE RX MIT GEBOHRTER LINSE PRO \/ 0.019&#8243; FIBER RECURVE ZIELFERNROHR"},"content":{"rendered":"<p>Das Axcel Curve RX Drilled Lens Pro ist ein hochwertiges Recurve-Visier aus dem Hause Axcel. Mit einer Linsengr\u00f6sse von 14 mm und einer Pin-St\u00e4rke von .019&#8243; ist es auf genaues Zielen ausgelegt. Die &#8222;Drilled&#8220;-Bauweise der Linse reduziert das Gewicht und erm\u00f6glicht eine optimierte Lichtdurchl\u00e4ssigkeit.<\/p>\n<p>Das Visier geh\u00f6rt zur Produktkategorie der Zielfernrohre und Visiere f\u00fcr den Bogensport und ist f\u00fcr den Einsatz an Recurveb\u00f6gen konzipiert. Es richtet sich an Sch\u00fctzen, die Wert auf eine zuverl\u00e4ssige und pr\u00e4zise Zielvorrichtung legen.<\/p>\n<ul>\n<li>Linsengr\u00f6sse: 14 mm<\/li>\n<li>Pin-St\u00e4rke: .019&#8243;<\/li>\n<li>Leichtbau durch gebohrte (Drilled) Linse<\/li>\n<li>Convient aux arcs recurves<\/li>\n<\/ul>","protected":false},"excerpt":{"rendered":"<p><strong>Marque :<\/strong> Axcel<\/p>","protected":false},"featured_media":453631,"comment_status":"open","ping_status":"closed","template":"","meta":[],"product_brand":[467],"product_cat":[4370],"product_tag":[],"class_list":{"0":"post-399274","1":"product","2":"type-product","3":"status-publish","4":"has-post-thumbnail","6":"product_brand-axcel","7":"product_cat-recurve-scope-komplett","9":"first","10":"instock","11":"shipping-taxable","12":"purchasable","13":"product-type-variable"},"yoast_head":"<!-- This site is optimized with the Yoast SEO plugin v27.4 - https:\/\/yoast.com\/product\/yoast-seo-wordpress\/ -->\n<title>AXCEL CURVE RX AVEC LENTILLE PERFOR\u00c9E PRO \/ LUNETTE DE VIS\u00c9E RECURVE \u00c0 FIBRE DE 0,019&quot; - Bogensportdiscount \u2013 Arcs, fl\u00e8ches, cibles et accessoires<\/title>\n<meta name=\"description\" content=\"AXCEL CURVE RX AVEC LENTILLE PERFOR\u00c9E PRO \/ LUNETTE DE VIS\u00c9E RECURVE \u00c0 FIBRE DE 0,019&quot; : achetez-la \u00e0 un prix avantageux chez Bogensportdiscount \u2013 Les meilleures marques, livraison rapide depuis la Suisse.\" \/>\n<meta name=\"robots\" content=\"noindex, follow, max-snippet:-1, max-image-preview:large, max-video-preview:-1\" \/>\n<meta property=\"og:locale\" content=\"fr_FR\" \/>\n<meta property=\"og:type\" content=\"article\" \/>\n<meta property=\"og:title\" content=\"AXCEL CURVE RX AVEC LENTILLE PERFOR\u00c9E PRO \/ LUNETTE DE VIS\u00c9E RECURVE \u00c0 FIBRE DE 0,019&quot; - Bogensportdiscount \u2013 Arcs, fl\u00e8ches, cibles et accessoires\" \/>\n<meta property=\"og:description\" content=\"AXCEL CURVE RX AVEC LENTILLE PERFOR\u00c9E PRO \/ LUNETTE DE VIS\u00c9E RECURVE \u00c0 FIBRE DE 0,019&quot; : achetez-la \u00e0 un prix avantageux chez Bogensportdiscount \u2013 Les meilleures marques, livraison rapide depuis la Suisse.\" \/>\n<meta property=\"og:url\" content=\"https:\/\/bogensportdiscount.ch\/fr\/prodotto\/axcel-recurve-visier-curve-rx-drilled-lens-pro-14mm-019\/\" \/>\n<meta property=\"og:site_name\" content=\"Bogensportdiscount \u2013 B\u00f6gen, Pfeile, Targets &amp; Zubeh\u00f6r\" \/>\n<meta property=\"article:modified_time\" content=\"2026-04-20T11:33:00+00:00\" \/>\n<meta property=\"og:image\" content=\"https:\/\/bogensportdiscount.ch\/wp-content\/uploads\/bsm-images\/A023665_1.png\" \/>\n\t<meta property=\"og:image:width\" content=\"2532\" \/>\n\t<meta property=\"og:image:height\" content=\"1428\" \/>\n\t<meta property=\"og:image:type\" content=\"image\/png\" \/>\n<meta name=\"twitter:card\" content=\"summary_large_image\" \/>\n<meta name=\"twitter:label1\" content=\"Dur\u00e9e de lecture estim\u00e9e\" \/>\n\t<meta name=\"twitter:data1\" content=\"1 minute\" \/>\n<script type=\"application\/ld+json\" class=\"yoast-schema-graph\">{\"@context\":\"https:\\\/\\\/schema.org\",\"@graph\":[{\"@type\":\"WebPage\",\"@id\":\"https:\\\/\\\/bogensportdiscount.ch\\\/it\\\/prodotto\\\/axcel-recurve-visier-curve-rx-drilled-lens-pro-14mm-019\\\/\",\"url\":\"https:\\\/\\\/bogensportdiscount.ch\\\/it\\\/prodotto\\\/axcel-recurve-visier-curve-rx-drilled-lens-pro-14mm-019\\\/\",\"name\":\"AXCEL CURVE RX MIT GEBOHRTER LINSE PRO \\\/ 0.019\\\" FIBER RECURVE ZIELFERNROHR - Bogensportdiscount \u2013 B\u00f6gen, Pfeile, Targets &amp; Zubeh\u00f6r\",\"isPartOf\":{\"@id\":\"https:\\\/\\\/bogensportdiscount.ch\\\/#website\"},\"primaryImageOfPage\":{\"@id\":\"https:\\\/\\\/bogensportdiscount.ch\\\/it\\\/prodotto\\\/axcel-recurve-visier-curve-rx-drilled-lens-pro-14mm-019\\\/#primaryimage\"},\"image\":{\"@id\":\"https:\\\/\\\/bogensportdiscount.ch\\\/it\\\/prodotto\\\/axcel-recurve-visier-curve-rx-drilled-lens-pro-14mm-019\\\/#primaryimage\"},\"thumbnailUrl\":\"https:\\\/\\\/bogensportdiscount.ch\\\/wp-content\\\/uploads\\\/2026\\\/04\\\/bogensportdiscount.ch-pfeile-boegen-zubehoer-fuer-anfaenger-und-profis-zum-besten-preis-Symbolbild-kein-foto-zu-diesem-artikel_01.jpg\",\"datePublished\":\"2026-04-05T12:42:20+00:00\",\"dateModified\":\"2026-04-20T11:33:00+00:00\",\"description\":\"AXCEL CURVE RX MIT GEBOHRTER LINSE PRO \\\/ 0.019\\\" FIBER RECURVE ZIELFERNROHR g\u00fcnstig kaufen bei Bogensportdiscount \u2013 Top-Marken, schneller Versand aus der Schweiz.\",\"breadcrumb\":{\"@id\":\"https:\\\/\\\/bogensportdiscount.ch\\\/it\\\/prodotto\\\/axcel-recurve-visier-curve-rx-drilled-lens-pro-14mm-019\\\/#breadcrumb\"},\"inLanguage\":\"fr-FR\",\"potentialAction\":[{\"@type\":\"ReadAction\",\"target\":[\"https:\\\/\\\/bogensportdiscount.ch\\\/it\\\/prodotto\\\/axcel-recurve-visier-curve-rx-drilled-lens-pro-14mm-019\\\/\"]}]},{\"@type\":\"ImageObject\",\"inLanguage\":\"fr-FR\",\"@id\":\"https:\\\/\\\/bogensportdiscount.ch\\\/it\\\/prodotto\\\/axcel-recurve-visier-curve-rx-drilled-lens-pro-14mm-019\\\/#primaryimage\",\"url\":\"https:\\\/\\\/bogensportdiscount.ch\\\/wp-content\\\/uploads\\\/2026\\\/04\\\/bogensportdiscount.ch-pfeile-boegen-zubehoer-fuer-anfaenger-und-profis-zum-besten-preis-Symbolbild-kein-foto-zu-diesem-artikel_01.jpg\",\"contentUrl\":\"https:\\\/\\\/bogensportdiscount.ch\\\/wp-content\\\/uploads\\\/2026\\\/04\\\/bogensportdiscount.ch-pfeile-boegen-zubehoer-fuer-anfaenger-und-profis-zum-besten-preis-Symbolbild-kein-foto-zu-diesem-artikel_01.jpg\",\"width\":1080,\"height\":1080},{\"@type\":\"BreadcrumbList\",\"@id\":\"https:\\\/\\\/bogensportdiscount.ch\\\/it\\\/prodotto\\\/axcel-recurve-visier-curve-rx-drilled-lens-pro-14mm-019\\\/#breadcrumb\",\"itemListElement\":[{\"@type\":\"ListItem\",\"position\":1,\"name\":\"Home\",\"item\":\"https:\\\/\\\/bogensportdiscount.ch\\\/\"},{\"@type\":\"ListItem\",\"position\":2,\"name\":\"Shop\",\"item\":\"https:\\\/\\\/bogensportdiscount.ch\\\/shop\\\/\"},{\"@type\":\"ListItem\",\"position\":3,\"name\":\"AXCEL CURVE RX MIT GEBOHRTER LINSE PRO \\\/ 0.019&#8243; FIBER RECURVE ZIELFERNROHR\"}]},{\"@type\":\"WebSite\",\"@id\":\"https:\\\/\\\/bogensportdiscount.ch\\\/#website\",\"url\":\"https:\\\/\\\/bogensportdiscount.ch\\\/\",\"name\":\"Bogensportdiscount\",\"description\":\"\",\"potentialAction\":[{\"@type\":\"SearchAction\",\"target\":{\"@type\":\"EntryPoint\",\"urlTemplate\":\"https:\\\/\\\/bogensportdiscount.ch\\\/?s={search_term_string}\"},\"query-input\":{\"@type\":\"PropertyValueSpecification\",\"valueRequired\":true,\"valueName\":\"search_term_string\"}}],\"inLanguage\":\"fr-FR\"}]}<\/script>\n<!-- \/ Yoast SEO plugin. -->","yoast_head_json":{"title":"AXCEL CURVE RX AVEC LENTILLE PERFOR\u00c9E PRO \/ LUNETTE DE VIS\u00c9E RECURVE \u00c0 FIBRE DE 0,019&quot; - Bogensportdiscount \u2013 Arcs, fl\u00e8ches, cibles et accessoires","description":"AXCEL CURVE RX AVEC LENTILLE PERFOR\u00c9E PRO \/ LUNETTE DE VIS\u00c9E RECURVE \u00c0 FIBRE DE 0,019&quot; : achetez-la \u00e0 un prix avantageux chez Bogensportdiscount \u2013 Les meilleures marques, livraison rapide depuis la Suisse.","robots":{"index":"noindex","follow":"follow","max-snippet":"max-snippet:-1","max-image-preview":"max-image-preview:large","max-video-preview":"max-video-preview:-1"},"og_locale":"fr_FR","og_type":"article","og_title":"AXCEL CURVE RX AVEC LENTILLE PERFOR\u00c9E PRO \/ LUNETTE DE VIS\u00c9E RECURVE \u00c0 FIBRE DE 0,019&quot; - Bogensportdiscount \u2013 Arcs, fl\u00e8ches, cibles et accessoires","og_description":"AXCEL CURVE RX AVEC LENTILLE PERFOR\u00c9E PRO \/ LUNETTE DE VIS\u00c9E RECURVE \u00c0 FIBRE DE 0,019&quot; : achetez-la \u00e0 un prix avantageux chez Bogensportdiscount \u2013 Les meilleures marques, livraison rapide depuis la Suisse.","og_url":"https:\/\/bogensportdiscount.ch\/fr\/prodotto\/axcel-recurve-visier-curve-rx-drilled-lens-pro-14mm-019\/","og_site_name":"Bogensportdiscount \u2013 B\u00f6gen, Pfeile, Targets &amp; Zubeh\u00f6r","article_modified_time":"2026-04-20T11:33:00+00:00","og_image":[{"width":2532,"height":1428,"url":"https:\/\/bogensportdiscount.ch\/wp-content\/uploads\/bsm-images\/A023665_1.png","type":"image\/png"}],"twitter_card":"summary_large_image","twitter_misc":{"Dur\u00e9e de lecture estim\u00e9e":"1 minute"},"schema":{"@context":"https:\/\/schema.org","@graph":[{"@type":"WebPage","@id":"https:\/\/bogensportdiscount.ch\/it\/prodotto\/axcel-recurve-visier-curve-rx-drilled-lens-pro-14mm-019\/","url":"https:\/\/bogensportdiscount.ch\/it\/prodotto\/axcel-recurve-visier-curve-rx-drilled-lens-pro-14mm-019\/","name":"AXCEL CURVE RX AVEC LENTILLE PERFOR\u00c9E PRO \/ LUNETTE DE VIS\u00c9E RECURVE \u00c0 FIBRE DE 0,019&quot; - Bogensportdiscount \u2013 Arcs, fl\u00e8ches, cibles et accessoires","isPartOf":{"@id":"https:\/\/bogensportdiscount.ch\/#website"},"primaryImageOfPage":{"@id":"https:\/\/bogensportdiscount.ch\/it\/prodotto\/axcel-recurve-visier-curve-rx-drilled-lens-pro-14mm-019\/#primaryimage"},"image":{"@id":"https:\/\/bogensportdiscount.ch\/it\/prodotto\/axcel-recurve-visier-curve-rx-drilled-lens-pro-14mm-019\/#primaryimage"},"thumbnailUrl":"https:\/\/bogensportdiscount.ch\/wp-content\/uploads\/2026\/04\/bogensportdiscount.ch-pfeile-boegen-zubehoer-fuer-anfaenger-und-profis-zum-besten-preis-Symbolbild-kein-foto-zu-diesem-artikel_01.jpg","datePublished":"2026-04-05T12:42:20+00:00","dateModified":"2026-04-20T11:33:00+00:00","description":"AXCEL CURVE RX AVEC LENTILLE PERFOR\u00c9E PRO \/ LUNETTE DE VIS\u00c9E RECURVE \u00c0 FIBRE DE 0,019&quot; : achetez-la \u00e0 un prix avantageux chez Bogensportdiscount \u2013 Les meilleures marques, livraison rapide depuis la Suisse.","breadcrumb":{"@id":"https:\/\/bogensportdiscount.ch\/it\/prodotto\/axcel-recurve-visier-curve-rx-drilled-lens-pro-14mm-019\/#breadcrumb"},"inLanguage":"fr-FR","potentialAction":[{"@type":"ReadAction","target":["https:\/\/bogensportdiscount.ch\/it\/prodotto\/axcel-recurve-visier-curve-rx-drilled-lens-pro-14mm-019\/"]}]},{"@type":"ImageObject","inLanguage":"fr-FR","@id":"https:\/\/bogensportdiscount.ch\/it\/prodotto\/axcel-recurve-visier-curve-rx-drilled-lens-pro-14mm-019\/#primaryimage","url":"https:\/\/bogensportdiscount.ch\/wp-content\/uploads\/2026\/04\/bogensportdiscount.ch-pfeile-boegen-zubehoer-fuer-anfaenger-und-profis-zum-besten-preis-Symbolbild-kein-foto-zu-diesem-artikel_01.jpg","contentUrl":"https:\/\/bogensportdiscount.ch\/wp-content\/uploads\/2026\/04\/bogensportdiscount.ch-pfeile-boegen-zubehoer-fuer-anfaenger-und-profis-zum-besten-preis-Symbolbild-kein-foto-zu-diesem-artikel_01.jpg","width":1080,"height":1080},{"@type":"BreadcrumbList","@id":"https:\/\/bogensportdiscount.ch\/it\/prodotto\/axcel-recurve-visier-curve-rx-drilled-lens-pro-14mm-019\/#breadcrumb","itemListElement":[{"@type":"ListItem","position":1,"name":"Home","item":"https:\/\/bogensportdiscount.ch\/"},{"@type":"ListItem","position":2,"name":"Shop","item":"https:\/\/bogensportdiscount.ch\/shop\/"},{"@type":"ListItem","position":3,"name":"AXCEL CURVE RX MIT GEBOHRTER LINSE PRO \/ 0.019&#8243; FIBER RECURVE ZIELFERNROHR"}]},{"@type":"WebSite","@id":"https:\/\/bogensportdiscount.ch\/#website","url":"https:\/\/bogensportdiscount.ch\/","name":"Bogensportdiscount","description":"","potentialAction":[{"@type":"SearchAction","target":{"@type":"EntryPoint","urlTemplate":"https:\/\/bogensportdiscount.ch\/?s={search_term_string}"},"query-input":{"@type":"PropertyValueSpecification","valueRequired":true,"valueName":"search_term_string"}}],"inLanguage":"fr-FR"}]}},"_links":{"self":[{"href":"https:\/\/bogensportdiscount.ch\/fr\/wp-json\/wp\/v2\/product\/399274","targetHints":{"allow":["GET"]}}],"collection":[{"href":"https:\/\/bogensportdiscount.ch\/fr\/wp-json\/wp\/v2\/product"}],"about":[{"href":"https:\/\/bogensportdiscount.ch\/fr\/wp-json\/wp\/v2\/types\/product"}],"replies":[{"embeddable":true,"href":"https:\/\/bogensportdiscount.ch\/fr\/wp-json\/wp\/v2\/comments?post=399274"}],"wp:featuredmedia":[{"embeddable":true,"href":"https:\/\/bogensportdiscount.ch\/fr\/wp-json\/wp\/v2\/media\/453631"}],"wp:attachment":[{"href":"https:\/\/bogensportdiscount.ch\/fr\/wp-json\/wp\/v2\/media?parent=399274"}],"wp:term":[{"taxonomy":"product_brand","embeddable":true,"href":"https:\/\/bogensportdiscount.ch\/fr\/wp-json\/wp\/v2\/product_brand?post=399274"},{"taxonomy":"product_cat","embeddable":true,"href":"https:\/\/bogensportdiscount.ch\/fr\/wp-json\/wp\/v2\/product_cat?post=399274"},{"taxonomy":"product_tag","embeddable":true,"href":"https:\/\/bogensportdiscount.ch\/fr\/wp-json\/wp\/v2\/product_tag?post=399274"}],"curies":[{"name":"wp","href":"https:\/\/api.w.org\/{rel}","templated":true}]}}