{"id":399267,"date":"2026-04-05T14:42:19","date_gmt":"2026-04-05T12:42:19","guid":{"rendered":"https:\/\/bogensportdiscount.ch\/produkt\/scope-lenses-2x-premium-glass-32mm\/"},"modified":"2026-04-17T13:45:33","modified_gmt":"2026-04-17T11:45:33","slug":"specialty-archery-scope-linse-2x-4x","status":"publish","type":"product","link":"https:\/\/bogensportdiscount.ch\/fr\/produit\/specialty-archery-scope-linse-2x-4x\/","title":{"rendered":"SPECIALTYARCHERYPROD SCOPE LENSES"},"content":{"rendered":"<p>Die Scope-Linsen von Specialty Archery Products sind als Ersatz- oder Erweiterungslinsen f\u00fcr Compound-Scopes konzipiert. Sie sind in den Vergr\u00f6sserungen 2X und 4X erh\u00e4ltlich und erm\u00f6glichen eine pr\u00e4zisere Zielerfassung auf unterschiedlichen Distanzen.<\/p>\n<p>Die Linsen lassen sich in kompatible Compound-Visiere einsetzen und helfen, das Zielbild klarer und n\u00e4her darzustellen \u2013 ein Vorteil besonders bei gr\u00f6sseren Schussdistanzen oder anspruchsvollen Lichtverh\u00e4ltnissen.<\/p>\n<ul>\n<li>Erh\u00e4ltlich in 2X und 4X Vergr\u00f6sserung<\/li>\n<li>F\u00fcr Compound-Scopes geeignet<\/li>\n<li>Verbesserung der Zielgenauigkeit auf gr\u00f6sseren Distanzen<\/li>\n<li>Von Specialty Archery Products \u2013 einem etablierten Hersteller im Bogensport<\/li>\n<\/ul>","protected":false},"excerpt":{"rendered":"<p><strong>Marque :<\/strong> Specialty Archery Products<\/p>","protected":false},"featured_media":449770,"comment_status":"open","ping_status":"closed","template":"","meta":[],"product_brand":[815],"product_cat":[4248],"product_tag":[],"class_list":{"0":"post-399267","1":"product","2":"type-product","3":"status-publish","4":"has-post-thumbnail","6":"product_brand-specialtyarcheryprod","7":"product_cat-linsen-compound-scope","9":"first","10":"instock","11":"shipping-taxable","12":"purchasable","13":"product-type-variable"},"_links":{"self":[{"href":"https:\/\/bogensportdiscount.ch\/fr\/wp-json\/wp\/v2\/product\/399267","targetHints":{"allow":["GET"]}}],"collection":[{"href":"https:\/\/bogensportdiscount.ch\/fr\/wp-json\/wp\/v2\/product"}],"about":[{"href":"https:\/\/bogensportdiscount.ch\/fr\/wp-json\/wp\/v2\/types\/product"}],"replies":[{"embeddable":true,"href":"https:\/\/bogensportdiscount.ch\/fr\/wp-json\/wp\/v2\/comments?post=399267"}],"wp:featuredmedia":[{"embeddable":true,"href":"https:\/\/bogensportdiscount.ch\/fr\/wp-json\/wp\/v2\/media\/449770"}],"wp:attachment":[{"href":"https:\/\/bogensportdiscount.ch\/fr\/wp-json\/wp\/v2\/media?parent=399267"}],"wp:term":[{"taxonomy":"product_brand","embeddable":true,"href":"https:\/\/bogensportdiscount.ch\/fr\/wp-json\/wp\/v2\/product_brand?post=399267"},{"taxonomy":"product_cat","embeddable":true,"href":"https:\/\/bogensportdiscount.ch\/fr\/wp-json\/wp\/v2\/product_cat?post=399267"},{"taxonomy":"product_tag","embeddable":true,"href":"https:\/\/bogensportdiscount.ch\/fr\/wp-json\/wp\/v2\/product_tag?post=399267"}],"curies":[{"name":"wp","href":"https:\/\/api.w.org\/{rel}","templated":true}]}}