{"id":399253,"date":"2026-04-05T14:42:18","date_gmt":"2026-04-05T12:42:18","guid":{"rendered":"https:\/\/bogensportdiscount.ch\/produkt\/scope-lenses-aurora-star-raven-2-0mm-lens-for-shibuya-29mm-4x\/"},"modified":"2026-04-17T13:45:33","modified_gmt":"2026-04-17T11:45:33","slug":"cleartargets-compound-scope-linse-aurora-star-raven-2mm","status":"publish","type":"product","link":"https:\/\/bogensportdiscount.ch\/fr\/produit\/cleartargets-compound-scope-linse-aurora-star-raven-2mm\/","title":{"rendered":"CLEARTARGETS SCOPE LENSES AURORA STAR RAVEN 2.0mm LENS FOR"},"content":{"rendered":"<p>Die CLEARTARGETS Aurora Star Raven 2.0mm ist eine Scope-Linse f\u00fcr Compound-B\u00f6gen und wird in das entsprechende Zielfernrohr (Scope) eingesetzt. Mit einer Linsengr\u00f6sse von 2.0mm eignet sie sich f\u00fcr pr\u00e4zises Zielen auf mittlere und l\u00e4ngere Distanzen.<\/p>\n<p>Die Linse ist in drei Vergr\u00f6sserungsstufen erh\u00e4ltlich \u2013 4X, 6X und 8X \u2013 und erm\u00f6glicht so eine individuelle Anpassung an unterschiedliche Schiessdistanzen und pers\u00f6nliche Vorlieben. Das Produkt stammt aus US-amerikanischer Herstellung von CLEARTARGETS.<\/p>\n<ul>\n<li>Linsengr\u00f6sse: 2.0mm<\/li>\n<li>Verf\u00fcgbare Vergr\u00f6sserung: 4X, 6X, 8X<\/li>\n<li>F\u00fcr Compound-Scope-Zielfernrohre<\/li>\n<li>Herkunft: USA<\/li>\n<\/ul>","protected":false},"excerpt":{"rendered":"<p>Die CLEARTARGETS Aurora Star Raven ist eine Compound-Scope-Linse mit 2.0mm \u00d6ffnung, erh\u00e4ltlich in den Vergr\u00f6sserungsstufen 4X, 6X und 8X. Sie ist in den USA gefertigt und f\u00fcr den Einsatz in Compound-Visieren ausgelegt.<\/p>","protected":false},"featured_media":449766,"comment_status":"open","ping_status":"closed","template":"","meta":[],"product_brand":[1028],"product_cat":[4248],"product_tag":[],"class_list":{"0":"post-399253","1":"product","2":"type-product","3":"status-publish","4":"has-post-thumbnail","6":"product_brand-cleartargets","7":"product_cat-linsen-compound-scope","9":"first","10":"instock","11":"shipping-taxable","12":"purchasable","13":"product-type-variable"},"_links":{"self":[{"href":"https:\/\/bogensportdiscount.ch\/fr\/wp-json\/wp\/v2\/product\/399253","targetHints":{"allow":["GET"]}}],"collection":[{"href":"https:\/\/bogensportdiscount.ch\/fr\/wp-json\/wp\/v2\/product"}],"about":[{"href":"https:\/\/bogensportdiscount.ch\/fr\/wp-json\/wp\/v2\/types\/product"}],"replies":[{"embeddable":true,"href":"https:\/\/bogensportdiscount.ch\/fr\/wp-json\/wp\/v2\/comments?post=399253"}],"wp:featuredmedia":[{"embeddable":true,"href":"https:\/\/bogensportdiscount.ch\/fr\/wp-json\/wp\/v2\/media\/449766"}],"wp:attachment":[{"href":"https:\/\/bogensportdiscount.ch\/fr\/wp-json\/wp\/v2\/media?parent=399253"}],"wp:term":[{"taxonomy":"product_brand","embeddable":true,"href":"https:\/\/bogensportdiscount.ch\/fr\/wp-json\/wp\/v2\/product_brand?post=399253"},{"taxonomy":"product_cat","embeddable":true,"href":"https:\/\/bogensportdiscount.ch\/fr\/wp-json\/wp\/v2\/product_cat?post=399253"},{"taxonomy":"product_tag","embeddable":true,"href":"https:\/\/bogensportdiscount.ch\/fr\/wp-json\/wp\/v2\/product_tag?post=399253"}],"curies":[{"name":"wp","href":"https:\/\/api.w.org\/{rel}","templated":true}]}}