{"id":399080,"date":"2026-04-05T14:41:56","date_gmt":"2026-04-05T12:41:56","guid":{"rendered":"https:\/\/bogensportdiscount.ch\/produkt\/serving-material-powergrip-centerstring-025-jig-black\/"},"modified":"2026-05-14T15:25:49","modified_gmt":"2026-05-14T13:25:49","slug":"bcy-mittenwicklungsmaterial-powergrip-centerstring-025-jig","status":"publish","type":"product","link":"https:\/\/bogensportdiscount.ch\/fr\/produit\/bcy-mittenwicklungsmaterial-powergrip-centerstring-025-jig\/","title":{"rendered":"BCY MAT\u00c9RIEL DE SERVICE POWERGRIP CENTERSTRING 025 JIG"},"content":{"rendered":"<p>Le BCY Powergrip Centerstring 025 Jig est un mat\u00e9riau de serving sp\u00e9cialement con\u00e7u pour le serving central des cordes d'arc. Il est utilis\u00e9 lors de la fabrication de cordes pour prot\u00e9ger la zone centrale de la corde et cr\u00e9er une zone de prise s\u00e9curis\u00e9e pour le point d'encochage.<\/p>\n<p>Le mat\u00e9riau est disponible en diff\u00e9rentes couleurs \u2013 notamment noir, bleu, vert, orange, rouge et blanc \u2013 et peut ainsi \u00eatre adapt\u00e9 aussi bien fonctionnellement qu'esth\u00e9tiquement. Le diam\u00e8tre de .025 pouce le rend adapt\u00e9 \u00e0 des servings pr\u00e9cis et uniformes.<\/p>\n<ul>\n<li>Mat\u00e9riau d'enroulement central pour cordes d'arc<\/li>\n<li>Diam\u00e8tre : ,025 pouce<\/li>\n<li>Disponible en 6 couleurs<\/li>\n<li>Adapt\u00e9 pour une utilisation avec un dispositif de serving (jig)<\/li>\n<\/ul>","protected":false},"excerpt":{"rendered":"<table>\n<tr>\n<th>Propri\u00e9t\u00e9<\/th>\n<th>Valeur<\/th>\n<\/tr>\n<tr>\n<td>Marque<\/td>\n<td>BCY<\/td>\n<\/tr>\n<tr>\n<td>Pays d'origine<\/td>\n<td>USA<\/td>\n<\/tr>\n<\/table>","protected":false},"featured_media":449734,"comment_status":"open","ping_status":"closed","template":"","meta":[],"product_brand":[425],"product_cat":[4167],"product_tag":[],"class_list":{"0":"post-399080","1":"product","2":"type-product","3":"status-publish","4":"has-post-thumbnail","6":"product_brand-bcy","7":"product_cat-sehnen-wickelmaterial","8":"product_shipping_class-bsd-standard","10":"first","11":"instock","12":"shipping-taxable","13":"purchasable","14":"product-type-variable"},"yoast_head":"<!-- This site is optimized with the Yoast SEO plugin v27.6 - https:\/\/yoast.com\/product\/yoast-seo-wordpress\/ -->\n<title>BCY SERVING MATERIAL POWERGRIP CENTERSTRING 025 JIG - Bogensportdiscount \u2013 B\u00f6gen, Pfeile, Targets &amp; Zubeh\u00f6r<\/title>\n<meta name=\"description\" content=\"BCY SERVING MATERIAL POWERGRIP CENTERSTRING 025 JIG g\u00fcnstig kaufen bei Bogensportdiscount \u2013 Top-Marken, schneller Versand aus der Schweiz.\" \/>\n<meta name=\"robots\" content=\"index, follow, max-snippet:-1, max-image-preview:large, max-video-preview:-1\" \/>\n<link rel=\"canonical\" href=\"https:\/\/bogensportdiscount.ch\/fr\/produit\/bcy-mittenwicklungsmaterial-powergrip-centerstring-025-jig\/\" \/>\n<meta property=\"og:locale\" content=\"fr_FR\" \/>\n<meta property=\"og:type\" content=\"article\" \/>\n<meta property=\"og:title\" content=\"BCY SERVING MATERIAL POWERGRIP CENTERSTRING 025 JIG - Bogensportdiscount \u2013 B\u00f6gen, Pfeile, Targets &amp; Zubeh\u00f6r\" \/>\n<meta property=\"og:description\" content=\"BCY SERVING MATERIAL POWERGRIP CENTERSTRING 025 JIG g\u00fcnstig kaufen bei Bogensportdiscount \u2013 Top-Marken, schneller Versand aus der Schweiz.\" \/>\n<meta property=\"og:url\" content=\"https:\/\/bogensportdiscount.ch\/fr\/produit\/bcy-mittenwicklungsmaterial-powergrip-centerstring-025-jig\/\" \/>\n<meta property=\"og:site_name\" content=\"Bogensportdiscount \u2013 B\u00f6gen, Pfeile, Targets &amp; Zubeh\u00f6r\" \/>\n<meta property=\"article:modified_time\" content=\"2026-05-14T13:25:49+00:00\" \/>\n<meta property=\"og:image\" content=\"https:\/\/bogensportdiscount.ch\/wp-content\/uploads\/bsm-images\/A023330_1.png\" \/>\n\t<meta property=\"og:image:width\" content=\"1772\" \/>\n\t<meta property=\"og:image:height\" content=\"1181\" \/>\n\t<meta property=\"og:image:type\" content=\"image\/png\" \/>\n<meta name=\"twitter:card\" content=\"summary_large_image\" \/>\n<script type=\"application\/ld+json\" class=\"yoast-schema-graph\">{\"@context\":\"https:\\\/\\\/schema.org\",\"@graph\":[{\"@type\":\"WebPage\",\"@id\":\"https:\\\/\\\/bogensportdiscount.ch\\\/produkt\\\/bcy-mittenwicklungsmaterial-powergrip-centerstring-025-jig\\\/\",\"url\":\"https:\\\/\\\/bogensportdiscount.ch\\\/produkt\\\/bcy-mittenwicklungsmaterial-powergrip-centerstring-025-jig\\\/\",\"name\":\"BCY SERVING MATERIAL POWERGRIP CENTERSTRING 025 JIG - Bogensportdiscount \u2013 B\u00f6gen, Pfeile, Targets &amp; Zubeh\u00f6r\",\"isPartOf\":{\"@id\":\"https:\\\/\\\/bogensportdiscount.ch\\\/#website\"},\"primaryImageOfPage\":{\"@id\":\"https:\\\/\\\/bogensportdiscount.ch\\\/produkt\\\/bcy-mittenwicklungsmaterial-powergrip-centerstring-025-jig\\\/#primaryimage\"},\"image\":{\"@id\":\"https:\\\/\\\/bogensportdiscount.ch\\\/produkt\\\/bcy-mittenwicklungsmaterial-powergrip-centerstring-025-jig\\\/#primaryimage\"},\"thumbnailUrl\":\"https:\\\/\\\/bogensportdiscount.ch\\\/wp-content\\\/uploads\\\/bsm-images\\\/A023330_1.png\",\"datePublished\":\"2026-04-05T12:41:56+00:00\",\"dateModified\":\"2026-05-14T13:25:49+00:00\",\"description\":\"BCY SERVING MATERIAL POWERGRIP CENTERSTRING 025 JIG g\u00fcnstig kaufen bei Bogensportdiscount \u2013 Top-Marken, schneller Versand aus der Schweiz.\",\"breadcrumb\":{\"@id\":\"https:\\\/\\\/bogensportdiscount.ch\\\/produkt\\\/bcy-mittenwicklungsmaterial-powergrip-centerstring-025-jig\\\/#breadcrumb\"},\"inLanguage\":\"fr-FR\",\"potentialAction\":[{\"@type\":\"ReadAction\",\"target\":[\"https:\\\/\\\/bogensportdiscount.ch\\\/produkt\\\/bcy-mittenwicklungsmaterial-powergrip-centerstring-025-jig\\\/\"]}]},{\"@type\":\"ImageObject\",\"inLanguage\":\"fr-FR\",\"@id\":\"https:\\\/\\\/bogensportdiscount.ch\\\/produkt\\\/bcy-mittenwicklungsmaterial-powergrip-centerstring-025-jig\\\/#primaryimage\",\"url\":\"https:\\\/\\\/bogensportdiscount.ch\\\/wp-content\\\/uploads\\\/bsm-images\\\/A023330_1.png\",\"contentUrl\":\"https:\\\/\\\/bogensportdiscount.ch\\\/wp-content\\\/uploads\\\/bsm-images\\\/A023330_1.png\",\"width\":1772,\"height\":1181},{\"@type\":\"BreadcrumbList\",\"@id\":\"https:\\\/\\\/bogensportdiscount.ch\\\/produkt\\\/bcy-mittenwicklungsmaterial-powergrip-centerstring-025-jig\\\/#breadcrumb\",\"itemListElement\":[{\"@type\":\"ListItem\",\"position\":1,\"name\":\"Home\",\"item\":\"https:\\\/\\\/bogensportdiscount.ch\\\/\"},{\"@type\":\"ListItem\",\"position\":2,\"name\":\"Shop\",\"item\":\"https:\\\/\\\/bogensportdiscount.ch\\\/shop\\\/\"},{\"@type\":\"ListItem\",\"position\":3,\"name\":\"BCY SERVING MATERIAL POWERGRIP CENTERSTRING 025 JIG\"}]},{\"@type\":\"WebSite\",\"@id\":\"https:\\\/\\\/bogensportdiscount.ch\\\/#website\",\"url\":\"https:\\\/\\\/bogensportdiscount.ch\\\/\",\"name\":\"Bogensportdiscount\",\"description\":\"\",\"potentialAction\":[{\"@type\":\"SearchAction\",\"target\":{\"@type\":\"EntryPoint\",\"urlTemplate\":\"https:\\\/\\\/bogensportdiscount.ch\\\/?s={search_term_string}\"},\"query-input\":{\"@type\":\"PropertyValueSpecification\",\"valueRequired\":true,\"valueName\":\"search_term_string\"}}],\"inLanguage\":\"fr-FR\"}]}<\/script>\n<!-- \/ Yoast SEO plugin. -->","yoast_head_json":{"title":"BCY SERVING MATERIAL POWERGRIP CENTERSTRING 025 JIG - Bogensportdiscount \u2013 B\u00f6gen, Pfeile, Targets &amp; Zubeh\u00f6r","description":"BCY SERVING MATERIAL POWERGRIP CENTERSTRING 025 JIG g\u00fcnstig kaufen bei Bogensportdiscount \u2013 Top-Marken, schneller Versand aus der Schweiz.","robots":{"index":"index","follow":"follow","max-snippet":"max-snippet:-1","max-image-preview":"max-image-preview:large","max-video-preview":"max-video-preview:-1"},"canonical":"https:\/\/bogensportdiscount.ch\/fr\/produit\/bcy-mittenwicklungsmaterial-powergrip-centerstring-025-jig\/","og_locale":"fr_FR","og_type":"article","og_title":"BCY SERVING MATERIAL POWERGRIP CENTERSTRING 025 JIG - Bogensportdiscount \u2013 B\u00f6gen, Pfeile, Targets &amp; Zubeh\u00f6r","og_description":"BCY SERVING MATERIAL POWERGRIP CENTERSTRING 025 JIG g\u00fcnstig kaufen bei Bogensportdiscount \u2013 Top-Marken, schneller Versand aus der Schweiz.","og_url":"https:\/\/bogensportdiscount.ch\/fr\/produit\/bcy-mittenwicklungsmaterial-powergrip-centerstring-025-jig\/","og_site_name":"Bogensportdiscount \u2013 B\u00f6gen, Pfeile, Targets &amp; Zubeh\u00f6r","article_modified_time":"2026-05-14T13:25:49+00:00","og_image":[{"width":1772,"height":1181,"url":"https:\/\/bogensportdiscount.ch\/wp-content\/uploads\/bsm-images\/A023330_1.png","type":"image\/png"}],"twitter_card":"summary_large_image","schema":{"@context":"https:\/\/schema.org","@graph":[{"@type":"WebPage","@id":"https:\/\/bogensportdiscount.ch\/produkt\/bcy-mittenwicklungsmaterial-powergrip-centerstring-025-jig\/","url":"https:\/\/bogensportdiscount.ch\/produkt\/bcy-mittenwicklungsmaterial-powergrip-centerstring-025-jig\/","name":"BCY SERVING MATERIAL POWERGRIP CENTERSTRING 025 JIG - Bogensportdiscount \u2013 B\u00f6gen, Pfeile, Targets &amp; Zubeh\u00f6r","isPartOf":{"@id":"https:\/\/bogensportdiscount.ch\/#website"},"primaryImageOfPage":{"@id":"https:\/\/bogensportdiscount.ch\/produkt\/bcy-mittenwicklungsmaterial-powergrip-centerstring-025-jig\/#primaryimage"},"image":{"@id":"https:\/\/bogensportdiscount.ch\/produkt\/bcy-mittenwicklungsmaterial-powergrip-centerstring-025-jig\/#primaryimage"},"thumbnailUrl":"https:\/\/bogensportdiscount.ch\/wp-content\/uploads\/bsm-images\/A023330_1.png","datePublished":"2026-04-05T12:41:56+00:00","dateModified":"2026-05-14T13:25:49+00:00","description":"BCY SERVING MATERIAL POWERGRIP CENTERSTRING 025 JIG g\u00fcnstig kaufen bei Bogensportdiscount \u2013 Top-Marken, schneller Versand aus der Schweiz.","breadcrumb":{"@id":"https:\/\/bogensportdiscount.ch\/produkt\/bcy-mittenwicklungsmaterial-powergrip-centerstring-025-jig\/#breadcrumb"},"inLanguage":"fr-FR","potentialAction":[{"@type":"ReadAction","target":["https:\/\/bogensportdiscount.ch\/produkt\/bcy-mittenwicklungsmaterial-powergrip-centerstring-025-jig\/"]}]},{"@type":"ImageObject","inLanguage":"fr-FR","@id":"https:\/\/bogensportdiscount.ch\/produkt\/bcy-mittenwicklungsmaterial-powergrip-centerstring-025-jig\/#primaryimage","url":"https:\/\/bogensportdiscount.ch\/wp-content\/uploads\/bsm-images\/A023330_1.png","contentUrl":"https:\/\/bogensportdiscount.ch\/wp-content\/uploads\/bsm-images\/A023330_1.png","width":1772,"height":1181},{"@type":"BreadcrumbList","@id":"https:\/\/bogensportdiscount.ch\/produkt\/bcy-mittenwicklungsmaterial-powergrip-centerstring-025-jig\/#breadcrumb","itemListElement":[{"@type":"ListItem","position":1,"name":"Home","item":"https:\/\/bogensportdiscount.ch\/"},{"@type":"ListItem","position":2,"name":"Shop","item":"https:\/\/bogensportdiscount.ch\/shop\/"},{"@type":"ListItem","position":3,"name":"BCY SERVING MATERIAL POWERGRIP CENTERSTRING 025 JIG"}]},{"@type":"WebSite","@id":"https:\/\/bogensportdiscount.ch\/#website","url":"https:\/\/bogensportdiscount.ch\/","name":"Bogensportdiscount","description":"","potentialAction":[{"@type":"SearchAction","target":{"@type":"EntryPoint","urlTemplate":"https:\/\/bogensportdiscount.ch\/?s={search_term_string}"},"query-input":{"@type":"PropertyValueSpecification","valueRequired":true,"valueName":"search_term_string"}}],"inLanguage":"fr-FR"}]}},"_links":{"self":[{"href":"https:\/\/bogensportdiscount.ch\/fr\/wp-json\/wp\/v2\/product\/399080","targetHints":{"allow":["GET"]}}],"collection":[{"href":"https:\/\/bogensportdiscount.ch\/fr\/wp-json\/wp\/v2\/product"}],"about":[{"href":"https:\/\/bogensportdiscount.ch\/fr\/wp-json\/wp\/v2\/types\/product"}],"replies":[{"embeddable":true,"href":"https:\/\/bogensportdiscount.ch\/fr\/wp-json\/wp\/v2\/comments?post=399080"}],"wp:featuredmedia":[{"embeddable":true,"href":"https:\/\/bogensportdiscount.ch\/fr\/wp-json\/wp\/v2\/media\/449734"}],"wp:attachment":[{"href":"https:\/\/bogensportdiscount.ch\/fr\/wp-json\/wp\/v2\/media?parent=399080"}],"wp:term":[{"taxonomy":"product_brand","embeddable":true,"href":"https:\/\/bogensportdiscount.ch\/fr\/wp-json\/wp\/v2\/product_brand?post=399080"},{"taxonomy":"product_cat","embeddable":true,"href":"https:\/\/bogensportdiscount.ch\/fr\/wp-json\/wp\/v2\/product_cat?post=399080"},{"taxonomy":"product_tag","embeddable":true,"href":"https:\/\/bogensportdiscount.ch\/fr\/wp-json\/wp\/v2\/product_tag?post=399080"}],"curies":[{"name":"wp","href":"https:\/\/api.w.org\/{rel}","templated":true}]}}