{"id":399030,"date":"2026-04-05T14:41:52","date_gmt":"2026-04-05T12:41:52","guid":{"rendered":"https:\/\/bogensportdiscount.ch\/produkt\/serving-material-braided-62xs-dia-025-jig-black\/"},"modified":"2026-05-14T15:25:49","modified_gmt":"2026-05-14T13:25:49","slug":"bcy-mittenwicklungsmaterial-braided-62xs-dia-025-jig","status":"publish","type":"product","link":"https:\/\/bogensportdiscount.ch\/fr\/produit\/bcy-mittenwicklungsmaterial-braided-62xs-dia-025-jig\/","title":{"rendered":"BCY MAT\u00c9RIAU DE SERVICE BRAIDED *62XS DIA .025\u2033 JIG"},"content":{"rendered":"<p>Le mat\u00e9riau d'enroulement tress\u00e9 BCY 62XS est un mat\u00e9riau d'enroulement tress\u00e9 pour le serving central des cordes d'arc. Avec un diam\u00e8tre de .025&#8243;, il convient aux applications o\u00f9 un enroulement pr\u00e9cis et uniforme est requis. La pose s'effectue \u00e0 l'aide d'un jig, ce qui permet une application propre et contr\u00f4l\u00e9e.<\/p>\n<p>BCY fait partie des fabricants \u00e9tablis dans le domaine des mat\u00e9riaux de corde et est synonyme de qualit\u00e9 constante. Le Braided 62XS est disponible dans un large spectre de couleurs, de sorte que l'enroulement peut \u00eatre assorti visuellement \u00e0 la corde.<\/p>\n<ul>\n<li>Mat\u00e9riau d'enroulement central tress\u00e9<\/li>\n<li>Diam\u00e8tre .025&#8243;<\/li>\n<li>Convient \u00e0 l'utilisation avec un jig<\/li>\n<li>Disponible en 12 couleurs<\/li>\n<\/ul>","protected":false},"excerpt":{"rendered":"<table>\n<tr>\n<th>Propri\u00e9t\u00e9<\/th>\n<th>Valeur<\/th>\n<\/tr>\n<tr>\n<td>Marque<\/td>\n<td>BCY<\/td>\n<\/tr>\n<tr>\n<td>Pays d'origine<\/td>\n<td>USA<\/td>\n<\/tr>\n<\/table>","protected":false},"featured_media":449726,"comment_status":"open","ping_status":"closed","template":"","meta":[],"product_brand":[425],"product_cat":[4167],"product_tag":[],"class_list":{"0":"post-399030","1":"product","2":"type-product","3":"status-publish","4":"has-post-thumbnail","6":"product_brand-bcy","7":"product_cat-sehnen-wickelmaterial","8":"product_shipping_class-bsd-standard","10":"first","11":"instock","12":"shipping-taxable","13":"purchasable","14":"product-type-variable"},"yoast_head":"<!-- This site is optimized with the Yoast SEO plugin v27.6 - https:\/\/yoast.com\/product\/yoast-seo-wordpress\/ -->\n<title>BCY MAT\u00c9RIEL DE SERVICE TRESS\u00c9 *62XS DIAM\u00c8TRE 0,025&quot; JIG - Bogensportdiscount \u2013 Arcs, fl\u00e8ches, cibles et accessoires<\/title>\n<meta name=\"description\" content=\"BCY SERVING MATERIAL BRAIDED *62XS DIA .025&quot; JIG : achetez-le \u00e0 prix avantageux chez Bogensportdiscount \u2013 Les meilleures marques, livraison rapide depuis la Suisse.\" \/>\n<meta name=\"robots\" content=\"index, follow, max-snippet:-1, max-image-preview:large, max-video-preview:-1\" \/>\n<link rel=\"canonical\" href=\"https:\/\/bogensportdiscount.ch\/fr\/produit\/bcy-mittenwicklungsmaterial-braided-62xs-dia-025-jig\/\" \/>\n<meta property=\"og:locale\" content=\"fr_FR\" \/>\n<meta property=\"og:type\" content=\"article\" \/>\n<meta property=\"og:title\" content=\"BCY MAT\u00c9RIEL DE SERVICE TRESS\u00c9 *62XS DIAM\u00c8TRE 0,025&quot; JIG - Bogensportdiscount \u2013 Arcs, fl\u00e8ches, cibles et accessoires\" \/>\n<meta property=\"og:description\" content=\"BCY SERVING MATERIAL BRAIDED *62XS DIA .025&quot; JIG : achetez-le \u00e0 prix avantageux chez Bogensportdiscount \u2013 Les meilleures marques, livraison rapide depuis la Suisse.\" \/>\n<meta property=\"og:url\" content=\"https:\/\/bogensportdiscount.ch\/fr\/produit\/bcy-mittenwicklungsmaterial-braided-62xs-dia-025-jig\/\" \/>\n<meta property=\"og:site_name\" content=\"Bogensportdiscount \u2013 B\u00f6gen, Pfeile, Targets &amp; Zubeh\u00f6r\" \/>\n<meta property=\"article:modified_time\" content=\"2026-05-14T13:25:49+00:00\" \/>\n<meta property=\"og:image\" content=\"https:\/\/bogensportdiscount.ch\/wp-content\/uploads\/bsm-images\/A023271_1.png\" \/>\n\t<meta property=\"og:image:width\" content=\"736\" \/>\n\t<meta property=\"og:image:height\" content=\"972\" \/>\n\t<meta property=\"og:image:type\" content=\"image\/png\" \/>\n<meta name=\"twitter:card\" content=\"summary_large_image\" \/>\n<script type=\"application\/ld+json\" class=\"yoast-schema-graph\">{\"@context\":\"https:\\\/\\\/schema.org\",\"@graph\":[{\"@type\":\"WebPage\",\"@id\":\"https:\\\/\\\/bogensportdiscount.ch\\\/produkt\\\/bcy-mittenwicklungsmaterial-braided-62xs-dia-025-jig\\\/\",\"url\":\"https:\\\/\\\/bogensportdiscount.ch\\\/produkt\\\/bcy-mittenwicklungsmaterial-braided-62xs-dia-025-jig\\\/\",\"name\":\"BCY SERVING MATERIAL BRAIDED *62XS DIA .025\\\" JIG - Bogensportdiscount \u2013 B\u00f6gen, Pfeile, Targets &amp; Zubeh\u00f6r\",\"isPartOf\":{\"@id\":\"https:\\\/\\\/bogensportdiscount.ch\\\/#website\"},\"primaryImageOfPage\":{\"@id\":\"https:\\\/\\\/bogensportdiscount.ch\\\/produkt\\\/bcy-mittenwicklungsmaterial-braided-62xs-dia-025-jig\\\/#primaryimage\"},\"image\":{\"@id\":\"https:\\\/\\\/bogensportdiscount.ch\\\/produkt\\\/bcy-mittenwicklungsmaterial-braided-62xs-dia-025-jig\\\/#primaryimage\"},\"thumbnailUrl\":\"https:\\\/\\\/bogensportdiscount.ch\\\/wp-content\\\/uploads\\\/bsm-images\\\/A023271_1.png\",\"datePublished\":\"2026-04-05T12:41:52+00:00\",\"dateModified\":\"2026-05-14T13:25:49+00:00\",\"description\":\"BCY SERVING MATERIAL BRAIDED *62XS DIA .025\\\" JIG g\u00fcnstig kaufen bei Bogensportdiscount \u2013 Top-Marken, schneller Versand aus der Schweiz.\",\"breadcrumb\":{\"@id\":\"https:\\\/\\\/bogensportdiscount.ch\\\/produkt\\\/bcy-mittenwicklungsmaterial-braided-62xs-dia-025-jig\\\/#breadcrumb\"},\"inLanguage\":\"fr-FR\",\"potentialAction\":[{\"@type\":\"ReadAction\",\"target\":[\"https:\\\/\\\/bogensportdiscount.ch\\\/produkt\\\/bcy-mittenwicklungsmaterial-braided-62xs-dia-025-jig\\\/\"]}]},{\"@type\":\"ImageObject\",\"inLanguage\":\"fr-FR\",\"@id\":\"https:\\\/\\\/bogensportdiscount.ch\\\/produkt\\\/bcy-mittenwicklungsmaterial-braided-62xs-dia-025-jig\\\/#primaryimage\",\"url\":\"https:\\\/\\\/bogensportdiscount.ch\\\/wp-content\\\/uploads\\\/bsm-images\\\/A023271_1.png\",\"contentUrl\":\"https:\\\/\\\/bogensportdiscount.ch\\\/wp-content\\\/uploads\\\/bsm-images\\\/A023271_1.png\",\"width\":736,\"height\":972},{\"@type\":\"BreadcrumbList\",\"@id\":\"https:\\\/\\\/bogensportdiscount.ch\\\/produkt\\\/bcy-mittenwicklungsmaterial-braided-62xs-dia-025-jig\\\/#breadcrumb\",\"itemListElement\":[{\"@type\":\"ListItem\",\"position\":1,\"name\":\"Home\",\"item\":\"https:\\\/\\\/bogensportdiscount.ch\\\/\"},{\"@type\":\"ListItem\",\"position\":2,\"name\":\"Shop\",\"item\":\"https:\\\/\\\/bogensportdiscount.ch\\\/shop\\\/\"},{\"@type\":\"ListItem\",\"position\":3,\"name\":\"BCY SERVING MATERIAL BRAIDED *62XS DIA .025&#8243; JIG\"}]},{\"@type\":\"WebSite\",\"@id\":\"https:\\\/\\\/bogensportdiscount.ch\\\/#website\",\"url\":\"https:\\\/\\\/bogensportdiscount.ch\\\/\",\"name\":\"Bogensportdiscount\",\"description\":\"\",\"potentialAction\":[{\"@type\":\"SearchAction\",\"target\":{\"@type\":\"EntryPoint\",\"urlTemplate\":\"https:\\\/\\\/bogensportdiscount.ch\\\/?s={search_term_string}\"},\"query-input\":{\"@type\":\"PropertyValueSpecification\",\"valueRequired\":true,\"valueName\":\"search_term_string\"}}],\"inLanguage\":\"fr-FR\"}]}<\/script>\n<!-- \/ Yoast SEO plugin. -->","yoast_head_json":{"title":"BCY MAT\u00c9RIEL DE SERVICE TRESS\u00c9 *62XS DIAM\u00c8TRE 0,025&quot; JIG - Bogensportdiscount \u2013 Arcs, fl\u00e8ches, cibles et accessoires","description":"BCY SERVING MATERIAL BRAIDED *62XS DIA .025&quot; JIG : achetez-le \u00e0 prix avantageux chez Bogensportdiscount \u2013 Les meilleures marques, livraison rapide depuis la Suisse.","robots":{"index":"index","follow":"follow","max-snippet":"max-snippet:-1","max-image-preview":"max-image-preview:large","max-video-preview":"max-video-preview:-1"},"canonical":"https:\/\/bogensportdiscount.ch\/fr\/produit\/bcy-mittenwicklungsmaterial-braided-62xs-dia-025-jig\/","og_locale":"fr_FR","og_type":"article","og_title":"BCY MAT\u00c9RIEL DE SERVICE TRESS\u00c9 *62XS DIAM\u00c8TRE 0,025&quot; JIG - Bogensportdiscount \u2013 Arcs, fl\u00e8ches, cibles et accessoires","og_description":"BCY SERVING MATERIAL BRAIDED *62XS DIA .025&quot; JIG : achetez-le \u00e0 prix avantageux chez Bogensportdiscount \u2013 Les meilleures marques, livraison rapide depuis la Suisse.","og_url":"https:\/\/bogensportdiscount.ch\/fr\/produit\/bcy-mittenwicklungsmaterial-braided-62xs-dia-025-jig\/","og_site_name":"Bogensportdiscount \u2013 B\u00f6gen, Pfeile, Targets &amp; Zubeh\u00f6r","article_modified_time":"2026-05-14T13:25:49+00:00","og_image":[{"width":736,"height":972,"url":"https:\/\/bogensportdiscount.ch\/wp-content\/uploads\/bsm-images\/A023271_1.png","type":"image\/png"}],"twitter_card":"summary_large_image","schema":{"@context":"https:\/\/schema.org","@graph":[{"@type":"WebPage","@id":"https:\/\/bogensportdiscount.ch\/produkt\/bcy-mittenwicklungsmaterial-braided-62xs-dia-025-jig\/","url":"https:\/\/bogensportdiscount.ch\/produkt\/bcy-mittenwicklungsmaterial-braided-62xs-dia-025-jig\/","name":"BCY MAT\u00c9RIEL DE SERVICE TRESS\u00c9 *62XS DIAM\u00c8TRE 0,025&quot; JIG - Bogensportdiscount \u2013 Arcs, fl\u00e8ches, cibles et accessoires","isPartOf":{"@id":"https:\/\/bogensportdiscount.ch\/#website"},"primaryImageOfPage":{"@id":"https:\/\/bogensportdiscount.ch\/produkt\/bcy-mittenwicklungsmaterial-braided-62xs-dia-025-jig\/#primaryimage"},"image":{"@id":"https:\/\/bogensportdiscount.ch\/produkt\/bcy-mittenwicklungsmaterial-braided-62xs-dia-025-jig\/#primaryimage"},"thumbnailUrl":"https:\/\/bogensportdiscount.ch\/wp-content\/uploads\/bsm-images\/A023271_1.png","datePublished":"2026-04-05T12:41:52+00:00","dateModified":"2026-05-14T13:25:49+00:00","description":"BCY SERVING MATERIAL BRAIDED *62XS DIA .025&quot; JIG : achetez-le \u00e0 prix avantageux chez Bogensportdiscount \u2013 Les meilleures marques, livraison rapide depuis la Suisse.","breadcrumb":{"@id":"https:\/\/bogensportdiscount.ch\/produkt\/bcy-mittenwicklungsmaterial-braided-62xs-dia-025-jig\/#breadcrumb"},"inLanguage":"fr-FR","potentialAction":[{"@type":"ReadAction","target":["https:\/\/bogensportdiscount.ch\/produkt\/bcy-mittenwicklungsmaterial-braided-62xs-dia-025-jig\/"]}]},{"@type":"ImageObject","inLanguage":"fr-FR","@id":"https:\/\/bogensportdiscount.ch\/produkt\/bcy-mittenwicklungsmaterial-braided-62xs-dia-025-jig\/#primaryimage","url":"https:\/\/bogensportdiscount.ch\/wp-content\/uploads\/bsm-images\/A023271_1.png","contentUrl":"https:\/\/bogensportdiscount.ch\/wp-content\/uploads\/bsm-images\/A023271_1.png","width":736,"height":972},{"@type":"BreadcrumbList","@id":"https:\/\/bogensportdiscount.ch\/produkt\/bcy-mittenwicklungsmaterial-braided-62xs-dia-025-jig\/#breadcrumb","itemListElement":[{"@type":"ListItem","position":1,"name":"Home","item":"https:\/\/bogensportdiscount.ch\/"},{"@type":"ListItem","position":2,"name":"Shop","item":"https:\/\/bogensportdiscount.ch\/shop\/"},{"@type":"ListItem","position":3,"name":"BCY SERVING MATERIAL BRAIDED *62XS DIA .025&#8243; JIG"}]},{"@type":"WebSite","@id":"https:\/\/bogensportdiscount.ch\/#website","url":"https:\/\/bogensportdiscount.ch\/","name":"Bogensportdiscount","description":"","potentialAction":[{"@type":"SearchAction","target":{"@type":"EntryPoint","urlTemplate":"https:\/\/bogensportdiscount.ch\/?s={search_term_string}"},"query-input":{"@type":"PropertyValueSpecification","valueRequired":true,"valueName":"search_term_string"}}],"inLanguage":"fr-FR"}]}},"_links":{"self":[{"href":"https:\/\/bogensportdiscount.ch\/fr\/wp-json\/wp\/v2\/product\/399030","targetHints":{"allow":["GET"]}}],"collection":[{"href":"https:\/\/bogensportdiscount.ch\/fr\/wp-json\/wp\/v2\/product"}],"about":[{"href":"https:\/\/bogensportdiscount.ch\/fr\/wp-json\/wp\/v2\/types\/product"}],"replies":[{"embeddable":true,"href":"https:\/\/bogensportdiscount.ch\/fr\/wp-json\/wp\/v2\/comments?post=399030"}],"wp:featuredmedia":[{"embeddable":true,"href":"https:\/\/bogensportdiscount.ch\/fr\/wp-json\/wp\/v2\/media\/449726"}],"wp:attachment":[{"href":"https:\/\/bogensportdiscount.ch\/fr\/wp-json\/wp\/v2\/media?parent=399030"}],"wp:term":[{"taxonomy":"product_brand","embeddable":true,"href":"https:\/\/bogensportdiscount.ch\/fr\/wp-json\/wp\/v2\/product_brand?post=399030"},{"taxonomy":"product_cat","embeddable":true,"href":"https:\/\/bogensportdiscount.ch\/fr\/wp-json\/wp\/v2\/product_cat?post=399030"},{"taxonomy":"product_tag","embeddable":true,"href":"https:\/\/bogensportdiscount.ch\/fr\/wp-json\/wp\/v2\/product_tag?post=399030"}],"curies":[{"name":"wp","href":"https:\/\/api.w.org\/{rel}","templated":true}]}}