{"id":398873,"date":"2026-04-05T14:41:40","date_gmt":"2026-04-05T12:41:40","guid":{"rendered":"https:\/\/bogensportdiscount.ch\/produkt\/serving-material-braided-halo-dia-024-jig-black\/"},"modified":"2026-05-14T15:25:48","modified_gmt":"2026-05-14T13:25:48","slug":"bcy-mittenwicklungsmaterial-braided-halo-024-jig","status":"publish","type":"product","link":"https:\/\/bogensportdiscount.ch\/fr\/produit\/bcy-mittenwicklungsmaterial-braided-halo-024-jig\/","title":{"rendered":"BCY MAT\u00c9RIAU DE SERVICE BRAIDED HALO DIA .024\u2033 JIG"},"content":{"rendered":"<p>Le BCY Braided Halo Serving Material d'un diam\u00e8tre de .024&#8243; est un mat\u00e9riau de service tress\u00e9 pour la fabrication de cordes. Il est appliqu\u00e9 comme enroulement central sur les cordes d'arc et prot\u00e8ge la zone centrale de la corde contre l'usure caus\u00e9e par l'encoche de fl\u00e8che et la zone d'appui de fl\u00e8che.<\/p>\n<p>Le mat\u00e9riau est con\u00e7u pour une utilisation avec un jig d'enroulement, ce qui permet un enroulement r\u00e9gulier et serr\u00e9. Il est disponible en 16 couleurs diff\u00e9rentes, du noir et blanc classique jusqu'aux teintes vives comme le rose, le teal ou l'orange.<\/p>\n<ul>\n<li>Mat\u00e9riau de service tress\u00e9, diam\u00e8tre .024&#8243;<\/li>\n<li>Adapt\u00e9 aux applications avec jig d'enroulement<\/li>\n<li>16 variantes de couleurs disponibles<\/li>\n<li>Fabriqu\u00e9 aux \u00c9tats-Unis<\/li>\n<\/ul>","protected":false},"excerpt":{"rendered":"<table>\n<tr>\n<th>Propri\u00e9t\u00e9<\/th>\n<th>Valeur<\/th>\n<\/tr>\n<tr>\n<td>Marque<\/td>\n<td>BCY<\/td>\n<\/tr>\n<tr>\n<td>Pays d'origine<\/td>\n<td>USA<\/td>\n<\/tr>\n<\/table>","protected":false},"featured_media":449712,"comment_status":"open","ping_status":"closed","template":"","meta":[],"product_brand":[425],"product_cat":[4167],"product_tag":[],"class_list":{"0":"post-398873","1":"product","2":"type-product","3":"status-publish","4":"has-post-thumbnail","6":"product_brand-bcy","7":"product_cat-sehnen-wickelmaterial","8":"product_shipping_class-bsd-standard","10":"first","11":"instock","12":"shipping-taxable","13":"purchasable","14":"product-type-variable"},"yoast_head":"<!-- This site is optimized with the Yoast SEO plugin v27.6 - https:\/\/yoast.com\/product\/yoast-seo-wordpress\/ -->\n<title>BCY MAT\u00c9RIEL DE SERVICE HALO DIA TRESS\u00c9 0,024&quot; JIG - Bogensportdiscount \u2013 Arcs, fl\u00e8ches, cibles et accessoires<\/title>\n<meta name=\"description\" content=\"BCY SERVING MATERIAL BRAIDED HALO DIA .024&quot; JIG : achetez-le \u00e0 prix avantageux chez Bogensportdiscount \u2013 Les meilleures marques, livraison rapide depuis la Suisse.\" \/>\n<meta name=\"robots\" content=\"index, follow, max-snippet:-1, max-image-preview:large, max-video-preview:-1\" \/>\n<link rel=\"canonical\" href=\"https:\/\/bogensportdiscount.ch\/fr\/produit\/bcy-mittenwicklungsmaterial-braided-halo-024-jig\/\" \/>\n<meta property=\"og:locale\" content=\"fr_FR\" \/>\n<meta property=\"og:type\" content=\"article\" \/>\n<meta property=\"og:title\" content=\"BCY MAT\u00c9RIEL DE SERVICE HALO DIA TRESS\u00c9 0,024&quot; JIG - Bogensportdiscount \u2013 Arcs, fl\u00e8ches, cibles et accessoires\" \/>\n<meta property=\"og:description\" content=\"BCY SERVING MATERIAL BRAIDED HALO DIA .024&quot; JIG : achetez-le \u00e0 prix avantageux chez Bogensportdiscount \u2013 Les meilleures marques, livraison rapide depuis la Suisse.\" \/>\n<meta property=\"og:url\" content=\"https:\/\/bogensportdiscount.ch\/fr\/produit\/bcy-mittenwicklungsmaterial-braided-halo-024-jig\/\" \/>\n<meta property=\"og:site_name\" content=\"Bogensportdiscount \u2013 B\u00f6gen, Pfeile, Targets &amp; Zubeh\u00f6r\" \/>\n<meta property=\"article:modified_time\" content=\"2026-05-14T13:25:48+00:00\" \/>\n<meta property=\"og:image\" content=\"https:\/\/bogensportdiscount.ch\/wp-content\/uploads\/bsm-images\/A023076_1.png\" \/>\n\t<meta property=\"og:image:width\" content=\"1178\" \/>\n\t<meta property=\"og:image:height\" content=\"1351\" \/>\n\t<meta property=\"og:image:type\" content=\"image\/png\" \/>\n<meta name=\"twitter:card\" content=\"summary_large_image\" \/>\n<script type=\"application\/ld+json\" class=\"yoast-schema-graph\">{\"@context\":\"https:\\\/\\\/schema.org\",\"@graph\":[{\"@type\":\"WebPage\",\"@id\":\"https:\\\/\\\/bogensportdiscount.ch\\\/produkt\\\/bcy-mittenwicklungsmaterial-braided-halo-024-jig\\\/\",\"url\":\"https:\\\/\\\/bogensportdiscount.ch\\\/produkt\\\/bcy-mittenwicklungsmaterial-braided-halo-024-jig\\\/\",\"name\":\"BCY SERVING MATERIAL BRAIDED HALO DIA .024\\\" JIG - Bogensportdiscount \u2013 B\u00f6gen, Pfeile, Targets &amp; Zubeh\u00f6r\",\"isPartOf\":{\"@id\":\"https:\\\/\\\/bogensportdiscount.ch\\\/#website\"},\"primaryImageOfPage\":{\"@id\":\"https:\\\/\\\/bogensportdiscount.ch\\\/produkt\\\/bcy-mittenwicklungsmaterial-braided-halo-024-jig\\\/#primaryimage\"},\"image\":{\"@id\":\"https:\\\/\\\/bogensportdiscount.ch\\\/produkt\\\/bcy-mittenwicklungsmaterial-braided-halo-024-jig\\\/#primaryimage\"},\"thumbnailUrl\":\"https:\\\/\\\/bogensportdiscount.ch\\\/wp-content\\\/uploads\\\/bsm-images\\\/A023076_1.png\",\"datePublished\":\"2026-04-05T12:41:40+00:00\",\"dateModified\":\"2026-05-14T13:25:48+00:00\",\"description\":\"BCY SERVING MATERIAL BRAIDED HALO DIA .024\\\" JIG g\u00fcnstig kaufen bei Bogensportdiscount \u2013 Top-Marken, schneller Versand aus der Schweiz.\",\"breadcrumb\":{\"@id\":\"https:\\\/\\\/bogensportdiscount.ch\\\/produkt\\\/bcy-mittenwicklungsmaterial-braided-halo-024-jig\\\/#breadcrumb\"},\"inLanguage\":\"fr-FR\",\"potentialAction\":[{\"@type\":\"ReadAction\",\"target\":[\"https:\\\/\\\/bogensportdiscount.ch\\\/produkt\\\/bcy-mittenwicklungsmaterial-braided-halo-024-jig\\\/\"]}]},{\"@type\":\"ImageObject\",\"inLanguage\":\"fr-FR\",\"@id\":\"https:\\\/\\\/bogensportdiscount.ch\\\/produkt\\\/bcy-mittenwicklungsmaterial-braided-halo-024-jig\\\/#primaryimage\",\"url\":\"https:\\\/\\\/bogensportdiscount.ch\\\/wp-content\\\/uploads\\\/bsm-images\\\/A023076_1.png\",\"contentUrl\":\"https:\\\/\\\/bogensportdiscount.ch\\\/wp-content\\\/uploads\\\/bsm-images\\\/A023076_1.png\",\"width\":1178,\"height\":1351},{\"@type\":\"BreadcrumbList\",\"@id\":\"https:\\\/\\\/bogensportdiscount.ch\\\/produkt\\\/bcy-mittenwicklungsmaterial-braided-halo-024-jig\\\/#breadcrumb\",\"itemListElement\":[{\"@type\":\"ListItem\",\"position\":1,\"name\":\"Home\",\"item\":\"https:\\\/\\\/bogensportdiscount.ch\\\/\"},{\"@type\":\"ListItem\",\"position\":2,\"name\":\"Shop\",\"item\":\"https:\\\/\\\/bogensportdiscount.ch\\\/shop\\\/\"},{\"@type\":\"ListItem\",\"position\":3,\"name\":\"BCY SERVING MATERIAL BRAIDED HALO DIA .024&#8243; JIG\"}]},{\"@type\":\"WebSite\",\"@id\":\"https:\\\/\\\/bogensportdiscount.ch\\\/#website\",\"url\":\"https:\\\/\\\/bogensportdiscount.ch\\\/\",\"name\":\"Bogensportdiscount\",\"description\":\"\",\"potentialAction\":[{\"@type\":\"SearchAction\",\"target\":{\"@type\":\"EntryPoint\",\"urlTemplate\":\"https:\\\/\\\/bogensportdiscount.ch\\\/?s={search_term_string}\"},\"query-input\":{\"@type\":\"PropertyValueSpecification\",\"valueRequired\":true,\"valueName\":\"search_term_string\"}}],\"inLanguage\":\"fr-FR\"}]}<\/script>\n<!-- \/ Yoast SEO plugin. -->","yoast_head_json":{"title":"BCY MAT\u00c9RIEL DE SERVICE HALO DIA TRESS\u00c9 0,024&quot; JIG - Bogensportdiscount \u2013 Arcs, fl\u00e8ches, cibles et accessoires","description":"BCY SERVING MATERIAL BRAIDED HALO DIA .024&quot; JIG : achetez-le \u00e0 prix avantageux chez Bogensportdiscount \u2013 Les meilleures marques, livraison rapide depuis la Suisse.","robots":{"index":"index","follow":"follow","max-snippet":"max-snippet:-1","max-image-preview":"max-image-preview:large","max-video-preview":"max-video-preview:-1"},"canonical":"https:\/\/bogensportdiscount.ch\/fr\/produit\/bcy-mittenwicklungsmaterial-braided-halo-024-jig\/","og_locale":"fr_FR","og_type":"article","og_title":"BCY MAT\u00c9RIEL DE SERVICE HALO DIA TRESS\u00c9 0,024&quot; JIG - Bogensportdiscount \u2013 Arcs, fl\u00e8ches, cibles et accessoires","og_description":"BCY SERVING MATERIAL BRAIDED HALO DIA .024&quot; JIG : achetez-le \u00e0 prix avantageux chez Bogensportdiscount \u2013 Les meilleures marques, livraison rapide depuis la Suisse.","og_url":"https:\/\/bogensportdiscount.ch\/fr\/produit\/bcy-mittenwicklungsmaterial-braided-halo-024-jig\/","og_site_name":"Bogensportdiscount \u2013 B\u00f6gen, Pfeile, Targets &amp; Zubeh\u00f6r","article_modified_time":"2026-05-14T13:25:48+00:00","og_image":[{"width":1178,"height":1351,"url":"https:\/\/bogensportdiscount.ch\/wp-content\/uploads\/bsm-images\/A023076_1.png","type":"image\/png"}],"twitter_card":"summary_large_image","schema":{"@context":"https:\/\/schema.org","@graph":[{"@type":"WebPage","@id":"https:\/\/bogensportdiscount.ch\/produkt\/bcy-mittenwicklungsmaterial-braided-halo-024-jig\/","url":"https:\/\/bogensportdiscount.ch\/produkt\/bcy-mittenwicklungsmaterial-braided-halo-024-jig\/","name":"BCY MAT\u00c9RIEL DE SERVICE HALO DIA TRESS\u00c9 0,024&quot; JIG - Bogensportdiscount \u2013 Arcs, fl\u00e8ches, cibles et accessoires","isPartOf":{"@id":"https:\/\/bogensportdiscount.ch\/#website"},"primaryImageOfPage":{"@id":"https:\/\/bogensportdiscount.ch\/produkt\/bcy-mittenwicklungsmaterial-braided-halo-024-jig\/#primaryimage"},"image":{"@id":"https:\/\/bogensportdiscount.ch\/produkt\/bcy-mittenwicklungsmaterial-braided-halo-024-jig\/#primaryimage"},"thumbnailUrl":"https:\/\/bogensportdiscount.ch\/wp-content\/uploads\/bsm-images\/A023076_1.png","datePublished":"2026-04-05T12:41:40+00:00","dateModified":"2026-05-14T13:25:48+00:00","description":"BCY SERVING MATERIAL BRAIDED HALO DIA .024&quot; JIG : achetez-le \u00e0 prix avantageux chez Bogensportdiscount \u2013 Les meilleures marques, livraison rapide depuis la Suisse.","breadcrumb":{"@id":"https:\/\/bogensportdiscount.ch\/produkt\/bcy-mittenwicklungsmaterial-braided-halo-024-jig\/#breadcrumb"},"inLanguage":"fr-FR","potentialAction":[{"@type":"ReadAction","target":["https:\/\/bogensportdiscount.ch\/produkt\/bcy-mittenwicklungsmaterial-braided-halo-024-jig\/"]}]},{"@type":"ImageObject","inLanguage":"fr-FR","@id":"https:\/\/bogensportdiscount.ch\/produkt\/bcy-mittenwicklungsmaterial-braided-halo-024-jig\/#primaryimage","url":"https:\/\/bogensportdiscount.ch\/wp-content\/uploads\/bsm-images\/A023076_1.png","contentUrl":"https:\/\/bogensportdiscount.ch\/wp-content\/uploads\/bsm-images\/A023076_1.png","width":1178,"height":1351},{"@type":"BreadcrumbList","@id":"https:\/\/bogensportdiscount.ch\/produkt\/bcy-mittenwicklungsmaterial-braided-halo-024-jig\/#breadcrumb","itemListElement":[{"@type":"ListItem","position":1,"name":"Home","item":"https:\/\/bogensportdiscount.ch\/"},{"@type":"ListItem","position":2,"name":"Shop","item":"https:\/\/bogensportdiscount.ch\/shop\/"},{"@type":"ListItem","position":3,"name":"BCY SERVING MATERIAL BRAIDED HALO DIA .024&#8243; JIG"}]},{"@type":"WebSite","@id":"https:\/\/bogensportdiscount.ch\/#website","url":"https:\/\/bogensportdiscount.ch\/","name":"Bogensportdiscount","description":"","potentialAction":[{"@type":"SearchAction","target":{"@type":"EntryPoint","urlTemplate":"https:\/\/bogensportdiscount.ch\/?s={search_term_string}"},"query-input":{"@type":"PropertyValueSpecification","valueRequired":true,"valueName":"search_term_string"}}],"inLanguage":"fr-FR"}]}},"_links":{"self":[{"href":"https:\/\/bogensportdiscount.ch\/fr\/wp-json\/wp\/v2\/product\/398873","targetHints":{"allow":["GET"]}}],"collection":[{"href":"https:\/\/bogensportdiscount.ch\/fr\/wp-json\/wp\/v2\/product"}],"about":[{"href":"https:\/\/bogensportdiscount.ch\/fr\/wp-json\/wp\/v2\/types\/product"}],"replies":[{"embeddable":true,"href":"https:\/\/bogensportdiscount.ch\/fr\/wp-json\/wp\/v2\/comments?post=398873"}],"wp:featuredmedia":[{"embeddable":true,"href":"https:\/\/bogensportdiscount.ch\/fr\/wp-json\/wp\/v2\/media\/449712"}],"wp:attachment":[{"href":"https:\/\/bogensportdiscount.ch\/fr\/wp-json\/wp\/v2\/media?parent=398873"}],"wp:term":[{"taxonomy":"product_brand","embeddable":true,"href":"https:\/\/bogensportdiscount.ch\/fr\/wp-json\/wp\/v2\/product_brand?post=398873"},{"taxonomy":"product_cat","embeddable":true,"href":"https:\/\/bogensportdiscount.ch\/fr\/wp-json\/wp\/v2\/product_cat?post=398873"},{"taxonomy":"product_tag","embeddable":true,"href":"https:\/\/bogensportdiscount.ch\/fr\/wp-json\/wp\/v2\/product_tag?post=398873"}],"curies":[{"name":"wp","href":"https:\/\/api.w.org\/{rel}","templated":true}]}}