{"id":398664,"date":"2026-04-05T14:41:21","date_gmt":"2026-04-05T12:41:21","guid":{"rendered":"https:\/\/bogensportdiscount.ch\/produkt\/serving-material-nylon-no-4-021-jig-blue\/"},"modified":"2026-04-17T13:45:27","modified_gmt":"2026-04-17T11:45:27","slug":"brownell-mittenwicklungsmaterial-nylon-no4-021-jig","status":"publish","type":"product","link":"https:\/\/bogensportdiscount.ch\/fr\/produit\/brownell-mittenwicklungsmaterial-nylon-no4-021-jig\/","title":{"rendered":"MAT\u00c9RIEL DE SERVICE BROWNELL NYLON NO.4 021 JIG"},"content":{"rendered":"<p>Das Brownell Serving Material Nylon No.4 .021 Jig ist ein Wicklungsmaterial f\u00fcr die Mitte der Bogensehne. Es wird verwendet, um den Bereich rund um den Nockpunkt zu verst\u00e4rken und die Sehne vor Verschleiss durch den Pfeilnocken zu sch\u00fctzen.<\/p>\n<p>Das Material besteht aus Nylon und ist in der St\u00e4rke .021 erh\u00e4ltlich. Die Jig-Spule eignet sich f\u00fcr die Verwendung mit einem Serving-Jig f\u00fcr eine gleichm\u00e4ssige und straffe Wicklung.<\/p>\n<ul>\n<li>Material: Nylon<\/li>\n<li>St\u00e4rke: .021<\/li>\n<li>F\u00fcr Mittenwicklung geeignet<\/li>\n<li>Erh\u00e4ltlich in 7 Farben: Schwarz, Blau, Braun, Gold, Gr\u00fcn, Rot, Weiss<\/li>\n<\/ul>","protected":false},"excerpt":{"rendered":"<p>Brownell Serving Material aus Nylon in der St\u00e4rke .021, geeignet f\u00fcr die Mittenwicklung mit einem Jig. Erh\u00e4ltlich in verschiedenen Farben: Schwarz, Blau, Braun, Gold, Gr\u00fcn, Rot und Weiss.<\/p>","protected":false},"featured_media":452485,"comment_status":"open","ping_status":"closed","template":"","meta":[],"product_brand":[592],"product_cat":[4167],"product_tag":[],"class_list":{"0":"post-398664","1":"product","2":"type-product","3":"status-publish","4":"has-post-thumbnail","6":"product_brand-brownell","7":"product_cat-serving-material-sehnen-herstellung","9":"first","10":"instock","11":"shipping-taxable","12":"purchasable","13":"product-type-variable"},"_links":{"self":[{"href":"https:\/\/bogensportdiscount.ch\/fr\/wp-json\/wp\/v2\/product\/398664","targetHints":{"allow":["GET"]}}],"collection":[{"href":"https:\/\/bogensportdiscount.ch\/fr\/wp-json\/wp\/v2\/product"}],"about":[{"href":"https:\/\/bogensportdiscount.ch\/fr\/wp-json\/wp\/v2\/types\/product"}],"replies":[{"embeddable":true,"href":"https:\/\/bogensportdiscount.ch\/fr\/wp-json\/wp\/v2\/comments?post=398664"}],"wp:featuredmedia":[{"embeddable":true,"href":"https:\/\/bogensportdiscount.ch\/fr\/wp-json\/wp\/v2\/media\/452485"}],"wp:attachment":[{"href":"https:\/\/bogensportdiscount.ch\/fr\/wp-json\/wp\/v2\/media?parent=398664"}],"wp:term":[{"taxonomy":"product_brand","embeddable":true,"href":"https:\/\/bogensportdiscount.ch\/fr\/wp-json\/wp\/v2\/product_brand?post=398664"},{"taxonomy":"product_cat","embeddable":true,"href":"https:\/\/bogensportdiscount.ch\/fr\/wp-json\/wp\/v2\/product_cat?post=398664"},{"taxonomy":"product_tag","embeddable":true,"href":"https:\/\/bogensportdiscount.ch\/fr\/wp-json\/wp\/v2\/product_tag?post=398664"}],"curies":[{"name":"wp","href":"https:\/\/api.w.org\/{rel}","templated":true}]}}